{"id":3007,"date":"2024-06-07T21:40:26","date_gmt":"2024-06-07T18:40:26","guid":{"rendered":"https:\/\/papunet.net\/pelisivut\/?page_id=3007"},"modified":"2024-10-16T10:34:31","modified_gmt":"2024-10-16T07:34:31","slug":"tietoa-pelisivuista","status":"publish","type":"page","link":"https:\/\/papunet.net\/pelisivut\/tietoa-pelisivuista\/","title":{"rendered":"Tietoa pelisivuista"},"content":{"rendered":"<p>Papunetin pelisivuilta l\u00f6yd\u00e4t ajanvietett\u00e4 kaikenik\u00e4isille. Pelisivujen sis\u00e4ll\u00f6iss\u00e4 ja helppok\u00e4ytt\u00f6isyydess\u00e4 on huomioitu ihmiset, jotka kommunikoivat ja k\u00e4ytt\u00e4v\u00e4t tietokonetta erilaisilla tavoilla. Sivuilla on<\/p>\n<ul>\n<li>pelej\u00e4<\/li>\n<li>teht\u00e4vi\u00e4<\/li>\n<li>verkkokirjoja<\/li>\n<li>galleria<\/li>\n<li>videoita.<\/li>\n<\/ul>\n<p>Pelisivujen sis\u00e4lt\u00f6j\u00e4 voi hy\u00f6dynt\u00e4\u00e4 my\u00f6s kuntoutuksessa ja opetuksessa. Sivuilla on esimerkiksi tietoa ja tarinoita selkokielell\u00e4. Lis\u00e4ksi monissa teht\u00e4viss\u00e4 voi harjoitella taitoja, joita tarvitaan kuvilla, bliss-symboleilla tai viittomilla kommunikonnissa.<\/p>\n<p>Suurin osa pelisivujen sis\u00e4ll\u00f6ist\u00e4 toimii v\u00e4lily\u00f6nti- ja rivinvaihton\u00e4pp\u00e4imill\u00e4 sek\u00e4 niit\u00e4 vastaavilla kytkimill\u00e4. Jos peli ei heti toimi v\u00e4lily\u00f6nti- tai rivinvaihton\u00e4pp\u00e4imen painalluksella, klikkaa ensin hiirt\u00e4 peli-ikkunassa. Kytkimet voidaan liitt\u00e4\u00e4 tietokoneeseen kytkinsovittimen v\u00e4lityksell\u00e4. <a href=\"https:\/\/papunet.net\/apuvalineiden-helppokayttoisyys-ja-ohjaintavat\/\">Lue lis\u00e4\u00e4 tietokoneen ohjaintavoista Papunet-verkkosivustolta.<\/a><\/p>\n<p>Monissa peleiss\u00e4 ja teht\u00e4viss\u00e4 on automaattinen \u00e4\u00e4nituki. Lis\u00e4ksi tekstit voi kuunnella uudestaan painamalla kaiutin-painiketta. <a href=\"https:\/\/papunet.net\/materiaalit\/pelit-ja-tehtavat\/\">Lue lis\u00e4\u00e4 peleist\u00e4 Papunet-verkkosivustolta<\/a>.<\/p>\n<h2>Pelien tekniset vaatimukset<\/h2>\n<p>Pelisivujen toimivuuden takaamiseksi suosittelemme k\u00e4ytt\u00e4m\u00e4\u00e4n uusinta versiota www-selainohjelmistosta. Pelit toimivat ainakin seuraavissa ilmaisissa selaimissa: Mozilla Firefox, Microsoft Edge, Google Chrome ja Apple Safari.<\/p>\n<p>Kaikki pelit toimivat my\u00f6s k\u00e4nnyk\u00e4ll\u00e4 ja tabletilla.<\/p>\n<h2>Pelisivuilla k\u00e4ytetty materiaali<\/h2>\n<p>Pelisivut on suojattu tekij\u00e4noikeuksilla. Sivujen kuva- ja \u00e4\u00e4nimateriaalin osittainenkin kopiointi ja k\u00e4ytt\u00f6 kaupallisiin tarkoituksiin on kielletty.<\/p>\n<p>Pelisivuilla k\u00e4ytet\u00e4\u00e4n seuraavien kuvapankkien kuvia luvanvaraisesti.<\/p>\n<p><a href=\"http:\/\/www.arasaac.org\/index.php\">ARASAAC Symbols<\/a><\/p>\n<p><a href=\"https:\/\/mulberrysymbols.org\/\">Mulberry Symbols <\/a><\/p>\n<p><a href=\"https:\/\/www.sclera.be\/en\/vzw\/home\">Sclera Symbols<\/a><\/p>\n<h2>Anna palautetta pelisivuista<\/h2>\n<p>Voit antaa palautetta pelisivuista <a href=\"https:\/\/papunet.net\/pelisivut\/anna-palautetta\/\">t\u00e4ll\u00e4 lomakkeella<\/a> tai l\u00e4hett\u00e4m\u00e4ll\u00e4 s\u00e4hk\u00f6postia osoitteeseen <a href=\"mailto:papunet@kvl.fi\">papunet@kvl.fi<\/a>.<\/p>\n","protected":false},"excerpt":{"rendered":"<p>Papunetin pelisivuilta l\u00f6yd\u00e4t ajanvietett\u00e4 kaikenik\u00e4isille. Pelisivujen sis\u00e4ll\u00f6iss\u00e4 ja helppok\u00e4ytt\u00f6isyydess\u00e4 on huomioitu ihmiset, jotka kommunikoivat ja k\u00e4ytt\u00e4v\u00e4t tietokonetta erilaisilla tavoilla. Sivuilla on pelej\u00e4 teht\u00e4vi\u00e4 verkkokirjoja galleria videoita. Pelisivujen sis\u00e4lt\u00f6j\u00e4 voi hy\u00f6dynt\u00e4\u00e4 my\u00f6s kuntoutuksessa ja opetuksessa. Sivuilla on esimerkiksi tietoa ja tarinoita selkokielell\u00e4. Lis\u00e4ksi monissa teht\u00e4viss\u00e4 voi harjoitella taitoja, joita tarvitaan kuvilla, bliss-symboleilla tai viittomilla kommunikonnissa. Suurin [&hellip;]<\/p>\n","protected":false},"author":14,"featured_media":0,"parent":0,"menu_order":1,"comment_status":"closed","ping_status":"closed","template":"","meta":{"_acf_changed":false,"_relevanssi_hide_post":"","_relevanssi_pin_for_all":"","_relevanssi_pin_keywords":"","_relevanssi_unpin_keywords":"","_relevanssi_related_keywords":"","_relevanssi_related_include_ids":"","_relevanssi_related_exclude_ids":"","_relevanssi_related_no_append":"","_relevanssi_related_not_related":"","_relevanssi_related_posts":"","_relevanssi_noindex_reason":"","footnotes":""},"class_list":["post-3007","page","type-page","status-publish","hentry"],"yoast_head":"<!-- This site is optimized with the Yoast SEO plugin v22.7 - https:\/\/yoast.com\/wordpress\/plugins\/seo\/ -->\n<title>Papunet &raquo; Pelisivut &raquo; Tietoa pelisivuista - Pelisivut<\/title>\n<meta name=\"robots\" content=\"index, follow, max-snippet:-1, max-image-preview:large, max-video-preview:-1\" \/>\n<link rel=\"canonical\" href=\"https:\/\/papunet.net\/pelisivut\/tietoa-pelisivuista\/\" \/>\n<meta property=\"og:locale\" content=\"fi_FI\" \/>\n<meta property=\"og:type\" content=\"article\" \/>\n<meta property=\"og:title\" content=\"Papunet &raquo; Pelisivut &raquo; Tietoa pelisivuista - Pelisivut\" \/>\n<meta property=\"og:description\" content=\"Papunetin pelisivuilta l\u00f6yd\u00e4t ajanvietett\u00e4 kaikenik\u00e4isille. Pelisivujen sis\u00e4ll\u00f6iss\u00e4 ja helppok\u00e4ytt\u00f6isyydess\u00e4 on huomioitu ihmiset, jotka kommunikoivat ja k\u00e4ytt\u00e4v\u00e4t tietokonetta erilaisilla tavoilla. Sivuilla on pelej\u00e4 teht\u00e4vi\u00e4 verkkokirjoja galleria videoita. Pelisivujen sis\u00e4lt\u00f6j\u00e4 voi hy\u00f6dynt\u00e4\u00e4 my\u00f6s kuntoutuksessa ja opetuksessa. Sivuilla on esimerkiksi tietoa ja tarinoita selkokielell\u00e4. Lis\u00e4ksi monissa teht\u00e4viss\u00e4 voi harjoitella taitoja, joita tarvitaan kuvilla, bliss-symboleilla tai viittomilla kommunikonnissa. Suurin [&hellip;]\" \/>\n<meta property=\"og:url\" content=\"https:\/\/papunet.net\/pelisivut\/tietoa-pelisivuista\/\" \/>\n<meta property=\"og:site_name\" content=\"Pelisivut\" \/>\n<meta property=\"article:modified_time\" content=\"2024-10-16T07:34:31+00:00\" \/>\n<meta name=\"twitter:card\" content=\"summary_large_image\" \/>\n<meta name=\"twitter:label1\" content=\"Arvioitu lukuaika\" \/>\n\t<meta name=\"twitter:data1\" content=\"1 minuutti\" \/>\n<script type=\"application\/ld+json\" class=\"yoast-schema-graph\">{\"@context\":\"https:\/\/schema.org\",\"@graph\":[{\"@type\":\"WebPage\",\"@id\":\"https:\/\/papunet.net\/pelisivut\/tietoa-pelisivuista\/\",\"url\":\"https:\/\/papunet.net\/pelisivut\/tietoa-pelisivuista\/\",\"name\":\"Tietoa pelisivuista - Pelisivut\",\"isPartOf\":{\"@id\":\"https:\/\/papunet.net\/pelisivut\/#website\"},\"datePublished\":\"2024-06-07T18:40:26+00:00\",\"dateModified\":\"2024-10-16T07:34:31+00:00\",\"breadcrumb\":{\"@id\":\"https:\/\/papunet.net\/pelisivut\/tietoa-pelisivuista\/#breadcrumb\"},\"inLanguage\":\"fi\",\"potentialAction\":[{\"@type\":\"ReadAction\",\"target\":[\"https:\/\/papunet.net\/pelisivut\/tietoa-pelisivuista\/\"]}]},{\"@type\":\"WebSite\",\"@id\":\"https:\/\/papunet.net\/pelisivut\/#website\",\"url\":\"https:\/\/papunet.net\/pelisivut\/\",\"name\":\"Pelisivut\",\"description\":\"\",\"potentialAction\":[{\"@type\":\"SearchAction\",\"target\":{\"@type\":\"EntryPoint\",\"urlTemplate\":\"https:\/\/papunet.net\/pelisivut\/?s={search_term_string}\"},\"query-input\":\"required name=search_term_string\"}],\"inLanguage\":\"fi\"}]}<\/script>\n<!-- \/ Yoast SEO plugin. -->","yoast_head_json":{"title":"Papunet &raquo; Pelisivut &raquo; Tietoa pelisivuista - Pelisivut","robots":{"index":"index","follow":"follow","max-snippet":"max-snippet:-1","max-image-preview":"max-image-preview:large","max-video-preview":"max-video-preview:-1"},"canonical":"https:\/\/papunet.net\/pelisivut\/tietoa-pelisivuista\/","og_locale":"fi_FI","og_type":"article","og_title":"Papunet &raquo; Pelisivut &raquo; Tietoa pelisivuista - Pelisivut","og_description":"Papunetin pelisivuilta l\u00f6yd\u00e4t ajanvietett\u00e4 kaikenik\u00e4isille. Pelisivujen sis\u00e4ll\u00f6iss\u00e4 ja helppok\u00e4ytt\u00f6isyydess\u00e4 on huomioitu ihmiset, jotka kommunikoivat ja k\u00e4ytt\u00e4v\u00e4t tietokonetta erilaisilla tavoilla. Sivuilla on pelej\u00e4 teht\u00e4vi\u00e4 verkkokirjoja galleria videoita. Pelisivujen sis\u00e4lt\u00f6j\u00e4 voi hy\u00f6dynt\u00e4\u00e4 my\u00f6s kuntoutuksessa ja opetuksessa. Sivuilla on esimerkiksi tietoa ja tarinoita selkokielell\u00e4. Lis\u00e4ksi monissa teht\u00e4viss\u00e4 voi harjoitella taitoja, joita tarvitaan kuvilla, bliss-symboleilla tai viittomilla kommunikonnissa. Suurin [&hellip;]","og_url":"https:\/\/papunet.net\/pelisivut\/tietoa-pelisivuista\/","og_site_name":"Pelisivut","article_modified_time":"2024-10-16T07:34:31+00:00","twitter_card":"summary_large_image","twitter_misc":{"Arvioitu lukuaika":"1 minuutti"},"schema":{"@context":"https:\/\/schema.org","@graph":[{"@type":"WebPage","@id":"https:\/\/papunet.net\/pelisivut\/tietoa-pelisivuista\/","url":"https:\/\/papunet.net\/pelisivut\/tietoa-pelisivuista\/","name":"Tietoa pelisivuista - Pelisivut","isPartOf":{"@id":"https:\/\/papunet.net\/pelisivut\/#website"},"datePublished":"2024-06-07T18:40:26+00:00","dateModified":"2024-10-16T07:34:31+00:00","breadcrumb":{"@id":"https:\/\/papunet.net\/pelisivut\/tietoa-pelisivuista\/#breadcrumb"},"inLanguage":"fi","potentialAction":[{"@type":"ReadAction","target":["https:\/\/papunet.net\/pelisivut\/tietoa-pelisivuista\/"]}]},{"@type":"WebSite","@id":"https:\/\/papunet.net\/pelisivut\/#website","url":"https:\/\/papunet.net\/pelisivut\/","name":"Pelisivut","description":"","potentialAction":[{"@type":"SearchAction","target":{"@type":"EntryPoint","urlTemplate":"https:\/\/papunet.net\/pelisivut\/?s={search_term_string}"},"query-input":"required name=search_term_string"}],"inLanguage":"fi"}]}},"acf":[],"_links":{"self":[{"href":"https:\/\/papunet.net\/pelisivut\/wp-json\/wp\/v2\/pages\/3007","targetHints":{"allow":["GET"]}}],"collection":[{"href":"https:\/\/papunet.net\/pelisivut\/wp-json\/wp\/v2\/pages"}],"about":[{"href":"https:\/\/papunet.net\/pelisivut\/wp-json\/wp\/v2\/types\/page"}],"author":[{"embeddable":true,"href":"https:\/\/papunet.net\/pelisivut\/wp-json\/wp\/v2\/users\/14"}],"replies":[{"embeddable":true,"href":"https:\/\/papunet.net\/pelisivut\/wp-json\/wp\/v2\/comments?post=3007"}],"version-history":[{"count":14,"href":"https:\/\/papunet.net\/pelisivut\/wp-json\/wp\/v2\/pages\/3007\/revisions"}],"predecessor-version":[{"id":3192,"href":"https:\/\/papunet.net\/pelisivut\/wp-json\/wp\/v2\/pages\/3007\/revisions\/3192"}],"wp:attachment":[{"href":"https:\/\/papunet.net\/pelisivut\/wp-json\/wp\/v2\/media?parent=3007"}],"curies":[{"name":"wp","href":"https:\/\/api.w.org\/{rel}","templated":true}]}}