{"id":3009,"date":"2024-06-08T18:29:46","date_gmt":"2024-06-08T15:29:46","guid":{"rendered":"https:\/\/papunet.net\/pelisivut\/?page_id=3009"},"modified":"2024-10-02T10:53:34","modified_gmt":"2024-10-02T07:53:34","slug":"anna-palautetta","status":"publish","type":"page","link":"https:\/\/papunet.net\/pelisivut\/anna-palautetta\/","title":{"rendered":"Anna palautetta"},"content":{"rendered":"<p>Anna palautetta pelisivujen toiminnasta, sis\u00e4ll\u00f6st\u00e4 tai ulkoasusta. Voit my\u00f6s kertoa pelitoiveitasi tai l\u00e4hett\u00e4\u00e4 ideoita sivujen kehitt\u00e4miseksi. Jos haluat vastauksen palautteeseesi, j\u00e4t\u00e4 alle my\u00f6s s\u00e4hk\u00f6postiosoitteesi. Aihe- ja Palaute-kent\u00e4t ovat pakollisia.<\/p>\n<p>Teknisiin ongelmiin l\u00f6yd\u00e4t nopeimmin vastauksen <a href=\"https:\/\/papunet.net\/pelisivut\/tietoa-pelisivuista\/\">Tietoa pelisivuista -sivulta<\/a>.<\/p>\n","protected":false},"excerpt":{"rendered":"<p>Anna palautetta pelisivujen toiminnasta, sis\u00e4ll\u00f6st\u00e4 tai ulkoasusta. Voit my\u00f6s kertoa pelitoiveitasi tai l\u00e4hett\u00e4\u00e4 ideoita sivujen kehitt\u00e4miseksi. Jos haluat vastauksen palautteeseesi, j\u00e4t\u00e4 alle my\u00f6s s\u00e4hk\u00f6postiosoitteesi. Aihe- ja Palaute-kent\u00e4t ovat pakollisia. Teknisiin ongelmiin l\u00f6yd\u00e4t nopeimmin vastauksen Tietoa pelisivuista -sivulta.<\/p>\n","protected":false},"author":14,"featured_media":0,"parent":0,"menu_order":2,"comment_status":"closed","ping_status":"closed","template":"page-feedback.php","meta":{"_acf_changed":false,"_relevanssi_hide_post":"","_relevanssi_pin_for_all":"","_relevanssi_pin_keywords":"","_relevanssi_unpin_keywords":"","_relevanssi_related_keywords":"","_relevanssi_related_include_ids":"","_relevanssi_related_exclude_ids":"","_relevanssi_related_no_append":"","_relevanssi_related_not_related":"","_relevanssi_related_posts":"","_relevanssi_noindex_reason":"","footnotes":""},"class_list":["post-3009","page","type-page","status-publish","hentry"],"yoast_head":"<!-- This site is optimized with the Yoast SEO plugin v22.7 - https:\/\/yoast.com\/wordpress\/plugins\/seo\/ -->\n<title>Papunet &raquo; Pelisivut &raquo; Anna palautetta - Pelisivut<\/title>\n<meta name=\"robots\" content=\"index, follow, max-snippet:-1, max-image-preview:large, max-video-preview:-1\" \/>\n<link rel=\"canonical\" href=\"https:\/\/papunet.net\/pelisivut\/anna-palautetta\/\" \/>\n<meta property=\"og:locale\" content=\"fi_FI\" \/>\n<meta property=\"og:type\" content=\"article\" \/>\n<meta property=\"og:title\" content=\"Papunet &raquo; Pelisivut &raquo; Anna palautetta - Pelisivut\" \/>\n<meta property=\"og:description\" content=\"Anna palautetta pelisivujen toiminnasta, sis\u00e4ll\u00f6st\u00e4 tai ulkoasusta. Voit my\u00f6s kertoa pelitoiveitasi tai l\u00e4hett\u00e4\u00e4 ideoita sivujen kehitt\u00e4miseksi. Jos haluat vastauksen palautteeseesi, j\u00e4t\u00e4 alle my\u00f6s s\u00e4hk\u00f6postiosoitteesi. Aihe- ja Palaute-kent\u00e4t ovat pakollisia. Teknisiin ongelmiin l\u00f6yd\u00e4t nopeimmin vastauksen Tietoa pelisivuista -sivulta.\" \/>\n<meta property=\"og:url\" content=\"https:\/\/papunet.net\/pelisivut\/anna-palautetta\/\" \/>\n<meta property=\"og:site_name\" content=\"Pelisivut\" \/>\n<meta property=\"article:modified_time\" content=\"2024-10-02T07:53:34+00:00\" \/>\n<meta name=\"twitter:card\" content=\"summary_large_image\" \/>\n<script type=\"application\/ld+json\" class=\"yoast-schema-graph\">{\"@context\":\"https:\/\/schema.org\",\"@graph\":[{\"@type\":\"WebPage\",\"@id\":\"https:\/\/papunet.net\/pelisivut\/anna-palautetta\/\",\"url\":\"https:\/\/papunet.net\/pelisivut\/anna-palautetta\/\",\"name\":\"Anna palautetta - Pelisivut\",\"isPartOf\":{\"@id\":\"https:\/\/papunet.net\/pelisivut\/#website\"},\"datePublished\":\"2024-06-08T15:29:46+00:00\",\"dateModified\":\"2024-10-02T07:53:34+00:00\",\"breadcrumb\":{\"@id\":\"https:\/\/papunet.net\/pelisivut\/anna-palautetta\/#breadcrumb\"},\"inLanguage\":\"fi\",\"potentialAction\":[{\"@type\":\"ReadAction\",\"target\":[\"https:\/\/papunet.net\/pelisivut\/anna-palautetta\/\"]}]},{\"@type\":\"WebSite\",\"@id\":\"https:\/\/papunet.net\/pelisivut\/#website\",\"url\":\"https:\/\/papunet.net\/pelisivut\/\",\"name\":\"Pelisivut\",\"description\":\"\",\"potentialAction\":[{\"@type\":\"SearchAction\",\"target\":{\"@type\":\"EntryPoint\",\"urlTemplate\":\"https:\/\/papunet.net\/pelisivut\/?s={search_term_string}\"},\"query-input\":\"required name=search_term_string\"}],\"inLanguage\":\"fi\"}]}<\/script>\n<!-- \/ Yoast SEO plugin. -->","yoast_head_json":{"title":"Papunet &raquo; Pelisivut &raquo; Anna palautetta - Pelisivut","robots":{"index":"index","follow":"follow","max-snippet":"max-snippet:-1","max-image-preview":"max-image-preview:large","max-video-preview":"max-video-preview:-1"},"canonical":"https:\/\/papunet.net\/pelisivut\/anna-palautetta\/","og_locale":"fi_FI","og_type":"article","og_title":"Papunet &raquo; Pelisivut &raquo; Anna palautetta - Pelisivut","og_description":"Anna palautetta pelisivujen toiminnasta, sis\u00e4ll\u00f6st\u00e4 tai ulkoasusta. Voit my\u00f6s kertoa pelitoiveitasi tai l\u00e4hett\u00e4\u00e4 ideoita sivujen kehitt\u00e4miseksi. Jos haluat vastauksen palautteeseesi, j\u00e4t\u00e4 alle my\u00f6s s\u00e4hk\u00f6postiosoitteesi. Aihe- ja Palaute-kent\u00e4t ovat pakollisia. Teknisiin ongelmiin l\u00f6yd\u00e4t nopeimmin vastauksen Tietoa pelisivuista -sivulta.","og_url":"https:\/\/papunet.net\/pelisivut\/anna-palautetta\/","og_site_name":"Pelisivut","article_modified_time":"2024-10-02T07:53:34+00:00","twitter_card":"summary_large_image","schema":{"@context":"https:\/\/schema.org","@graph":[{"@type":"WebPage","@id":"https:\/\/papunet.net\/pelisivut\/anna-palautetta\/","url":"https:\/\/papunet.net\/pelisivut\/anna-palautetta\/","name":"Anna palautetta - Pelisivut","isPartOf":{"@id":"https:\/\/papunet.net\/pelisivut\/#website"},"datePublished":"2024-06-08T15:29:46+00:00","dateModified":"2024-10-02T07:53:34+00:00","breadcrumb":{"@id":"https:\/\/papunet.net\/pelisivut\/anna-palautetta\/#breadcrumb"},"inLanguage":"fi","potentialAction":[{"@type":"ReadAction","target":["https:\/\/papunet.net\/pelisivut\/anna-palautetta\/"]}]},{"@type":"WebSite","@id":"https:\/\/papunet.net\/pelisivut\/#website","url":"https:\/\/papunet.net\/pelisivut\/","name":"Pelisivut","description":"","potentialAction":[{"@type":"SearchAction","target":{"@type":"EntryPoint","urlTemplate":"https:\/\/papunet.net\/pelisivut\/?s={search_term_string}"},"query-input":"required name=search_term_string"}],"inLanguage":"fi"}]}},"acf":[],"_links":{"self":[{"href":"https:\/\/papunet.net\/pelisivut\/wp-json\/wp\/v2\/pages\/3009","targetHints":{"allow":["GET"]}}],"collection":[{"href":"https:\/\/papunet.net\/pelisivut\/wp-json\/wp\/v2\/pages"}],"about":[{"href":"https:\/\/papunet.net\/pelisivut\/wp-json\/wp\/v2\/types\/page"}],"author":[{"embeddable":true,"href":"https:\/\/papunet.net\/pelisivut\/wp-json\/wp\/v2\/users\/14"}],"replies":[{"embeddable":true,"href":"https:\/\/papunet.net\/pelisivut\/wp-json\/wp\/v2\/comments?post=3009"}],"version-history":[{"count":6,"href":"https:\/\/papunet.net\/pelisivut\/wp-json\/wp\/v2\/pages\/3009\/revisions"}],"predecessor-version":[{"id":3202,"href":"https:\/\/papunet.net\/pelisivut\/wp-json\/wp\/v2\/pages\/3009\/revisions\/3202"}],"wp:attachment":[{"href":"https:\/\/papunet.net\/pelisivut\/wp-json\/wp\/v2\/media?parent=3009"}],"curies":[{"name":"wp","href":"https:\/\/api.w.org\/{rel}","templated":true}]}}