{"id":3173,"date":"2024-06-28T16:06:25","date_gmt":"2024-06-28T13:06:25","guid":{"rendered":"https:\/\/papunet.net\/pelisivut\/?page_id=3173"},"modified":"2025-01-07T14:54:49","modified_gmt":"2025-01-07T12:54:49","slug":"saavutettavuusseloste","status":"publish","type":"page","link":"https:\/\/papunet.net\/pelisivut\/saavutettavuusseloste\/","title":{"rendered":"Saavutettavuusseloste"},"content":{"rendered":"<p>T\u00e4m\u00e4 saavutettavuusseloste koskee palvelua www.papunet.net\/pelisivut ja on laadittu 23.10.2024. Palvelua koskee laki digitaalisten palvelujen tarjoamisesta, jossa edellytet\u00e4\u00e4n, ett\u00e4 <span data-teams=\"true\"><span class=\"ui-provider a b c d e f g h i j k l m n o p q r s t u v w x y z ab ac ae af ag ah ai aj ak\" dir=\"ltr\">palvelun tulee t\u00e4ytt\u00e4\u00e4 tietyt saavutettavuusvaatimukset<\/span><\/span>. Olemme arvioineet palvelun saavutettavuuden itse.<\/p>\n<h2 class=\"wp-block-heading\">Digipalvelun saavutettavuuden tila<\/h2>\n<p>Verkkopalvelu t\u00e4ytt\u00e4\u00e4 saavutettavuusvaatimukset osittain.<\/p>\n<h2 class=\"wp-block-heading\">Ei-saavutettava sis\u00e4lt\u00f6<\/h2>\n<p>Verkkosivusto ei ole viel\u00e4 kaikilta osin vaatimusten mukainen.<\/p>\n<p>Papunetin pelisivuilla on pelej\u00e4, teht\u00e4vi\u00e4 ja tarinoita, joissa on saavutettavuuspuutteita. Peleiss\u00e4, teht\u00e4viss\u00e4 ja tarinoissa on esimerkiksi puutteellisesti merkittyj\u00e4 tekstivastineita ja otsikkotasoja, tekstimuotoista sis\u00e4lt\u00f6\u00e4 on esitetty kuvana, kaikkia toiminnallisuuksia ei voi k\u00e4ytt\u00e4\u00e4 n\u00e4pp\u00e4imist\u00f6ll\u00e4 eiv\u00e4tk\u00e4 kaikki sis\u00e4ll\u00f6t ole responsiivisia.<\/p>\n<p>Esimerkkej\u00e4 saavutettavuusvaatimuksista, jotka eiv\u00e4t t\u00e4yty<\/p>\n<ul class=\"wp-block-list\">\n<li>1.1.1 Ei-visuaalinen sis\u00e4lt\u00f6<\/li>\n<li>1.3.1 Informaatio ja suhteet<\/li>\n<li>1.3.2. Merkitykseen vaikuttava j\u00e4rjestys<\/li>\n<li>1.4.3 Kontrasti<\/li>\n<li>1.4.5 Teksti\u00e4 esitt\u00e4v\u00e4t kuvat<\/li>\n<li>1.4.10 Responsiivisuus<\/li>\n<li>2.1.1 N\u00e4pp\u00e4imist\u00f6k\u00e4ytt\u00f6<\/li>\n<li>2.1.2 Ei n\u00e4pp\u00e4imist\u00f6ansaa<\/li>\n<li>2.4.7 N\u00e4kyv\u00e4 kohdistus<\/li>\n<li>4.1.2 Nimi, rooli, arvo<\/li>\n<\/ul>\n<p>Kaikki pelimme eiv\u00e4t ole viel\u00e4 t\u00e4ysin saavutettavia, mutta teemme parhaamme varmistaaksemme, ett\u00e4 nykyiset ja tulevat pelimme ovat mahdollisimman saavutettavia kaikille k\u00e4ytt\u00e4jille.<\/p>\n<h2 class=\"wp-block-heading\">Saavutettavuuspalaute<\/h2>\n<p>Huomasitko saavutettavuuspuutteen digipalvelussamme? Kerro siit\u00e4 meille, niin teemme parhaamme puutteen korjaamiseksi.<\/p>\n<p>Voit ilmoittaa saavutettavuuspuutteesta <a href=\"https:\/\/papunet.net\/pelisivut\/anna-palautetta\/\">t\u00e4ll\u00e4 verkkolomakkeella<\/a> tai s\u00e4hk\u00f6postilla osoitteeseen <a href=\"mailto:papunet@kvl.fi\">papunet@kvl.fi<\/a>.<\/p>\n<h2 class=\"wp-block-heading\">Valvontaviranomainen<\/h2>\n<p>Jos huomaat sivustolla saavutettavuusongelmia, anna ensin palautetta meille eli sivuston yll\u00e4pit\u00e4j\u00e4lle. Vastauksessa voi menn\u00e4 14 p\u00e4iv\u00e4\u00e4. Jos et ole tyytyv\u00e4inen saamaasi vastaukseen tai et saa vastausta lainkaan kahden viikon aikana, voit tehd\u00e4 ilmoituksen <a href=\"https:\/\/www.saavutettavuusvaatimukset.fi\/fi\/kayttajan-oikeudet\/tee-saavutettavuuskantelu-tai-pyyda-selvitysta\">Liikenne- ja viestint\u00e4virasto Traficomiin<\/a>. Traficomin sivulla kerrotaan tarkasti, miten ilmoituksen voi tehd\u00e4 ja miten asia k\u00e4sitell\u00e4\u00e4n.<\/p>\n<h3 class=\"wp-block-heading\">Valvontaviranomaisen yhteystiedot<\/h3>\n<p>Liikenne- ja viestint\u00e4virasto Traficom<br \/>\nDigitaalisen esteett\u00f6myyden ja saavutettavuuden valvontayksikk\u00f6<br \/>\n<a href=\"http:\/\/www.saavutettavuusvaatimukset.fi\">www.saavutettavuusvaatimukset.fi<\/a><br \/>\n<a href=\"mailto:saavutettavuus@traficom.fi\">saavutettavuus@traficom.fi<\/a><br \/>\npuhelinnumero vaihde 029 534 5000<\/p>\n","protected":false},"excerpt":{"rendered":"<p>T\u00e4m\u00e4 saavutettavuusseloste koskee palvelua www.papunet.net\/pelisivut ja on laadittu 23.10.2024. Palvelua koskee laki digitaalisten palvelujen tarjoamisesta, jossa edellytet\u00e4\u00e4n, ett\u00e4 palvelun tulee t\u00e4ytt\u00e4\u00e4 tietyt saavutettavuusvaatimukset. Olemme arvioineet palvelun saavutettavuuden itse. Digipalvelun saavutettavuuden tila Verkkopalvelu t\u00e4ytt\u00e4\u00e4 saavutettavuusvaatimukset osittain. Ei-saavutettava sis\u00e4lt\u00f6 Verkkosivusto ei ole viel\u00e4 kaikilta osin vaatimusten mukainen. Papunetin pelisivuilla on pelej\u00e4, teht\u00e4vi\u00e4 ja tarinoita, joissa on saavutettavuuspuutteita. [&hellip;]<\/p>\n","protected":false},"author":14,"featured_media":0,"parent":0,"menu_order":9999,"comment_status":"closed","ping_status":"closed","template":"","meta":{"_acf_changed":false,"_relevanssi_hide_post":"","_relevanssi_pin_for_all":"","_relevanssi_pin_keywords":"","_relevanssi_unpin_keywords":"","_relevanssi_related_keywords":"","_relevanssi_related_include_ids":"","_relevanssi_related_exclude_ids":"","_relevanssi_related_no_append":"","_relevanssi_related_not_related":"","_relevanssi_related_posts":"","_relevanssi_noindex_reason":"","footnotes":""},"class_list":["post-3173","page","type-page","status-publish","hentry"],"yoast_head":"<!-- This site is optimized with the Yoast SEO plugin v22.7 - https:\/\/yoast.com\/wordpress\/plugins\/seo\/ -->\n<title>Papunet &raquo; Pelisivut &raquo; Saavutettavuusseloste - Pelisivut<\/title>\n<meta name=\"robots\" content=\"index, follow, max-snippet:-1, max-image-preview:large, max-video-preview:-1\" \/>\n<link rel=\"canonical\" href=\"https:\/\/papunet.net\/pelisivut\/saavutettavuusseloste\/\" \/>\n<meta property=\"og:locale\" content=\"fi_FI\" \/>\n<meta property=\"og:type\" content=\"article\" \/>\n<meta property=\"og:title\" content=\"Papunet &raquo; Pelisivut &raquo; Saavutettavuusseloste - Pelisivut\" \/>\n<meta property=\"og:description\" content=\"T\u00e4m\u00e4 saavutettavuusseloste koskee palvelua www.papunet.net\/pelisivut ja on laadittu 23.10.2024. Palvelua koskee laki digitaalisten palvelujen tarjoamisesta, jossa edellytet\u00e4\u00e4n, ett\u00e4 palvelun tulee t\u00e4ytt\u00e4\u00e4 tietyt saavutettavuusvaatimukset. Olemme arvioineet palvelun saavutettavuuden itse. Digipalvelun saavutettavuuden tila Verkkopalvelu t\u00e4ytt\u00e4\u00e4 saavutettavuusvaatimukset osittain. Ei-saavutettava sis\u00e4lt\u00f6 Verkkosivusto ei ole viel\u00e4 kaikilta osin vaatimusten mukainen. Papunetin pelisivuilla on pelej\u00e4, teht\u00e4vi\u00e4 ja tarinoita, joissa on saavutettavuuspuutteita. [&hellip;]\" \/>\n<meta property=\"og:url\" content=\"https:\/\/papunet.net\/pelisivut\/saavutettavuusseloste\/\" \/>\n<meta property=\"og:site_name\" content=\"Pelisivut\" \/>\n<meta property=\"article:modified_time\" content=\"2025-01-07T12:54:49+00:00\" \/>\n<meta name=\"twitter:card\" content=\"summary_large_image\" \/>\n<meta name=\"twitter:label1\" content=\"Arvioitu lukuaika\" \/>\n\t<meta name=\"twitter:data1\" content=\"1 minuutti\" \/>\n<script type=\"application\/ld+json\" class=\"yoast-schema-graph\">{\"@context\":\"https:\/\/schema.org\",\"@graph\":[{\"@type\":\"WebPage\",\"@id\":\"https:\/\/papunet.net\/pelisivut\/saavutettavuusseloste\/\",\"url\":\"https:\/\/papunet.net\/pelisivut\/saavutettavuusseloste\/\",\"name\":\"Saavutettavuusseloste - Pelisivut\",\"isPartOf\":{\"@id\":\"https:\/\/papunet.net\/pelisivut\/#website\"},\"datePublished\":\"2024-06-28T13:06:25+00:00\",\"dateModified\":\"2025-01-07T12:54:49+00:00\",\"breadcrumb\":{\"@id\":\"https:\/\/papunet.net\/pelisivut\/saavutettavuusseloste\/#breadcrumb\"},\"inLanguage\":\"fi\",\"potentialAction\":[{\"@type\":\"ReadAction\",\"target\":[\"https:\/\/papunet.net\/pelisivut\/saavutettavuusseloste\/\"]}]},{\"@type\":\"WebSite\",\"@id\":\"https:\/\/papunet.net\/pelisivut\/#website\",\"url\":\"https:\/\/papunet.net\/pelisivut\/\",\"name\":\"Pelisivut\",\"description\":\"\",\"potentialAction\":[{\"@type\":\"SearchAction\",\"target\":{\"@type\":\"EntryPoint\",\"urlTemplate\":\"https:\/\/papunet.net\/pelisivut\/?s={search_term_string}\"},\"query-input\":\"required name=search_term_string\"}],\"inLanguage\":\"fi\"}]}<\/script>\n<!-- \/ Yoast SEO plugin. -->","yoast_head_json":{"title":"Papunet &raquo; Pelisivut &raquo; Saavutettavuusseloste - Pelisivut","robots":{"index":"index","follow":"follow","max-snippet":"max-snippet:-1","max-image-preview":"max-image-preview:large","max-video-preview":"max-video-preview:-1"},"canonical":"https:\/\/papunet.net\/pelisivut\/saavutettavuusseloste\/","og_locale":"fi_FI","og_type":"article","og_title":"Papunet &raquo; Pelisivut &raquo; Saavutettavuusseloste - Pelisivut","og_description":"T\u00e4m\u00e4 saavutettavuusseloste koskee palvelua www.papunet.net\/pelisivut ja on laadittu 23.10.2024. Palvelua koskee laki digitaalisten palvelujen tarjoamisesta, jossa edellytet\u00e4\u00e4n, ett\u00e4 palvelun tulee t\u00e4ytt\u00e4\u00e4 tietyt saavutettavuusvaatimukset. Olemme arvioineet palvelun saavutettavuuden itse. Digipalvelun saavutettavuuden tila Verkkopalvelu t\u00e4ytt\u00e4\u00e4 saavutettavuusvaatimukset osittain. Ei-saavutettava sis\u00e4lt\u00f6 Verkkosivusto ei ole viel\u00e4 kaikilta osin vaatimusten mukainen. Papunetin pelisivuilla on pelej\u00e4, teht\u00e4vi\u00e4 ja tarinoita, joissa on saavutettavuuspuutteita. [&hellip;]","og_url":"https:\/\/papunet.net\/pelisivut\/saavutettavuusseloste\/","og_site_name":"Pelisivut","article_modified_time":"2025-01-07T12:54:49+00:00","twitter_card":"summary_large_image","twitter_misc":{"Arvioitu lukuaika":"1 minuutti"},"schema":{"@context":"https:\/\/schema.org","@graph":[{"@type":"WebPage","@id":"https:\/\/papunet.net\/pelisivut\/saavutettavuusseloste\/","url":"https:\/\/papunet.net\/pelisivut\/saavutettavuusseloste\/","name":"Saavutettavuusseloste - Pelisivut","isPartOf":{"@id":"https:\/\/papunet.net\/pelisivut\/#website"},"datePublished":"2024-06-28T13:06:25+00:00","dateModified":"2025-01-07T12:54:49+00:00","breadcrumb":{"@id":"https:\/\/papunet.net\/pelisivut\/saavutettavuusseloste\/#breadcrumb"},"inLanguage":"fi","potentialAction":[{"@type":"ReadAction","target":["https:\/\/papunet.net\/pelisivut\/saavutettavuusseloste\/"]}]},{"@type":"WebSite","@id":"https:\/\/papunet.net\/pelisivut\/#website","url":"https:\/\/papunet.net\/pelisivut\/","name":"Pelisivut","description":"","potentialAction":[{"@type":"SearchAction","target":{"@type":"EntryPoint","urlTemplate":"https:\/\/papunet.net\/pelisivut\/?s={search_term_string}"},"query-input":"required name=search_term_string"}],"inLanguage":"fi"}]}},"acf":[],"_links":{"self":[{"href":"https:\/\/papunet.net\/pelisivut\/wp-json\/wp\/v2\/pages\/3173","targetHints":{"allow":["GET"]}}],"collection":[{"href":"https:\/\/papunet.net\/pelisivut\/wp-json\/wp\/v2\/pages"}],"about":[{"href":"https:\/\/papunet.net\/pelisivut\/wp-json\/wp\/v2\/types\/page"}],"author":[{"embeddable":true,"href":"https:\/\/papunet.net\/pelisivut\/wp-json\/wp\/v2\/users\/14"}],"replies":[{"embeddable":true,"href":"https:\/\/papunet.net\/pelisivut\/wp-json\/wp\/v2\/comments?post=3173"}],"version-history":[{"count":5,"href":"https:\/\/papunet.net\/pelisivut\/wp-json\/wp\/v2\/pages\/3173\/revisions"}],"predecessor-version":[{"id":3231,"href":"https:\/\/papunet.net\/pelisivut\/wp-json\/wp\/v2\/pages\/3173\/revisions\/3231"}],"wp:attachment":[{"href":"https:\/\/papunet.net\/pelisivut\/wp-json\/wp\/v2\/media?parent=3173"}],"curies":[{"name":"wp","href":"https:\/\/api.w.org\/{rel}","templated":true}]}}