{"id":10,"date":"2022-10-19T14:32:31","date_gmt":"2022-10-19T11:32:31","guid":{"rendered":"https:\/\/papunet.net\/saavutettavuus\/?page_id=10"},"modified":"2023-04-03T12:14:44","modified_gmt":"2023-04-03T09:14:44","slug":"lagar-och-normer","status":"publish","type":"page","link":"https:\/\/papunet.net\/saavutettavuus\/pa-svenska\/lagar-och-normer\/","title":{"rendered":"Lagar och normer"},"content":{"rendered":"\n<p>Best\u00e4llaren av en webbtj\u00e4nst och utvecklarna av tj\u00e4nsten ska bekanta sig med lagstiftning om tillg\u00e4nglighet och om vad lagen f\u00f6ruts\u00e4tter av webbtj\u00e4nsten.<\/p>\n<p>Det \u00e4r sk\u00e4l att ocks\u00e5 anv\u00e4ndarna av webbtj\u00e4nsten bekantar sig med lagstiftningen, s\u00e5 att de k\u00e4nner till sina egna r\u00e4ttigheter.<\/p>\n<h2>Lagen f\u00f6rpliktar till att g\u00f6ra webbsidor tillg\u00e4ngliga<\/h2>\n<p>Enligt diskrimineringslagen ska producenter av tj\u00e4nster f\u00f6r allm\u00e4nheten g\u00f6ra sina webbsidor tillg\u00e4ngliga f\u00f6r alla.<\/p>\n<p>Om exempelvis anv\u00e4ndare med olika slag av funktionsneds\u00e4ttning inte kan anv\u00e4nda en webbtj\u00e4nst, kan de h\u00e4nvisa till diskrimineringslagens moment om f\u00f6rbud mot diskriminering och om rimliga anpassningar.<\/p>\n<p>P\u00e5 basis av diskrimineringslagen kan producenter av webbtj\u00e4nster \u00e5l\u00e4ggas att g\u00f6ra rimliga anpassningar i sina tj\u00e4nster, s\u00e5 att alla kan anv\u00e4nda dem p\u00e5 ett j\u00e4mlikt s\u00e4tt.<\/p>\n<p>I EU:s tillg\u00e4nglighetsdirektiv fr\u00e5n 2016 \u00e5l\u00e4ggs alla akt\u00f6rer inom den offentliga sektorn att g\u00f6ra sina webbtj\u00e4nster och mobila applikationer tillg\u00e4ngliga. I Finlands nationella lagstiftning ing\u00e5r tillg\u00e4nglighetsdirektivet som <a href=\"https:\/\/www.finlex.fi\/sv\/laki\/alkup\/2019\/20190306\">lagen om tillhandah\u00e5llande av digitala tj\u00e4nster<\/a>.<\/p>\n<p>EU:s kommande <a href=\"https:\/\/stm.fi\/sv\/tillganglighetsdirektivet\">tillg\u00e4nglighetsdirektiv<\/a> fastst\u00e4ller att ocks\u00e5 fysiska produkter och tj\u00e4nster ska vara \u00e5tkomliga och tillg\u00e4ngliga. Tillg\u00e4nglighetsdirektivet g\u00e4ller ocks\u00e5 privata produkter och tj\u00e4nster.<\/p>\n<p><a href=\"http:\/\/finlex.fi\/sv\/laki\/ajantasa\/2003\/20030434\">F\u00f6rvaltningslagen<\/a> \u00e5l\u00e4gger myndigheter att producera tj\u00e4nster p\u00e5 ett s\u00e5dant s\u00e4tt att de \u00e4r tillg\u00e4ngliga f\u00f6r alla p\u00e5 ett j\u00e4mlikt s\u00e4tt. Tj\u00e4nsterna ska produceras s\u00e5 att de \u00e4r tillg\u00e4ngliga f\u00f6r specialgrupper i samh\u00e4llet. Myndigheterna ska ocks\u00e5 anv\u00e4nda ett sakligt, klart och begripligt spr\u00e5k.<\/p>\n\n<a href=\"https:\/\/papunet.net\/saavutettavuus\/pa-svenska\/lagar-och-normer\/lagen-om-tillhandahallande-av-digitala-tjanster\/\" class=\"wp-block-tiptip-hyperlink-group-block\">\n<div class=\"wp-block-media-text alignwide\" style=\"grid-template-columns:15% auto\">\n<figure class=\"wp-block-media-text__media\"><img loading=\"lazy\" decoding=\"async\" width=\"300\" height=\"300\" src=\"https:\/\/papunet.net\/saavutettavuus\/pa-svenska\/wp-content\/uploads\/sites\/2\/2023\/02\/saavutettavuus.png\" alt=\"\" class=\"wp-image-399 size-full img-responsive\" srcset=\"https:\/\/papunet.net\/saavutettavuus\/pa-svenska\/wp-content\/uploads\/sites\/2\/2023\/02\/saavutettavuus.png 300w, https:\/\/papunet.net\/saavutettavuus\/pa-svenska\/wp-content\/uploads\/sites\/2\/2023\/02\/saavutettavuus-150x150.png 150w\" sizes=\"auto, (max-width: 300px) 100vw, 300px\" \/><\/figure><div class=\"wp-block-media-text__content\">\n<h2 class=\"wp-block-heading\">Lagen om tillhandah\u00e5llande av digitala tj\u00e4nster<\/h2>\n\n\n\n<p>Information om EU:s tillg\u00e4nglighetsdirektiv, som g\u00e4ller den offentliga sektorns webbsidor och mobila applikationer.<\/p>\n<\/div>\n<\/div>\n<\/a>\n\n<a href=\"https:\/\/papunet.net\/saavutettavuus\/pa-svenska\/lagar-och-normer\/europeiska-standarden-en-301-549\/\" class=\"wp-block-tiptip-hyperlink-group-block\">\n<div class=\"wp-block-media-text alignwide\" style=\"grid-template-columns:15% auto\">\n<figure class=\"wp-block-media-text__media\"><img loading=\"lazy\" decoding=\"async\" width=\"300\" height=\"300\" src=\"https:\/\/papunet.net\/saavutettavuus\/pa-svenska\/wp-content\/uploads\/sites\/2\/2023\/02\/eurooppalainen_standardi.png\" alt=\"\" class=\"wp-image-400 size-full img-responsive\" srcset=\"https:\/\/papunet.net\/saavutettavuus\/pa-svenska\/wp-content\/uploads\/sites\/2\/2023\/02\/eurooppalainen_standardi.png 300w, https:\/\/papunet.net\/saavutettavuus\/pa-svenska\/wp-content\/uploads\/sites\/2\/2023\/02\/eurooppalainen_standardi-150x150.png 150w\" sizes=\"auto, (max-width: 300px) 100vw, 300px\" \/><\/figure><div class=\"wp-block-media-text__content\">\n<h2 class=\"wp-block-heading\">Den europeiska standarden EN 301 549<\/h2>\n\n\n\n<p>Information om standarden EN 301 549, som g\u00e4ller anskaffningar av IKT-produkter inom den offentliga sektorn.<\/p>\n<\/div>\n<\/div>\n<\/a>\n\n<a href=\"https:\/\/papunet.net\/saavutettavuus\/pa-svenska\/lagar-och-normer\/tillganglighetsdirektivet-accessibility-act\/\" class=\"wp-block-tiptip-hyperlink-group-block\">\n<div class=\"wp-block-media-text alignwide\" style=\"grid-template-columns:15% auto\">\n<figure class=\"wp-block-media-text__media\"><img loading=\"lazy\" decoding=\"async\" width=\"300\" height=\"300\" src=\"https:\/\/papunet.net\/saavutettavuus\/pa-svenska\/wp-content\/uploads\/sites\/2\/2023\/02\/esteettomyys.png\" alt=\"\" class=\"wp-image-401 size-full img-responsive\" srcset=\"https:\/\/papunet.net\/saavutettavuus\/pa-svenska\/wp-content\/uploads\/sites\/2\/2023\/02\/esteettomyys.png 300w, https:\/\/papunet.net\/saavutettavuus\/pa-svenska\/wp-content\/uploads\/sites\/2\/2023\/02\/esteettomyys-150x150.png 150w\" sizes=\"auto, (max-width: 300px) 100vw, 300px\" \/><\/figure><div class=\"wp-block-media-text__content\">\n<h2 class=\"wp-block-heading\">Tillg\u00e4nglighetsdirektivet<\/h2>\n\n\n\n<p>Information om tillg\u00e4nglighetsdirektivet, som g\u00e4ller tj\u00e4nster f\u00f6r allm\u00e4nheten.<\/p>\n<\/div>\n<\/div>\n<\/a>\n\n<a href=\"https:\/\/papunet.net\/saavutettavuus\/pa-svenska\/lagar-och-normer\/fns-konvention-om-rattigheter-for-personer-med-funktionsnedsattning\/\" class=\"wp-block-tiptip-hyperlink-group-block\">\n<div class=\"wp-block-media-text alignwide\" style=\"grid-template-columns:15% auto\">\n<figure class=\"wp-block-media-text__media\"><img loading=\"lazy\" decoding=\"async\" width=\"300\" height=\"300\" src=\"https:\/\/papunet.net\/saavutettavuus\/pa-svenska\/wp-content\/uploads\/sites\/2\/2023\/02\/ykn_yleissopimus.png\" alt=\"\" class=\"wp-image-402 size-full img-responsive\" srcset=\"https:\/\/papunet.net\/saavutettavuus\/pa-svenska\/wp-content\/uploads\/sites\/2\/2023\/02\/ykn_yleissopimus.png 300w, https:\/\/papunet.net\/saavutettavuus\/pa-svenska\/wp-content\/uploads\/sites\/2\/2023\/02\/ykn_yleissopimus-150x150.png 150w\" sizes=\"auto, (max-width: 300px) 100vw, 300px\" \/><\/figure><div class=\"wp-block-media-text__content\">\n<h2 class=\"wp-block-heading\">FN:s konvention om r\u00e4ttigheter f\u00f6r personer med funktionsneds\u00e4ttning<\/h2>\n\n\n\n<p>Information om FN:s funktionshinderkonvention, som f\u00f6rbjuder diskriminering p\u00e5 grund av funktionsneds\u00e4ttning.<\/p>\n<\/div>\n<\/div>\n<\/a>\n\n<a href=\"https:\/\/papunet.net\/saavutettavuus\/pa-svenska\/lagar-och-normer\/diskrimineringslagen\/\" class=\"wp-block-tiptip-hyperlink-group-block\">\n<div class=\"wp-block-media-text alignwide\" style=\"grid-template-columns:15% auto\">\n<figure class=\"wp-block-media-text__media\"><img loading=\"lazy\" decoding=\"async\" width=\"300\" height=\"300\" src=\"https:\/\/papunet.net\/saavutettavuus\/pa-svenska\/wp-content\/uploads\/sites\/2\/2023\/02\/yhdenvertaisuus.png\" alt=\"\" class=\"wp-image-403 size-full img-responsive\" srcset=\"https:\/\/papunet.net\/saavutettavuus\/pa-svenska\/wp-content\/uploads\/sites\/2\/2023\/02\/yhdenvertaisuus.png 300w, https:\/\/papunet.net\/saavutettavuus\/pa-svenska\/wp-content\/uploads\/sites\/2\/2023\/02\/yhdenvertaisuus-150x150.png 150w\" sizes=\"auto, (max-width: 300px) 100vw, 300px\" \/><\/figure><div class=\"wp-block-media-text__content\">\n<h2 class=\"wp-block-heading\">Diskrimineringslagen<\/h2>\n\n\n\n<p>Information om j\u00e4mlikhet, rimliga anpassningar och deras betydelse f\u00f6r anv\u00e4ndare och serviceproducenter.<\/p>\n<\/div>\n<\/div>\n<\/a>\n\n","protected":false},"excerpt":{"rendered":"<p>Best\u00e4llaren av en webbtj\u00e4nst och utvecklarna av tj\u00e4nsten ska bekanta sig med lagstiftning om tillg\u00e4nglighet och om vad lagen f\u00f6ruts\u00e4tter av webbtj\u00e4nsten. Det \u00e4r sk\u00e4l att ocks\u00e5 anv\u00e4ndarna av webbtj\u00e4nsten bekantar sig med lagstiftningen, s\u00e5 att [&hellip;]<span class=\"moretag\">L\u00e4s mer \u2026<\/span><\/p>\n","protected":false},"author":1,"featured_media":69,"parent":0,"menu_order":3,"comment_status":"closed","ping_status":"closed","template":"","meta":{"_acf_changed":false,"footnotes":""},"class_list":["post-10","page","type-page","status-publish","has-post-thumbnail","hentry"],"acf":[],"_links":{"self":[{"href":"https:\/\/papunet.net\/saavutettavuus\/pa-svenska\/wp-json\/wp\/v2\/pages\/10","targetHints":{"allow":["GET"]}}],"collection":[{"href":"https:\/\/papunet.net\/saavutettavuus\/pa-svenska\/wp-json\/wp\/v2\/pages"}],"about":[{"href":"https:\/\/papunet.net\/saavutettavuus\/pa-svenska\/wp-json\/wp\/v2\/types\/page"}],"author":[{"embeddable":true,"href":"https:\/\/papunet.net\/saavutettavuus\/pa-svenska\/wp-json\/wp\/v2\/users\/1"}],"replies":[{"embeddable":true,"href":"https:\/\/papunet.net\/saavutettavuus\/pa-svenska\/wp-json\/wp\/v2\/comments?post=10"}],"version-history":[{"count":0,"href":"https:\/\/papunet.net\/saavutettavuus\/pa-svenska\/wp-json\/wp\/v2\/pages\/10\/revisions"}],"wp:featuredmedia":[{"embeddable":true,"href":"https:\/\/papunet.net\/saavutettavuus\/pa-svenska\/wp-json\/wp\/v2\/media\/69"}],"wp:attachment":[{"href":"https:\/\/papunet.net\/saavutettavuus\/pa-svenska\/wp-json\/wp\/v2\/media?parent=10"}],"curies":[{"name":"wp","href":"https:\/\/api.w.org\/{rel}","templated":true}]}}