{"id":100,"date":"2022-10-26T12:33:43","date_gmt":"2022-10-26T09:33:43","guid":{"rendered":"https:\/\/papunet.net\/saavutettavuus\/?page_id=100"},"modified":"2022-12-08T12:22:22","modified_gmt":"2022-12-08T10:22:22","slug":"skarmlasningsprogram","status":"publish","type":"page","link":"https:\/\/papunet.net\/saavutettavuus\/pa-svenska\/varfor-tillgangligt\/assisterande-teknik\/skarmlasningsprogram\/","title":{"rendered":"Sk\u00e4rml\u00e4sningsprogram"},"content":{"rendered":"\n<p>Sk\u00e4rml\u00e4sningsprogram \u00e4r assisterande program som anv\u00e4nds av personer med synskador. Med hj\u00e4lp av programmen l\u00e4ses inneh\u00e5llet p\u00e5 webbsidan upp f\u00f6r en anv\u00e4ndare. Sk\u00e4rml\u00e4sningsprogram erbjuder ocks\u00e5 helt blinda personer m\u00f6jlighet att styra terminalutrustningen och att uppfatta inneh\u00e5llet.<\/p>\n<p>Anv\u00e4ndare av sk\u00e4rml\u00e4sningsprogram styr datorn med tangentkommandon. Apparater med peksk\u00e4rm styrs med fingergester med ett eller flera fingrar.<\/p>\n<p>Att l\u00e4sa webbsidor med ett sk\u00e4rml\u00e4sningsprogram kr\u00e4ver<\/p>\n<ol>\n<li>att de olika objekten p\u00e5 sidan har gjorts l\u00e4tta att uppfatta och<\/li>\n<li>att de olika objekten p\u00e5 sidan \u00e4r m\u00f6jliga att anv\u00e4nda enbart med tangentbord.<\/li>\n<\/ol>\n<p>F\u00f6r att exempelvis bilder ska kunna tolkas, b\u00f6r man till dem l\u00e4gga till separat textmotsvarighet. Sk\u00e4rml\u00e4sningsprogrammen l\u00e4ser upp textmotsvarigheten f\u00f6r anv\u00e4ndaren s\u00e5 att ocks\u00e5 en blind person ska kunna veta vad bilden inneh\u00e5ller.<\/p>\n<p>Alla funktioner p\u00e5 webbplatsen ska ocks\u00e5 kunna anv\u00e4ndas enbart med tangentbord. Exempelvis ska alla punkter som fylls i p\u00e5 en webblankett vara s\u00e5dana att de kan anv\u00e4ndas utan mus.<\/p>\n<p>Sk\u00e4rml\u00e4sningsprogram kan ber\u00e4tta f\u00f6r anv\u00e4ndaren om den semantiska betydelsen f\u00f6r det objekt som valts p\u00e5 sidan. Om det valda objektet \u00e4r en rubrik, l\u00e4nk eller bild, upplyser sk\u00e4rml\u00e4sningsprogrammet anv\u00e4ndaren om detta.<\/p>\n<p>F\u00f6r att sk\u00e4rml\u00e4sningsprogram ska fungera r\u00e4tt, m\u00e5ste rubriker p\u00e5 webbsidor och i andra textdokument markeras med html-element som anger att det \u00e4r fr\u00e5ga om en rubrik. Att g\u00f6ra texten st\u00f6rre f\u00f6r att markera en rubrik fr\u00e5n vanlig br\u00f6dtext \u00e4r inte ett rekommenderat s\u00e4tt.<\/p>\n<p>Om rubriken \u00e4r markerad r\u00e4tt kan sk\u00e4rml\u00e4sningsprogrammet informera anv\u00e4ndaren att det \u00e4r fr\u00e5ga om en rubrik. Anv\u00e4ndaren kan ocks\u00e5 vid behov l\u00e4sa enbart webbsidans rubriker. Det \u00e4r vanligt att de som anv\u00e4nder sk\u00e4rml\u00e4sningsprogram l\u00e4ser enbart rubrikerna p\u00e5 webbsidan f\u00f6r att snabbt och enkelt hitta det v\u00e4sentliga inneh\u00e5llet.<\/p>\n\n","protected":false},"excerpt":{"rendered":"<p>Sk\u00e4rml\u00e4sningsprogram \u00e4r assisterande program som anv\u00e4nds av personer med synskador. Med hj\u00e4lp av programmen l\u00e4ses inneh\u00e5llet p\u00e5 webbsidan upp f\u00f6r en anv\u00e4ndare. Sk\u00e4rml\u00e4sningsprogram erbjuder ocks\u00e5 helt blinda personer m\u00f6jlighet att styra terminalutrustningen och att uppfatta inneh\u00e5llet. [&hellip;]<span class=\"moretag\">L\u00e4s mer \u2026<\/span><\/p>\n","protected":false},"author":10,"featured_media":0,"parent":92,"menu_order":4,"comment_status":"closed","ping_status":"closed","template":"","meta":{"_acf_changed":false,"footnotes":""},"class_list":["post-100","page","type-page","status-publish","hentry"],"acf":[],"_links":{"self":[{"href":"https:\/\/papunet.net\/saavutettavuus\/pa-svenska\/wp-json\/wp\/v2\/pages\/100","targetHints":{"allow":["GET"]}}],"collection":[{"href":"https:\/\/papunet.net\/saavutettavuus\/pa-svenska\/wp-json\/wp\/v2\/pages"}],"about":[{"href":"https:\/\/papunet.net\/saavutettavuus\/pa-svenska\/wp-json\/wp\/v2\/types\/page"}],"author":[{"embeddable":true,"href":"https:\/\/papunet.net\/saavutettavuus\/pa-svenska\/wp-json\/wp\/v2\/users\/10"}],"replies":[{"embeddable":true,"href":"https:\/\/papunet.net\/saavutettavuus\/pa-svenska\/wp-json\/wp\/v2\/comments?post=100"}],"version-history":[{"count":0,"href":"https:\/\/papunet.net\/saavutettavuus\/pa-svenska\/wp-json\/wp\/v2\/pages\/100\/revisions"}],"up":[{"embeddable":true,"href":"https:\/\/papunet.net\/saavutettavuus\/pa-svenska\/wp-json\/wp\/v2\/pages\/92"}],"wp:attachment":[{"href":"https:\/\/papunet.net\/saavutettavuus\/pa-svenska\/wp-json\/wp\/v2\/media?parent=100"}],"curies":[{"name":"wp","href":"https:\/\/api.w.org\/{rel}","templated":true}]}}