{"id":102,"date":"2022-10-26T12:36:41","date_gmt":"2022-10-26T09:36:41","guid":{"rendered":"https:\/\/papunet.net\/saavutettavuus\/?page_id=102"},"modified":"2022-12-08T12:27:58","modified_gmt":"2022-12-08T10:27:58","slug":"byte-av-presentationssatt","status":"publish","type":"page","link":"https:\/\/papunet.net\/saavutettavuus\/pa-svenska\/varfor-tillgangligt\/assisterande-teknik\/byte-av-presentationssatt\/","title":{"rendered":"Byte av presentationss\u00e4tt"},"content":{"rendered":"\n<p>Vissa anv\u00e4ndare, exempelvis personer med nedsatt syn och personer med kognitiva sv\u00e5righeter, kan l\u00e4sa inneh\u00e5llet p\u00e5 webbsidor genom att \u00e4ndra p\u00e5 presentationss\u00e4ttet. Exempelvis kan man \u00e4ndra p\u00e5 textens storlek eller d\u00f6lja element p\u00e5 webbsidan som st\u00f6r l\u00e4sningen.<\/p>\n<p>Byte av presentationss\u00e4tt f\u00f6r inneh\u00e5llet p\u00e5 webbsidor kan ske med olika program eller insticksprogram f\u00f6r webbl\u00e4saren. Vissa webbl\u00e4sare har s\u00e5dana h\u00e4r egenskaper inbyggda.<\/p>\n<p>Byte av presentationss\u00e4tt kan g\u00f6ras bland annat p\u00e5 f\u00f6ljande s\u00e4tt:<\/p>\n<ul>\n<li>Genom att \u00e4ndra textens storlek, typsnitt, f\u00e4rg och radavst\u00e5nd.<\/li>\n<li>Genom att \u00e4ndra f\u00e4rgen p\u00e5 bakgrunden.<\/li>\n<li>Genom att d\u00f6lja ov\u00e4sentligt inneh\u00e5ll p\u00e5 sidorna, s\u00e5som navigationsl\u00e4nkar, reklamer, fotnoter o.d.<\/li>\n<li>Det \u00e4r m\u00f6jligt att l\u00e4gga till en lyssna-knapp p\u00e5 webbsidan, som l\u00e4ser upp sidans inneh\u00e5ll f\u00f6r anv\u00e4ndaren.<\/li>\n<\/ul>\n\n","protected":false},"excerpt":{"rendered":"<p>Vissa anv\u00e4ndare, exempelvis personer med nedsatt syn och personer med kognitiva sv\u00e5righeter, kan l\u00e4sa inneh\u00e5llet p\u00e5 webbsidor genom att \u00e4ndra p\u00e5 presentationss\u00e4ttet. Exempelvis kan man \u00e4ndra p\u00e5 textens storlek eller d\u00f6lja element p\u00e5 webbsidan som st\u00f6r [&hellip;]<span class=\"moretag\">L\u00e4s mer \u2026<\/span><\/p>\n","protected":false},"author":10,"featured_media":0,"parent":92,"menu_order":5,"comment_status":"closed","ping_status":"closed","template":"","meta":{"_acf_changed":false,"footnotes":""},"class_list":["post-102","page","type-page","status-publish","hentry"],"acf":[],"_links":{"self":[{"href":"https:\/\/papunet.net\/saavutettavuus\/pa-svenska\/wp-json\/wp\/v2\/pages\/102","targetHints":{"allow":["GET"]}}],"collection":[{"href":"https:\/\/papunet.net\/saavutettavuus\/pa-svenska\/wp-json\/wp\/v2\/pages"}],"about":[{"href":"https:\/\/papunet.net\/saavutettavuus\/pa-svenska\/wp-json\/wp\/v2\/types\/page"}],"author":[{"embeddable":true,"href":"https:\/\/papunet.net\/saavutettavuus\/pa-svenska\/wp-json\/wp\/v2\/users\/10"}],"replies":[{"embeddable":true,"href":"https:\/\/papunet.net\/saavutettavuus\/pa-svenska\/wp-json\/wp\/v2\/comments?post=102"}],"version-history":[{"count":0,"href":"https:\/\/papunet.net\/saavutettavuus\/pa-svenska\/wp-json\/wp\/v2\/pages\/102\/revisions"}],"up":[{"embeddable":true,"href":"https:\/\/papunet.net\/saavutettavuus\/pa-svenska\/wp-json\/wp\/v2\/pages\/92"}],"wp:attachment":[{"href":"https:\/\/papunet.net\/saavutettavuus\/pa-svenska\/wp-json\/wp\/v2\/media?parent=102"}],"curies":[{"name":"wp","href":"https:\/\/api.w.org\/{rel}","templated":true}]}}