{"id":104,"date":"2022-10-26T12:44:33","date_gmt":"2022-10-26T09:44:33","guid":{"rendered":"https:\/\/papunet.net\/saavutettavuus\/?page_id=104"},"modified":"2023-02-21T09:29:10","modified_gmt":"2023-02-21T07:29:10","slug":"markor-som-styrs-med-ogonrorelser","status":"publish","type":"page","link":"https:\/\/papunet.net\/saavutettavuus\/pa-svenska\/varfor-tillgangligt\/assisterande-teknik\/markor-som-styrs-med-ogonrorelser\/","title":{"rendered":"Mark\u00f6r som styrs med \u00f6gonr\u00f6relser"},"content":{"rendered":"\n<p>Personer som inte kan anv\u00e4nda h\u00e4nderna kan styra mark\u00f6ren p\u00e5 sk\u00e4rmen med hj\u00e4lp av \u00f6gonr\u00f6relser. F\u00f6r exempelvis en person som \u00e4r f\u00f6rlamad i armar och ben \u00e4r en mark\u00f6r som styrs med \u00f6gonr\u00f6relser ett bra s\u00e4tt att styra datorn p\u00e5.<\/p>\n\n\n\n<p>Apparaten kan identifiera den punkt p\u00e5 sk\u00e4rmen som anv\u00e4ndaren har riktat sin blick p\u00e5.<\/p>\n\n\n\n<p>Om anv\u00e4ndaren l\u00e4ser en webbsida med hj\u00e4lp av \u00f6gonr\u00f6relser \u00e4r det till nytta f\u00f6r hen om de aktiva objekten (att klicka\/trycka p\u00e5) p\u00e5 sk\u00e4rmen \u00e4r tillr\u00e4ckligt stora.<\/p>\n\n\n\n<p>Att klicka p\u00e5 en punkt fungerar antingen med Dwell-funktionen (programmet v\u00e4ljer den punkt som blicken dr\u00f6jer kvar vid en l\u00e4ngre tid) eller p\u00e5 n\u00e5got externt s\u00e4tt. F\u00f6r det externa s\u00e4ttet kan man anv\u00e4nda sig av en man\u00f6verkontakt som kan best\u00e5 av en f\u00f6r anv\u00e4ndaren l\u00e4mplig knapp eller exempelvis en man\u00f6verkontakt som reagerar p\u00e5 blinkning.<\/p>\n\n\n\n<p>Med sensorer f\u00f6r \u00f6gonr\u00f6relser medf\u00f6ljer ofta ocks\u00e5 program f\u00f6r att skapa skriven text. Programmen kan inneh\u00e5lla automatiska f\u00f6rslag till de ord som ska skrivas. Den h\u00e4r egenskapen g\u00f6r skrivandet avsev\u00e4rt mycket snabbare.<\/p>\n\n\n\n<figure class=\"wp-block-image alignnone size-full wp-image-105 size-medium\"><img loading=\"lazy\" decoding=\"async\" width=\"460\" height=\"249\" src=\"https:\/\/papunet.net\/saavutettavuus\/pa-svenska\/wp-content\/uploads\/sites\/2\/2022\/10\/katseohjaus.jpg\" alt=\"\" class=\"wp-image-105 img-responsive\" srcset=\"https:\/\/papunet.net\/saavutettavuus\/pa-svenska\/wp-content\/uploads\/sites\/2\/2022\/10\/katseohjaus.jpg 460w, https:\/\/papunet.net\/saavutettavuus\/pa-svenska\/wp-content\/uploads\/sites\/2\/2022\/10\/katseohjaus-300x162.jpg 300w\" sizes=\"auto, (max-width: 460px) 100vw, 460px\" \/><figcaption class=\"wp-element-caption\"><em>N\u00e4r man anv\u00e4nder blicken f\u00f6r styrning av datorn riktas blicken mot \u00f6nskad punkt p\u00e5 sk\u00e4rmen och blicken dr\u00f6jer kvar vid punkten en viss tid. Bild: Tikoteekki<\/em><\/figcaption><\/figure>\n\n\n\n<p>P\u00e5 finska, Papunets sidor: <a href=\"https:\/\/papunet.net\/tietoa\/tabletit-apuvalinekaytossa\">Lue lis\u00e4\u00e4 tietokoneen ohjaintavoista Papunetin Apuv\u00e4linesivuilta.<\/a><\/p>\n\n","protected":false},"excerpt":{"rendered":"<p>Personer som inte kan anv\u00e4nda h\u00e4nderna kan styra mark\u00f6ren p\u00e5 sk\u00e4rmen med hj\u00e4lp av \u00f6gonr\u00f6relser. F\u00f6r exempelvis en person som \u00e4r f\u00f6rlamad i armar och ben \u00e4r en mark\u00f6r som styrs med \u00f6gonr\u00f6relser ett bra s\u00e4tt [&hellip;]<span class=\"moretag\">L\u00e4s mer \u2026<\/span><\/p>\n","protected":false},"author":10,"featured_media":0,"parent":92,"menu_order":7,"comment_status":"closed","ping_status":"closed","template":"","meta":{"_acf_changed":false,"footnotes":""},"class_list":["post-104","page","type-page","status-publish","hentry"],"acf":[],"_links":{"self":[{"href":"https:\/\/papunet.net\/saavutettavuus\/pa-svenska\/wp-json\/wp\/v2\/pages\/104","targetHints":{"allow":["GET"]}}],"collection":[{"href":"https:\/\/papunet.net\/saavutettavuus\/pa-svenska\/wp-json\/wp\/v2\/pages"}],"about":[{"href":"https:\/\/papunet.net\/saavutettavuus\/pa-svenska\/wp-json\/wp\/v2\/types\/page"}],"author":[{"embeddable":true,"href":"https:\/\/papunet.net\/saavutettavuus\/pa-svenska\/wp-json\/wp\/v2\/users\/10"}],"replies":[{"embeddable":true,"href":"https:\/\/papunet.net\/saavutettavuus\/pa-svenska\/wp-json\/wp\/v2\/comments?post=104"}],"version-history":[{"count":0,"href":"https:\/\/papunet.net\/saavutettavuus\/pa-svenska\/wp-json\/wp\/v2\/pages\/104\/revisions"}],"up":[{"embeddable":true,"href":"https:\/\/papunet.net\/saavutettavuus\/pa-svenska\/wp-json\/wp\/v2\/pages\/92"}],"wp:attachment":[{"href":"https:\/\/papunet.net\/saavutettavuus\/pa-svenska\/wp-json\/wp\/v2\/media?parent=104"}],"curies":[{"name":"wp","href":"https:\/\/api.w.org\/{rel}","templated":true}]}}