{"id":109,"date":"2022-10-26T13:06:00","date_gmt":"2022-10-26T10:06:00","guid":{"rendered":"https:\/\/papunet.net\/saavutettavuus\/?page_id=109"},"modified":"2023-02-02T11:04:11","modified_gmt":"2023-02-02T09:04:11","slug":"allman-information-om-tillganglighet","status":"publish","type":"page","link":"https:\/\/papunet.net\/saavutettavuus\/pa-svenska\/varfor-tillgangligt\/andra-kallor-och-lankar\/allman-information-om-tillganglighet\/","title":{"rendered":"Allm\u00e4n information om tillg\u00e4nglighet"},"content":{"rendered":"\n<p>Andra webbplatser d\u00e4r man f\u00f6rdjupar sig i tillg\u00e4nglighetsfr\u00e5gor ur olika synvinklar.<\/p>\n<h2><a href=\"https:\/\/www.apple.com\/accessibility\/\">Apple<\/a><\/h2>\n<p>P\u00e5 Apples sidor om tillg\u00e4nglighet finns mycket information om inbyggda tillg\u00e4nglighetsegenskaper i Apples egna produkter.<\/p>\n<h2><a href=\"https:\/\/www.google.com\/accessibility\/\">Google<\/a><\/h2>\n<p>Google har p\u00e5 sina tillg\u00e4nglighetssidor samlat information om tillg\u00e4nglighet i sina egna produkter. P\u00e5 webbplatsen finns anvisningar om tillg\u00e4nglighet f\u00f6r utvecklare av och inneh\u00e5llsproducenter f\u00f6r webbplatser.<\/p>\n<h2><a href=\"https:\/\/www.ibm.com\/able\/\">IBM<\/a><\/h2>\n<p>IBM:s webbplats om tillg\u00e4nglighet inneh\u00e5ller information om IBM:s egen tillg\u00e4nglighetsforskning. P\u00e5 webbplatsen finns ocks\u00e5 m\u00e5nga praktiska anvisningar f\u00f6r utvecklare av tillg\u00e4ngliga webbplatser.<\/p>\n<h2><a href=\"https:\/\/www.microsoft.com\/en-us\/accessibility\/\">Microsoft<\/a><\/h2>\n<p>P\u00e5 Microsofts webbplats om tillg\u00e4nglighet finns mycket information om tillg\u00e4nglighet f\u00f6r olika anv\u00e4ndare och anvisningar f\u00f6r utvecklare av webbplatser. P\u00e5 webbplatsen finns ocks\u00e5 anvisningar om hur man exempelvis skapar tillg\u00e4ngliga Word-dokument.<\/p>\n<h2><a href=\"https:\/\/developer.mozilla.org\/en-US\/docs\/Learn\/Accessibility\">Mozilla Foundation<\/a><\/h2>\n<p>Mozilla Foundation har samlat m\u00e5nga nyttiga och praktiska anvisningar och tips om tillg\u00e4nglighet f\u00f6r utvecklare av webbplatser.<\/p>\n<h2><a href=\"http:\/\/webaim.org\/\">WebAIM \u2013 Web Accessibility in Mind<\/a><\/h2>\n<p>P\u00e5 webbplatsen om tillg\u00e4nglighet, som underh\u00e5lls av delstaten Utah, finns p\u00e5 ett mycket helt\u00e4ckande s\u00e4tt information och anvisningar om webbtillg\u00e4nglighet. P\u00e5 webbplatsen finns ocks\u00e5 detaljerade anvisningar om hur exempelvis tillg\u00e4ngliga Word- och PDF-dokument skapas.<\/p>\n<h2><a href=\"https:\/\/www.w3.org\/standards\/webdesign\/accessibility\">World Wide Web Consortium (W3C)<\/a><\/h2>\n<p>W3C \u00e4r ett internationellt konsortium som utvecklar och underh\u00e5ller WWW-standarderna. P\u00e5 W3C:s tillg\u00e4nglighetssidor finns mycket helt\u00e4ckande information och anvisningar om webbtillg\u00e4nglighet. W3C har ocks\u00e5 utvecklat riktlinjer f\u00f6r webbtillg\u00e4nglighet (WCAG 2.1), som anv\u00e4nds som grund f\u00f6r m\u00e5nga andra anvisningar och ofta ocks\u00e5 f\u00f6r lagstiftning om tillg\u00e4nglighetsfr\u00e5gor.<\/p>\n\n","protected":false},"excerpt":{"rendered":"<p>Andra webbplatser d\u00e4r man f\u00f6rdjupar sig i tillg\u00e4nglighetsfr\u00e5gor ur olika synvinklar. Apple P\u00e5 Apples sidor om tillg\u00e4nglighet finns mycket information om inbyggda tillg\u00e4nglighetsegenskaper i Apples egna produkter. Google Google har p\u00e5 sina tillg\u00e4nglighetssidor samlat information om [&hellip;]<span class=\"moretag\">L\u00e4s mer \u2026<\/span><\/p>\n","protected":false},"author":10,"featured_media":0,"parent":108,"menu_order":1,"comment_status":"closed","ping_status":"closed","template":"","meta":{"_acf_changed":false,"footnotes":""},"class_list":["post-109","page","type-page","status-publish","hentry"],"acf":[],"_links":{"self":[{"href":"https:\/\/papunet.net\/saavutettavuus\/pa-svenska\/wp-json\/wp\/v2\/pages\/109","targetHints":{"allow":["GET"]}}],"collection":[{"href":"https:\/\/papunet.net\/saavutettavuus\/pa-svenska\/wp-json\/wp\/v2\/pages"}],"about":[{"href":"https:\/\/papunet.net\/saavutettavuus\/pa-svenska\/wp-json\/wp\/v2\/types\/page"}],"author":[{"embeddable":true,"href":"https:\/\/papunet.net\/saavutettavuus\/pa-svenska\/wp-json\/wp\/v2\/users\/10"}],"replies":[{"embeddable":true,"href":"https:\/\/papunet.net\/saavutettavuus\/pa-svenska\/wp-json\/wp\/v2\/comments?post=109"}],"version-history":[{"count":0,"href":"https:\/\/papunet.net\/saavutettavuus\/pa-svenska\/wp-json\/wp\/v2\/pages\/109\/revisions"}],"up":[{"embeddable":true,"href":"https:\/\/papunet.net\/saavutettavuus\/pa-svenska\/wp-json\/wp\/v2\/pages\/108"}],"wp:attachment":[{"href":"https:\/\/papunet.net\/saavutettavuus\/pa-svenska\/wp-json\/wp\/v2\/media?parent=109"}],"curies":[{"name":"wp","href":"https:\/\/api.w.org\/{rel}","templated":true}]}}