{"id":11,"date":"2022-10-19T14:33:14","date_gmt":"2022-10-19T11:33:14","guid":{"rendered":"https:\/\/papunet.net\/saavutettavuus\/?page_id=11"},"modified":"2023-04-03T12:16:52","modified_gmt":"2023-04-03T09:16:52","slug":"anvisningar-och-guider","status":"publish","type":"page","link":"https:\/\/papunet.net\/saavutettavuus\/pa-svenska\/anvisningar-och-guider\/","title":{"rendered":"Anvisningar och guider"},"content":{"rendered":"\n<p>P\u00e5 den h\u00e4r sidan finns anvisningar och guider om hur man skapar tillg\u00e4ngliga webbplatser. Anv\u00e4nd och dra nytta av anvisningarna i planeringen, utvecklingen och utv\u00e4rderingen av webbplatser. Delvis kan anvisningarna med sk\u00e4l ocks\u00e5 utnyttjas n\u00e4r man utvecklar mobila applikationer.<\/p>\n<p>WCAG 2.1 (<a href=\"https:\/\/papunet.net\/saavutettavuus\/pa-svenska\/anvisningar-och-guider\/riktlinjer-for-teknisk-tillganglighet-wcag\/\">Riktlinjer f\u00f6r tillg\u00e4ngligt webbinneh\u00e5ll<\/a>) \u00e4r de mest anv\u00e4nda riktlinjerna och anvisningarna om att skapa och utv\u00e4rdera tillg\u00e4ngliga webbplatser. De utg\u00f6r ocks\u00e5 en grund f\u00f6r tillg\u00e4nglighetslagstiftningen. Det \u00e4r sk\u00e4l att noggrant bekanta sig med WCAG 2.1:s framg\u00e5ngskriterier f\u00f6r tillg\u00e4nglighet.<\/p>\n<p><a href=\"https:\/\/papunet.net\/saavutettavuus\/pa-svenska\/anvisningar-och-guider\/planeringsguide-om-tillgangliga-webbsidor\/\">I planeringsguiden om tillg\u00e4ngliga webbsidor<\/a> har vi samlat anvisningar och tips med vilkas hj\u00e4lp webbsidor kan g\u00f6ras mer tillg\u00e4ngliga och till sin anv\u00e4ndbarhet b\u00e4ttre f\u00f6r alla anv\u00e4ndare. Det \u00e4r sk\u00e4l att bekanta sig med planeringsguiden redan innan man b\u00f6rjar planera och utveckla en webbplats.<\/p>\n<p><a href=\"https:\/\/papunet.net\/saavutettavuus\/pa-svenska\/anvisningar-och-guider\/snabbguider-till-tillganglighet\/\">Snabbguiderna<\/a> \u00e4r listor om tillg\u00e4nglighet som st\u00f6d f\u00f6r minnet. Snabbguiderna har utarbetats f\u00f6r sakkunniga som i olika roller arbetar med webbprojekt.<\/p>\n<p><a href=\"https:\/\/papunet.net\/saavutettavuus\/pa-svenska\/anvisningar-och-guider\/lattlast-och-latt-sprak-pa-webbsidor\/\">P\u00e5 sidorna om l\u00e4ttl\u00e4st spr\u00e5k<\/a> p\u00e5 webbsidor ges information om l\u00e4ttl\u00e4st och l\u00e4tt spr\u00e5k och tips om hur sidor till sitt inneh\u00e5ll kan g\u00f6ras s\u00e5 begripliga som m\u00f6jligt.<\/p>\n<p><a href=\"https:\/\/papunet.net\/saavutettavuus\/pa-svenska\/anvisningar-och-guider\/utvardering-av-tillganglighet\/\">I delarna om utv\u00e4rdering av tillg\u00e4nglighet<\/a> finns anvisningar om hur man utv\u00e4rderar tillg\u00e4nglighet. Det \u00e4r sk\u00e4l att kontinuerligt utv\u00e4rdera webbplatsens tillg\u00e4nglighet under hela den tid den \u00e4r aktiv.<\/p>\n\n<a href=\"https:\/\/papunet.net\/saavutettavuus\/pa-svenska\/anvisningar-och-guider\/riktlinjer-for-teknisk-tillganglighet-wcag\/\" class=\"wp-block-tiptip-hyperlink-group-block\">\n<div class=\"wp-block-media-text alignwide\" style=\"grid-template-columns:15% auto\">\n<figure class=\"wp-block-media-text__media\"><img loading=\"lazy\" decoding=\"async\" width=\"300\" height=\"300\" src=\"https:\/\/papunet.net\/saavutettavuus\/pa-svenska\/wp-content\/uploads\/sites\/2\/2023\/02\/wcag21_globe.png\" alt=\"\" class=\"wp-image-404 size-full img-responsive\" srcset=\"https:\/\/papunet.net\/saavutettavuus\/pa-svenska\/wp-content\/uploads\/sites\/2\/2023\/02\/wcag21_globe.png 300w, https:\/\/papunet.net\/saavutettavuus\/pa-svenska\/wp-content\/uploads\/sites\/2\/2023\/02\/wcag21_globe-150x150.png 150w\" sizes=\"auto, (max-width: 300px) 100vw, 300px\" \/><\/figure><div class=\"wp-block-media-text__content\">\n<h2 class=\"wp-block-heading\">WCAG 2.1 riktlinjer<\/h2>\n\n\n\n<p>WCAG 2.1 \u00e4r riktlinjer och anvisningar som allm\u00e4nt anv\u00e4nds f\u00f6r att utv\u00e4rdera och granska tillg\u00e4nglighet.<\/p>\n<\/div>\n<\/div>\n<\/a>\n\n<a href=\"https:\/\/papunet.net\/saavutettavuus\/pa-svenska\/anvisningar-och-guider\/snabbguider-till-tillganglighet\/\" class=\"wp-block-tiptip-hyperlink-group-block\">\n<div class=\"wp-block-media-text alignwide\" style=\"grid-template-columns:15% auto\">\n<figure class=\"wp-block-media-text__media\"><img loading=\"lazy\" decoding=\"async\" width=\"300\" height=\"300\" src=\"https:\/\/papunet.net\/saavutettavuus\/pa-svenska\/wp-content\/uploads\/sites\/2\/2023\/02\/pienet_oppaat1.png\" alt=\"\" class=\"wp-image-405 size-full img-responsive\" srcset=\"https:\/\/papunet.net\/saavutettavuus\/pa-svenska\/wp-content\/uploads\/sites\/2\/2023\/02\/pienet_oppaat1.png 300w, https:\/\/papunet.net\/saavutettavuus\/pa-svenska\/wp-content\/uploads\/sites\/2\/2023\/02\/pienet_oppaat1-150x150.png 150w\" sizes=\"auto, (max-width: 300px) 100vw, 300px\" \/><\/figure><div class=\"wp-block-media-text__content\">\n<h2 class=\"wp-block-heading\">Snabbguider till tillg\u00e4nglighet<\/h2>\n\n\n\n<p>Snabbguider och minneslistor f\u00f6r planerare, kodare, inneh\u00e5llsproducenter, utv\u00e4rderare av webbplatser och f\u00f6r alla som \u00e4r intresserade av tillg\u00e4nglighet.<\/p>\n<\/div>\n<\/div>\n<\/a>\n\n<a href=\"https:\/\/papunet.net\/saavutettavuus\/pa-svenska\/anvisningar-och-guider\/planeringsguide-om-tillgangliga-webbsidor\/\" class=\"wp-block-tiptip-hyperlink-group-block\">\n<div class=\"wp-block-media-text alignwide\" style=\"grid-template-columns:15% auto\">\n<figure class=\"wp-block-media-text__media\"><img loading=\"lazy\" decoding=\"async\" width=\"300\" height=\"300\" src=\"https:\/\/papunet.net\/saavutettavuus\/pa-svenska\/wp-content\/uploads\/sites\/2\/2023\/02\/opaskirja.png\" alt=\"\" class=\"wp-image-406 size-full img-responsive\" srcset=\"https:\/\/papunet.net\/saavutettavuus\/pa-svenska\/wp-content\/uploads\/sites\/2\/2023\/02\/opaskirja.png 300w, https:\/\/papunet.net\/saavutettavuus\/pa-svenska\/wp-content\/uploads\/sites\/2\/2023\/02\/opaskirja-150x150.png 150w\" sizes=\"auto, (max-width: 300px) 100vw, 300px\" \/><\/figure><div class=\"wp-block-media-text__content\">\n<h2 class=\"wp-block-heading\">Planeringsguide om tillg\u00e4ngliga webbsidor<\/h2>\n\n\n\n<p>Klara och konkreta anvisningar f\u00f6r personer som arbetar med att utveckla webbsidor.<\/p>\n<\/div>\n<\/div>\n<\/a>\n\n<a href=\"https:\/\/papunet.net\/saavutettavuus\/pa-svenska\/anvisningar-och-guider\/lattanvanda-webbsidor\/\" class=\"wp-block-tiptip-hyperlink-group-block\">\n<div class=\"wp-block-media-text alignwide\" style=\"grid-template-columns:15% auto\">\n<figure class=\"wp-block-media-text__media\"><img loading=\"lazy\" decoding=\"async\" width=\"300\" height=\"300\" src=\"https:\/\/papunet.net\/saavutettavuus\/pa-svenska\/wp-content\/uploads\/sites\/2\/2023\/02\/helppokayttoiset_verkkosivut.png\" alt=\"\" class=\"wp-image-407 size-full img-responsive\" srcset=\"https:\/\/papunet.net\/saavutettavuus\/pa-svenska\/wp-content\/uploads\/sites\/2\/2023\/02\/helppokayttoiset_verkkosivut.png 300w, https:\/\/papunet.net\/saavutettavuus\/pa-svenska\/wp-content\/uploads\/sites\/2\/2023\/02\/helppokayttoiset_verkkosivut-150x150.png 150w\" sizes=\"auto, (max-width: 300px) 100vw, 300px\" \/><\/figure><div class=\"wp-block-media-text__content\">\n<h2 class=\"wp-block-heading\">L\u00e4ttanv\u00e4nda webbsidor<\/h2>\n\n\n\n<p>Tips om att producera en anv\u00e4ndbar webbtj\u00e4nst.<\/p>\n<\/div>\n<\/div>\n<\/a>\n\n<a href=\"https:\/\/papunet.net\/saavutettavuus\/pa-svenska\/anvisningar-och-guider\/lattlast-och-latt-sprak-pa-webbsidor\/\" class=\"wp-block-tiptip-hyperlink-group-block\">\n<div class=\"wp-block-media-text alignwide\" style=\"grid-template-columns:15% auto\">\n<figure class=\"wp-block-media-text__media\"><img loading=\"lazy\" decoding=\"async\" width=\"300\" height=\"300\" src=\"https:\/\/papunet.net\/saavutettavuus\/pa-svenska\/wp-content\/uploads\/sites\/2\/2023\/02\/selkologo.png\" alt=\"\" class=\"wp-image-408 size-full img-responsive\" srcset=\"https:\/\/papunet.net\/saavutettavuus\/pa-svenska\/wp-content\/uploads\/sites\/2\/2023\/02\/selkologo.png 300w, https:\/\/papunet.net\/saavutettavuus\/pa-svenska\/wp-content\/uploads\/sites\/2\/2023\/02\/selkologo-150x150.png 150w\" sizes=\"auto, (max-width: 300px) 100vw, 300px\" \/><\/figure><div class=\"wp-block-media-text__content\">\n<h2 class=\"wp-block-heading\">L\u00e4ttl\u00e4st och l\u00e4tt spr\u00e5k p\u00e5 webbsidor<\/h2>\n\n\n\n<p>Anvisningar om hur man bygger upp en l\u00e4ttl\u00e4st webbplats eller en del av den.<\/p>\n<\/div>\n<\/div>\n<\/a>\n\n<a href=\"https:\/\/papunet.net\/saavutettavuus\/pa-svenska\/anvisningar-och-guider\/utvardering-av-tillganglighet\/\" class=\"wp-block-tiptip-hyperlink-group-block\">\n<div class=\"wp-block-media-text alignwide\" style=\"grid-template-columns:15% auto\">\n<figure class=\"wp-block-media-text__media\"><img loading=\"lazy\" decoding=\"async\" width=\"300\" height=\"300\" src=\"https:\/\/papunet.net\/saavutettavuus\/pa-svenska\/wp-content\/uploads\/sites\/2\/2023\/02\/sivujen_arviointi.png\" alt=\"\" class=\"wp-image-409 size-full img-responsive\" srcset=\"https:\/\/papunet.net\/saavutettavuus\/pa-svenska\/wp-content\/uploads\/sites\/2\/2023\/02\/sivujen_arviointi.png 300w, https:\/\/papunet.net\/saavutettavuus\/pa-svenska\/wp-content\/uploads\/sites\/2\/2023\/02\/sivujen_arviointi-150x150.png 150w\" sizes=\"auto, (max-width: 300px) 100vw, 300px\" \/><\/figure><div class=\"wp-block-media-text__content\">\n<h2 class=\"wp-block-heading\">Utv\u00e4rdering av tillg\u00e4nglighet<\/h2>\n\n\n\n<p>Anvisningar om hur tillg\u00e4nglighet kan utv\u00e4rderas med olika metoder.<\/p>\n<\/div>\n<\/div>\n<\/a>\n\n","protected":false},"excerpt":{"rendered":"<p>P\u00e5 den h\u00e4r sidan finns anvisningar och guider om hur man skapar tillg\u00e4ngliga webbplatser. Anv\u00e4nd och dra nytta av anvisningarna i planeringen, utvecklingen och utv\u00e4rderingen av webbplatser. Delvis kan anvisningarna med sk\u00e4l ocks\u00e5 utnyttjas n\u00e4r man [&hellip;]<span class=\"moretag\">L\u00e4s mer \u2026<\/span><\/p>\n","protected":false},"author":1,"featured_media":456,"parent":0,"menu_order":4,"comment_status":"closed","ping_status":"closed","template":"","meta":{"_acf_changed":false,"footnotes":""},"class_list":["post-11","page","type-page","status-publish","has-post-thumbnail","hentry"],"acf":[],"_links":{"self":[{"href":"https:\/\/papunet.net\/saavutettavuus\/pa-svenska\/wp-json\/wp\/v2\/pages\/11","targetHints":{"allow":["GET"]}}],"collection":[{"href":"https:\/\/papunet.net\/saavutettavuus\/pa-svenska\/wp-json\/wp\/v2\/pages"}],"about":[{"href":"https:\/\/papunet.net\/saavutettavuus\/pa-svenska\/wp-json\/wp\/v2\/types\/page"}],"author":[{"embeddable":true,"href":"https:\/\/papunet.net\/saavutettavuus\/pa-svenska\/wp-json\/wp\/v2\/users\/1"}],"replies":[{"embeddable":true,"href":"https:\/\/papunet.net\/saavutettavuus\/pa-svenska\/wp-json\/wp\/v2\/comments?post=11"}],"version-history":[{"count":0,"href":"https:\/\/papunet.net\/saavutettavuus\/pa-svenska\/wp-json\/wp\/v2\/pages\/11\/revisions"}],"wp:featuredmedia":[{"embeddable":true,"href":"https:\/\/papunet.net\/saavutettavuus\/pa-svenska\/wp-json\/wp\/v2\/media\/456"}],"wp:attachment":[{"href":"https:\/\/papunet.net\/saavutettavuus\/pa-svenska\/wp-json\/wp\/v2\/media?parent=11"}],"curies":[{"name":"wp","href":"https:\/\/api.w.org\/{rel}","templated":true}]}}