{"id":112,"date":"2022-10-26T13:56:36","date_gmt":"2022-10-26T10:56:36","guid":{"rendered":"https:\/\/papunet.net\/saavutettavuus\/?page_id=112"},"modified":"2025-01-07T14:39:46","modified_gmt":"2025-01-07T12:39:46","slug":"lagen-om-tillhandahallande-av-digitala-tjanster","status":"publish","type":"page","link":"https:\/\/papunet.net\/saavutettavuus\/pa-svenska\/lagar-och-normer\/lagen-om-tillhandahallande-av-digitala-tjanster\/","title":{"rendered":"Lagen om tillhandah\u00e5llande av digitala tj\u00e4nster"},"content":{"rendered":"\n<p>Lagen om tillhandah\u00e5llande av digitala tj\u00e4nster tr\u00e4dde i kraft i april 2019. Lagen stadgar att offentliga myndigheters webbplatser och mobila applikationer ska vara tillg\u00e4ngliga. Lagen till\u00e4mpas ocks\u00e5 p\u00e5 offentliga f\u00f6retag inom sektorerna vatten, energi, transporter och posttj\u00e4nster samt p\u00e5 akt\u00f6rer inom finanssektorn. Lagen g\u00e4ller ocks\u00e5 organisationer som f\u00e5r \u00f6ver h\u00e4lften av sin finansiering av offentliga medel.<\/p>\n<p>Transport- och kommunikationsverket Traficom \u00f6vervakar att kraven i lagen uppfylls i Finland. Lagens krav och anvisningar till dem publiceras p\u00e5 webbplatsen <a href=\"https:\/\/tillganglighetskrav.fi\/\">tillganglighetskrav.fi<\/a>.<\/p>\n<p>Lagstiftningen baserar sig p\u00e5 Europeiska unionens direktiv om tillg\u00e4nglighet i den offentliga sektorns webbtj\u00e4nster, det vill s\u00e4ga det s\u00e5 kallade tillg\u00e4nglighetsdirektivet. Det ifr\u00e5gavarande direktivet tr\u00e4dde i kraft 2016.<\/p>\n<p>M\u00e5let med lagstiftningen \u00e4r att garantera att alla anv\u00e4ndare oberoende av funktionsneds\u00e4ttning ska kunna anv\u00e4nda offentliga webb- och mobiltj\u00e4nster.<\/p>\n<h2>Lagen fastst\u00e4ller miniminiv\u00e5n f\u00f6r tillg\u00e4nglighet<\/h2>\n<p>Lagen om tillhandah\u00e5llande av digitala tj\u00e4nster fastst\u00e4ller miniminiv\u00e5n f\u00f6r tillg\u00e4ngliga webbtj\u00e4nster. Som grund f\u00f6r lagen finns World Wide Web Consortiums utarbetade Riktlinjer f\u00f6r tillg\u00e4ngligt webbinneh\u00e5ll\u00a0<a href=\"https:\/\/papunet.net\/saavutettavuus\/pa-svenska\/anvisningar-och-guider\/riktlinjer-for-teknisk-tillganglighet-wcag\/\">WCAG 2.1<\/a>\u00a0(niv\u00e5 AA).<\/p>\n<p>WCAG 2.1 inneh\u00e5ller ett antal tekniska framg\u00e5ngskriterier som m\u00e4ter tillg\u00e4ngligheten. Tillg\u00e4ngliga webbsidor m\u00e5ste uppfylla alla dessa framg\u00e5ngskriterier.<\/p>\n<p>Alla medlemsstater i EU kan om de vill sk\u00e4rpa tillg\u00e4nglighetskraven och g\u00f6ra till\u00e4gg i direktivet d\u00e5 de uppfyller kraven i direktivet som en del av sin nationella lagstiftning.<\/p>\n<p>Tillg\u00e4nglighetsdirektivet \u00e4r ett betydande framsteg mot b\u00e4ttre tillg\u00e4nglighet i digitala tj\u00e4nster.<\/p>\n<p>Lagen om tillhandah\u00e5llande av digitala tj\u00e4nster inneb\u00e4r nya skyldigheter f\u00f6r akt\u00f6rer inom den offentliga sektorn. M\u00e5nga av dem f\u00f6rb\u00e4ttrade sina webbplatsers tillg\u00e4nglighet redan innan lagen tr\u00e4dde i kraft.<\/p>\n<h3>Mer om temat<\/h3>\n<p><a href=\"https:\/\/www.finlex.fi\/sv\/laki\/alkup\/2019\/20190306\">Lag om tillhandah\u00e5llande av digitala tj\u00e4nster 306\/2019 p\u00e5 Finlex sidor<\/a><\/p>\n<p><a href=\"https:\/\/tillganglighetskrav.fi\">Tillganglighetskrav.fi<\/a><\/p>\n<p>P\u00e5 finska, W3C:s sidor (ingen officiell svensk version): <a href=\"https:\/\/www.w3.org\/Translations\/WCAG21-fi\/\">WCAG 2.1 -saavutettavuusohjeet<\/a><\/p>\n\n","protected":false},"excerpt":{"rendered":"<p>Lagen om tillhandah\u00e5llande av digitala tj\u00e4nster tr\u00e4dde i kraft i april 2019. Lagen stadgar att offentliga myndigheters webbplatser och mobila applikationer ska vara tillg\u00e4ngliga. Lagen till\u00e4mpas ocks\u00e5 p\u00e5 offentliga f\u00f6retag inom sektorerna vatten, energi, transporter och [&hellip;]<span class=\"moretag\">L\u00e4s mer \u2026<\/span><\/p>\n","protected":false},"author":10,"featured_media":113,"parent":10,"menu_order":1,"comment_status":"closed","ping_status":"closed","template":"","meta":{"_acf_changed":false,"footnotes":""},"class_list":["post-112","page","type-page","status-publish","has-post-thumbnail","hentry"],"acf":[],"_links":{"self":[{"href":"https:\/\/papunet.net\/saavutettavuus\/pa-svenska\/wp-json\/wp\/v2\/pages\/112","targetHints":{"allow":["GET"]}}],"collection":[{"href":"https:\/\/papunet.net\/saavutettavuus\/pa-svenska\/wp-json\/wp\/v2\/pages"}],"about":[{"href":"https:\/\/papunet.net\/saavutettavuus\/pa-svenska\/wp-json\/wp\/v2\/types\/page"}],"author":[{"embeddable":true,"href":"https:\/\/papunet.net\/saavutettavuus\/pa-svenska\/wp-json\/wp\/v2\/users\/10"}],"replies":[{"embeddable":true,"href":"https:\/\/papunet.net\/saavutettavuus\/pa-svenska\/wp-json\/wp\/v2\/comments?post=112"}],"version-history":[{"count":0,"href":"https:\/\/papunet.net\/saavutettavuus\/pa-svenska\/wp-json\/wp\/v2\/pages\/112\/revisions"}],"up":[{"embeddable":true,"href":"https:\/\/papunet.net\/saavutettavuus\/pa-svenska\/wp-json\/wp\/v2\/pages\/10"}],"wp:featuredmedia":[{"embeddable":true,"href":"https:\/\/papunet.net\/saavutettavuus\/pa-svenska\/wp-json\/wp\/v2\/media\/113"}],"wp:attachment":[{"href":"https:\/\/papunet.net\/saavutettavuus\/pa-svenska\/wp-json\/wp\/v2\/media?parent=112"}],"curies":[{"name":"wp","href":"https:\/\/api.w.org\/{rel}","templated":true}]}}