{"id":114,"date":"2022-10-26T14:08:23","date_gmt":"2022-10-26T11:08:23","guid":{"rendered":"https:\/\/papunet.net\/saavutettavuus\/?page_id=114"},"modified":"2023-02-02T14:02:40","modified_gmt":"2023-02-02T12:02:40","slug":"europeiska-standarden-en-301-549","status":"publish","type":"page","link":"https:\/\/papunet.net\/saavutettavuus\/pa-svenska\/lagar-och-normer\/europeiska-standarden-en-301-549\/","title":{"rendered":"Europeiska standarden EN 301 549"},"content":{"rendered":"\n<p>Den europeiska standarden om beaktande av tillg\u00e4nglighet i den offentliga sektorns anskaffningar av information- och kommunikationsteknik (IKT) (EN 301 549), \u00e4r en gemensam europeisk standard som g\u00e4ller anskaffningar av IKT-produkter inom den offentliga sektorn.<\/p>\n<p>EN 301 549 fastst\u00e4ller miniminiv\u00e5n f\u00f6r tillg\u00e4nglighet f\u00f6r den informations- och kommunikationsteknik som den offentliga sektorn anskaffar. Med standarden str\u00e4var man efter att garantera att den informations- och kommunikationsteknik som den offentliga sektorn anskaffar \u00e4r tillr\u00e4ckligt tillg\u00e4nglig f\u00f6r personer med funktionsneds\u00e4ttning.<\/p>\n<p>Som grund f\u00f6r den del av EN 301\u00a0549 som g\u00e4ller webbplatser, finns tillg\u00e4nglighetsriktlinjerna\u00a0<a href=\"https:\/\/papunet.net\/saavutettavuus\/pa-svenska\/anvisningar-och-guider\/riktlinjer-for-teknisk-tillganglighet-wcag\/\">WCAG 2.1<\/a>\u00a0(niv\u00e5 AA). EN 301 549 g\u00e4ller ocks\u00e5 andra IKT-tj\u00e4nster \u00e4n webbplatser, som automater, elektroniska dokument och applikationer.<\/p>\n<h2>EN-standarden \u00e4r en rekommendation<\/h2>\n<p>EN-standarderna \u00e4r inte bindande utan rekommendationer. I m\u00e5nga EU-direktiv h\u00e4nvisar man \u00e4nd\u00e5 till EN-standarderna.<\/p>\n<p>EN 301 549 \u00e4r ocks\u00e5 den l\u00e4gsta kravniv\u00e5n f\u00f6r offentliga sektorns webbplatser enligt tillg\u00e4nglighetsdirektivet.\u00a0Lagstiftningen enligt tillg\u00e4nglighetsdirektivet, det vill s\u00e4ga lagen om tillhandah\u00e5llande av digitala tj\u00e4nster, tr\u00e4dde i kraft i Finland 2018.<\/p>\n\n","protected":false},"excerpt":{"rendered":"<p>Den europeiska standarden om beaktande av tillg\u00e4nglighet i den offentliga sektorns anskaffningar av information- och kommunikationsteknik (IKT) (EN 301 549), \u00e4r en gemensam europeisk standard som g\u00e4ller anskaffningar av IKT-produkter inom den offentliga sektorn. EN 301 [&hellip;]<span class=\"moretag\">L\u00e4s mer \u2026<\/span><\/p>\n","protected":false},"author":10,"featured_media":115,"parent":10,"menu_order":2,"comment_status":"closed","ping_status":"closed","template":"","meta":{"_acf_changed":false,"footnotes":""},"class_list":["post-114","page","type-page","status-publish","has-post-thumbnail","hentry"],"acf":[],"_links":{"self":[{"href":"https:\/\/papunet.net\/saavutettavuus\/pa-svenska\/wp-json\/wp\/v2\/pages\/114","targetHints":{"allow":["GET"]}}],"collection":[{"href":"https:\/\/papunet.net\/saavutettavuus\/pa-svenska\/wp-json\/wp\/v2\/pages"}],"about":[{"href":"https:\/\/papunet.net\/saavutettavuus\/pa-svenska\/wp-json\/wp\/v2\/types\/page"}],"author":[{"embeddable":true,"href":"https:\/\/papunet.net\/saavutettavuus\/pa-svenska\/wp-json\/wp\/v2\/users\/10"}],"replies":[{"embeddable":true,"href":"https:\/\/papunet.net\/saavutettavuus\/pa-svenska\/wp-json\/wp\/v2\/comments?post=114"}],"version-history":[{"count":0,"href":"https:\/\/papunet.net\/saavutettavuus\/pa-svenska\/wp-json\/wp\/v2\/pages\/114\/revisions"}],"up":[{"embeddable":true,"href":"https:\/\/papunet.net\/saavutettavuus\/pa-svenska\/wp-json\/wp\/v2\/pages\/10"}],"wp:featuredmedia":[{"embeddable":true,"href":"https:\/\/papunet.net\/saavutettavuus\/pa-svenska\/wp-json\/wp\/v2\/media\/115"}],"wp:attachment":[{"href":"https:\/\/papunet.net\/saavutettavuus\/pa-svenska\/wp-json\/wp\/v2\/media?parent=114"}],"curies":[{"name":"wp","href":"https:\/\/api.w.org\/{rel}","templated":true}]}}