{"id":117,"date":"2022-10-26T14:16:42","date_gmt":"2022-10-26T11:16:42","guid":{"rendered":"https:\/\/papunet.net\/saavutettavuus\/?page_id=117"},"modified":"2023-03-15T12:03:42","modified_gmt":"2023-03-15T10:03:42","slug":"tillganglighetsdirektivet-accessibility-act","status":"publish","type":"page","link":"https:\/\/papunet.net\/saavutettavuus\/pa-svenska\/lagar-och-normer\/tillganglighetsdirektivet-accessibility-act\/","title":{"rendered":"Tillg\u00e4nglighetsdirektivet"},"content":{"rendered":"\n<p>EU:s tillg\u00e4nglighetsdirektiv kr\u00e4ver att tj\u00e4nster och produkter, som olika myndigheter och privata sektorn erbjuder, \u00e4r tillg\u00e4ngliga. Tillg\u00e4nglighetsdirektivet f\u00f6rpliktigar alla som producerar och erbjuder konsumenter produkter och tj\u00e4nster inom de omr\u00e5den som direktivet ber\u00f6r. Syftet med tillg\u00e4nglighetsdirektivet \u00e4r att alla m\u00e4nniskor, \u00e4ven om man har funktionsneds\u00e4ttningar, skall ha j\u00e4mlika m\u00f6jligheter att vara delaktiga i samh\u00e4llet.<\/p>\n\n\n\n<p>Fr\u00e5n och med 28.6.2025 skall alla nya produkter och tj\u00e4nster som kommer ut p\u00e5 marknaden \u00f6verensst\u00e4mma med tillg\u00e4nglighetskraven.<\/p>\n\n\n\n<p>Direktivet g\u00e4ller till exempel f\u00f6ljande produkter:<\/p>\n\n\n\n<ul class=\"wp-block-list\">\n<li>Datorer och deras operativsystem<\/li>\n\n\n\n<li>Sj\u00e4lvbetj\u00e4ningsterminaler<\/li>\n\n\n\n<li>Smarttelefoner<\/li>\n\n\n\n<li>Utrustning som anv\u00e4nds f\u00f6r tillg\u00e5ng till audiovisuella mediatj\u00e4nster<\/li>\n\n\n\n<li>Apparater f\u00f6r l\u00e4sning av elektroniska b\u00f6cker<\/li>\n<\/ul>\n\n\n\n<p>Direktivet g\u00e4ller till exempel f\u00f6ljande tj\u00e4nster:<\/p>\n\n\n\n<ul class=\"wp-block-list\">\n<li>Datakommunikations- och kommunikationstj\u00e4nster<\/li>\n\n\n\n<li>Trafikrelaterade tj\u00e4nster, till exempel webbplatser och mobilapplikationer<\/li>\n\n\n\n<li>Banktj\u00e4nster f\u00f6r konsumenter<\/li>\n\n\n\n<li>Elektroniska b\u00f6cker och programvara f\u00f6r anv\u00e4ndningen av dem<\/li>\n\n\n\n<li>E-handel<\/li>\n<\/ul>\n\n\n\n<p>Tillg\u00e4nglighetsdirektivet skall ocks\u00e5 beaktas i f\u00f6ljande fr\u00e5gor:<\/p>\n\n\n\n<ul class=\"wp-block-list\">\n<li>Samtal till n\u00f6dnumret<\/li>\n\n\n\n<li>Den byggda milj\u00f6n<\/li>\n\n\n\n<li>Offentlig upphandling<\/li>\n<\/ul>\n\n\n\n<p>Direktivet genomf\u00f6rdes i alla EU-l\u00e4nder senast 28.6.2022. Direktivet har genomf\u00f6rts i Finland genom den nya lagen om tillg\u00e4nglighetskrav f\u00f6r vissa produkter. Dessutom har \u00e4ndringar som kr\u00e4vs f\u00f6r genomf\u00f6randet av direktivet gjorts i lagen om tillhandah\u00e5llande av digitala tj\u00e4nster, lagen om tj\u00e4nster inom elektronisk kommunikation, lagen om transportservice och lagen om marknadskontroll av vissa produkter. De h\u00e4r lagarna tr\u00e4dde i kraft 1.2.2023 men till\u00e4mpas fr\u00e5n och med 28.6.2025. \u00c4ndringar har ocks\u00e5 gjorts i lagen om n\u00f6dcentralsverksamhet, vilket tr\u00e4der i kraft 28.6.2025.<\/p>\n\n\n\n<h3 class=\"wp-block-heading\">Mer om \u00e4mnet<\/h3>\n\n\n\n<p><a href=\"https:\/\/stm.fi\/sv\/tillganglighetsdirektivet\">Tillg\u00e4nglighetsdirektivet p\u00e5 social- och h\u00e4lsov\u00e5rdsministeriets webbsida<\/a><\/p>\n\n","protected":false},"excerpt":{"rendered":"<p>EU:s tillg\u00e4nglighetsdirektiv kr\u00e4ver att tj\u00e4nster och produkter, som olika myndigheter och privata sektorn erbjuder, \u00e4r tillg\u00e4ngliga. Tillg\u00e4nglighetsdirektivet f\u00f6rpliktigar alla som producerar och erbjuder konsumenter produkter och tj\u00e4nster inom de omr\u00e5den som direktivet ber\u00f6r. Syftet med tillg\u00e4nglighetsdirektivet [&hellip;]<span class=\"moretag\">L\u00e4s mer \u2026<\/span><\/p>\n","protected":false},"author":10,"featured_media":118,"parent":10,"menu_order":3,"comment_status":"closed","ping_status":"closed","template":"","meta":{"_acf_changed":false,"footnotes":""},"class_list":["post-117","page","type-page","status-publish","has-post-thumbnail","hentry"],"acf":[],"_links":{"self":[{"href":"https:\/\/papunet.net\/saavutettavuus\/pa-svenska\/wp-json\/wp\/v2\/pages\/117","targetHints":{"allow":["GET"]}}],"collection":[{"href":"https:\/\/papunet.net\/saavutettavuus\/pa-svenska\/wp-json\/wp\/v2\/pages"}],"about":[{"href":"https:\/\/papunet.net\/saavutettavuus\/pa-svenska\/wp-json\/wp\/v2\/types\/page"}],"author":[{"embeddable":true,"href":"https:\/\/papunet.net\/saavutettavuus\/pa-svenska\/wp-json\/wp\/v2\/users\/10"}],"replies":[{"embeddable":true,"href":"https:\/\/papunet.net\/saavutettavuus\/pa-svenska\/wp-json\/wp\/v2\/comments?post=117"}],"version-history":[{"count":0,"href":"https:\/\/papunet.net\/saavutettavuus\/pa-svenska\/wp-json\/wp\/v2\/pages\/117\/revisions"}],"up":[{"embeddable":true,"href":"https:\/\/papunet.net\/saavutettavuus\/pa-svenska\/wp-json\/wp\/v2\/pages\/10"}],"wp:featuredmedia":[{"embeddable":true,"href":"https:\/\/papunet.net\/saavutettavuus\/pa-svenska\/wp-json\/wp\/v2\/media\/118"}],"wp:attachment":[{"href":"https:\/\/papunet.net\/saavutettavuus\/pa-svenska\/wp-json\/wp\/v2\/media?parent=117"}],"curies":[{"name":"wp","href":"https:\/\/api.w.org\/{rel}","templated":true}]}}