{"id":119,"date":"2022-10-26T15:04:11","date_gmt":"2022-10-26T12:04:11","guid":{"rendered":"https:\/\/papunet.net\/saavutettavuus\/?page_id=119"},"modified":"2023-02-02T14:04:12","modified_gmt":"2023-02-02T12:04:12","slug":"fns-konvention-om-rattigheter-for-personer-med-funktionsnedsattning","status":"publish","type":"page","link":"https:\/\/papunet.net\/saavutettavuus\/pa-svenska\/lagar-och-normer\/fns-konvention-om-rattigheter-for-personer-med-funktionsnedsattning\/","title":{"rendered":"FN:s konvention om r\u00e4ttigheter f\u00f6r personer med funktionsneds\u00e4ttning"},"content":{"rendered":"\n<p>FN:s konvention om r\u00e4ttigheter f\u00f6r personer med funktionsneds\u00e4ttning betonar j\u00e4mlikhet och likv\u00e4rdighet med andra m\u00e4nniskor f\u00f6r personer med funktionsneds\u00e4ttning och f\u00f6rbjuder all slags diskriminering p\u00e5 grund av funktionsneds\u00e4ttning.<\/p>\n<p>Enligt konventionen ska staterna vidta s\u00e4rskilda \u00e5tg\u00e4rder och genomf\u00f6ra anpassningar, s\u00e5 att personer med funktionsneds\u00e4ttning kan vara j\u00e4mlika med andra och inte diskrimineras.<\/p>\n<p>Enligt konventionen \u00e4r personer med funktionsneds\u00e4ttning juridiskt beh\u00f6riga p\u00e5 samma s\u00e4tt som andra. De kan s\u00e5ledes sj\u00e4lva best\u00e4mma om sina r\u00e4ttigheter och skyldigheter.<\/p>\n<p>Personer med funktionsneds\u00e4ttning har r\u00e4tt till yttrandefrihet, de f\u00e5r uttrycka sina egna \u00e5sikter med den kommunikationsmetod de anv\u00e4nder. Till yttrandefriheten h\u00f6r ocks\u00e5 deras r\u00e4tt att s\u00f6ka, f\u00e5 och ta emot information i begriplig form.<\/p>\n<h2>Tillg\u00e4nglighet i elektroniska tj\u00e4nster<\/h2>\n<p>I konventionen betonas tillg\u00e4nglig information och garanteras j\u00e4mlika m\u00f6jligheter till information, kommunikation, elektroniska tj\u00e4nster samt informations- och kommunikationsteknik f\u00f6r personer med funktionsneds\u00e4ttning.<\/p>\n<p>Enligt konventionen ska staterna underl\u00e4tta anv\u00e4ndningen av teckenspr\u00e5k, punktskrift, alternativ och kompletterande kommunikation samt tillg\u00e4ngliga kommunikationsmetoder f\u00f6r personer med funktionsneds\u00e4ttning.<\/p>\n<p>Dessutom ska staterna uppmana och st\u00f6dja tj\u00e4nsteproducenter och medier, som verkar p\u00e5 webben, att erbjuda personer med funktionsneds\u00e4ttning information och tj\u00e4nster i tillg\u00e4nglig form.<\/p>\n<p><a href=\"http:\/\/www.ohchr.org\/EN\/HRBodies\/CRPD\/Pages\/CRPDIndex.aspx\">FN:s kommitt\u00e9 f\u00f6r r\u00e4ttigheter f\u00f6r personer med funktionsneds\u00e4ttning (CRPD)<\/a> \u00f6vervakar att konventionen f\u00f6ljs.<\/p>\n\n","protected":false},"excerpt":{"rendered":"<p>FN:s konvention om r\u00e4ttigheter f\u00f6r personer med funktionsneds\u00e4ttning betonar j\u00e4mlikhet och likv\u00e4rdighet med andra m\u00e4nniskor f\u00f6r personer med funktionsneds\u00e4ttning och f\u00f6rbjuder all slags diskriminering p\u00e5 grund av funktionsneds\u00e4ttning. Enligt konventionen ska staterna vidta s\u00e4rskilda \u00e5tg\u00e4rder och [&hellip;]<span class=\"moretag\">L\u00e4s mer \u2026<\/span><\/p>\n","protected":false},"author":10,"featured_media":120,"parent":10,"menu_order":4,"comment_status":"closed","ping_status":"closed","template":"","meta":{"_acf_changed":false,"footnotes":""},"class_list":["post-119","page","type-page","status-publish","has-post-thumbnail","hentry"],"acf":[],"_links":{"self":[{"href":"https:\/\/papunet.net\/saavutettavuus\/pa-svenska\/wp-json\/wp\/v2\/pages\/119","targetHints":{"allow":["GET"]}}],"collection":[{"href":"https:\/\/papunet.net\/saavutettavuus\/pa-svenska\/wp-json\/wp\/v2\/pages"}],"about":[{"href":"https:\/\/papunet.net\/saavutettavuus\/pa-svenska\/wp-json\/wp\/v2\/types\/page"}],"author":[{"embeddable":true,"href":"https:\/\/papunet.net\/saavutettavuus\/pa-svenska\/wp-json\/wp\/v2\/users\/10"}],"replies":[{"embeddable":true,"href":"https:\/\/papunet.net\/saavutettavuus\/pa-svenska\/wp-json\/wp\/v2\/comments?post=119"}],"version-history":[{"count":0,"href":"https:\/\/papunet.net\/saavutettavuus\/pa-svenska\/wp-json\/wp\/v2\/pages\/119\/revisions"}],"up":[{"embeddable":true,"href":"https:\/\/papunet.net\/saavutettavuus\/pa-svenska\/wp-json\/wp\/v2\/pages\/10"}],"wp:featuredmedia":[{"embeddable":true,"href":"https:\/\/papunet.net\/saavutettavuus\/pa-svenska\/wp-json\/wp\/v2\/media\/120"}],"wp:attachment":[{"href":"https:\/\/papunet.net\/saavutettavuus\/pa-svenska\/wp-json\/wp\/v2\/media?parent=119"}],"curies":[{"name":"wp","href":"https:\/\/api.w.org\/{rel}","templated":true}]}}