{"id":12,"date":"2022-10-19T14:34:20","date_gmt":"2022-10-19T11:34:20","guid":{"rendered":"https:\/\/papunet.net\/saavutettavuus\/?page_id=12"},"modified":"2023-04-03T12:37:22","modified_gmt":"2023-04-03T09:37:22","slug":"tjanster","status":"publish","type":"page","link":"https:\/\/papunet.net\/saavutettavuus\/pa-svenska\/tjanster\/","title":{"rendered":"Tj\u00e4nster"},"content":{"rendered":"\n<p>Kehitysvammaliitto och Papunet har omfattande kunnande och yrkesskicklighet om tillg\u00e4nglighetsfr\u00e5gor. Vi har sakkunniga som grundligt och m\u00e5ngsidigt k\u00e4nner till tillg\u00e4nglighetsfr\u00e5gor och som kan utveckla, utbilda och ge handledning och r\u00e5dgivning.<\/p>\n<p>I v\u00e5ra utbildningar, utv\u00e4rderingar och konsulteringsuppdrag ligger tyngdpunkten s\u00e4rskilt p\u00e5 webbtj\u00e4nsters kognitiva tillg\u00e4nglighet, l\u00e4ttanv\u00e4ndbarhet och begriplighet.<\/p>\n\n<a href=\"https:\/\/papunet.net\/saavutettavuus\/pa-svenska\/tjanster\/utvarderingstjanster\/\" class=\"wp-block-tiptip-hyperlink-group-block\">\n<div class=\"wp-block-media-text alignwide\" style=\"grid-template-columns:15% auto\">\n<figure class=\"wp-block-media-text__media\"><img loading=\"lazy\" decoding=\"async\" width=\"300\" height=\"300\" src=\"https:\/\/papunet.net\/saavutettavuus\/pa-svenska\/wp-content\/uploads\/sites\/2\/2023\/02\/arviointipalvelut.png\" alt=\"\" class=\"wp-image-448 size-full img-responsive\" srcset=\"https:\/\/papunet.net\/saavutettavuus\/pa-svenska\/wp-content\/uploads\/sites\/2\/2023\/02\/arviointipalvelut.png 300w, https:\/\/papunet.net\/saavutettavuus\/pa-svenska\/wp-content\/uploads\/sites\/2\/2023\/02\/arviointipalvelut-150x150.png 150w\" sizes=\"auto, (max-width: 300px) 100vw, 300px\" \/><\/figure><div class=\"wp-block-media-text__content\">\n<h2 class=\"wp-block-heading\">Utv\u00e4rderingstj\u00e4nster<\/h2>\n\n\n\n<p>Bekanta dig med v\u00e5ra tj\u00e4nster om utv\u00e4rdering av tillg\u00e4nglighet.<\/p>\n<\/div>\n<\/div>\n<\/a>\n\n<a href=\"https:\/\/papunet.net\/saavutettavuus\/pa-svenska\/tjanster\/utbildningar\/\" class=\"wp-block-tiptip-hyperlink-group-block\">\n<div class=\"wp-block-media-text alignwide\" style=\"grid-template-columns:15% auto\">\n<figure class=\"wp-block-media-text__media\"><img loading=\"lazy\" decoding=\"async\" width=\"300\" height=\"300\" src=\"https:\/\/papunet.net\/saavutettavuus\/pa-svenska\/wp-content\/uploads\/sites\/2\/2023\/02\/koulutukset.png\" alt=\"\" class=\"wp-image-450 size-full img-responsive\" srcset=\"https:\/\/papunet.net\/saavutettavuus\/pa-svenska\/wp-content\/uploads\/sites\/2\/2023\/02\/koulutukset.png 300w, https:\/\/papunet.net\/saavutettavuus\/pa-svenska\/wp-content\/uploads\/sites\/2\/2023\/02\/koulutukset-150x150.png 150w\" sizes=\"auto, (max-width: 300px) 100vw, 300px\" \/><\/figure><div class=\"wp-block-media-text__content\">\n<h2 class=\"wp-block-heading\">Utbildningar<\/h2>\n\n\n\n<p>Bekanta dig med v\u00e5ra utbildningar om tillg\u00e4nglighet.<\/p>\n<\/div>\n<\/div>\n<\/a>\n\n<a href=\"https:\/\/papunet.net\/saavutettavuus\/pa-svenska\/tjanster\/granskning-av-lattlasta-webbsidor-och-symbolen-for-lattlast\/\" class=\"wp-block-tiptip-hyperlink-group-block\">\n<div class=\"wp-block-media-text alignwide\" style=\"grid-template-columns:15% auto\">\n<figure class=\"wp-block-media-text__media\"><img loading=\"lazy\" decoding=\"async\" width=\"300\" height=\"300\" src=\"https:\/\/papunet.net\/saavutettavuus\/pa-svenska\/wp-content\/uploads\/sites\/2\/2023\/02\/selkologo-1.png\" alt=\"\" class=\"wp-image-451 size-full img-responsive\" srcset=\"https:\/\/papunet.net\/saavutettavuus\/pa-svenska\/wp-content\/uploads\/sites\/2\/2023\/02\/selkologo-1.png 300w, https:\/\/papunet.net\/saavutettavuus\/pa-svenska\/wp-content\/uploads\/sites\/2\/2023\/02\/selkologo-1-150x150.png 150w\" sizes=\"auto, (max-width: 300px) 100vw, 300px\" \/><\/figure><div class=\"wp-block-media-text__content\">\n<h2 class=\"wp-block-heading\">Granskning av l\u00e4ttl\u00e4sta webbsidor och symbolen f\u00f6r l\u00e4ttl\u00e4st<\/h2>\n\n\n\n<p>Bekanta dig med granskning av l\u00e4ttl\u00e4sta webbsidor och symbolen f\u00f6r l\u00e4ttl\u00e4st som beviljas av Selkokeskus (finska sidor) och LL-Center (svenska sidor).<\/p>\n<\/div>\n<\/div>\n<\/a>\n\n","protected":false},"excerpt":{"rendered":"<p>Kehitysvammaliitto och Papunet har omfattande kunnande och yrkesskicklighet om tillg\u00e4nglighetsfr\u00e5gor. Vi har sakkunniga som grundligt och m\u00e5ngsidigt k\u00e4nner till tillg\u00e4nglighetsfr\u00e5gor och som kan utveckla, utbilda och ge handledning och r\u00e5dgivning. I v\u00e5ra utbildningar, utv\u00e4rderingar och konsulteringsuppdrag [&hellip;]<span class=\"moretag\">L\u00e4s mer \u2026<\/span><\/p>\n","protected":false},"author":1,"featured_media":71,"parent":0,"menu_order":5,"comment_status":"closed","ping_status":"closed","template":"","meta":{"_acf_changed":false,"footnotes":""},"class_list":["post-12","page","type-page","status-publish","has-post-thumbnail","hentry"],"acf":[],"_links":{"self":[{"href":"https:\/\/papunet.net\/saavutettavuus\/pa-svenska\/wp-json\/wp\/v2\/pages\/12","targetHints":{"allow":["GET"]}}],"collection":[{"href":"https:\/\/papunet.net\/saavutettavuus\/pa-svenska\/wp-json\/wp\/v2\/pages"}],"about":[{"href":"https:\/\/papunet.net\/saavutettavuus\/pa-svenska\/wp-json\/wp\/v2\/types\/page"}],"author":[{"embeddable":true,"href":"https:\/\/papunet.net\/saavutettavuus\/pa-svenska\/wp-json\/wp\/v2\/users\/1"}],"replies":[{"embeddable":true,"href":"https:\/\/papunet.net\/saavutettavuus\/pa-svenska\/wp-json\/wp\/v2\/comments?post=12"}],"version-history":[{"count":0,"href":"https:\/\/papunet.net\/saavutettavuus\/pa-svenska\/wp-json\/wp\/v2\/pages\/12\/revisions"}],"wp:featuredmedia":[{"embeddable":true,"href":"https:\/\/papunet.net\/saavutettavuus\/pa-svenska\/wp-json\/wp\/v2\/media\/71"}],"wp:attachment":[{"href":"https:\/\/papunet.net\/saavutettavuus\/pa-svenska\/wp-json\/wp\/v2\/media?parent=12"}],"curies":[{"name":"wp","href":"https:\/\/api.w.org\/{rel}","templated":true}]}}