{"id":124,"date":"2022-10-31T10:39:55","date_gmt":"2022-10-31T08:39:55","guid":{"rendered":"https:\/\/papunet.net\/saavutettavuus\/?page_id=124"},"modified":"2023-04-03T12:27:21","modified_gmt":"2023-04-03T09:27:21","slug":"riktlinjer-for-teknisk-tillganglighet-wcag","status":"publish","type":"page","link":"https:\/\/papunet.net\/saavutettavuus\/pa-svenska\/anvisningar-och-guider\/riktlinjer-for-teknisk-tillganglighet-wcag\/","title":{"rendered":"Riktlinjer f\u00f6r teknisk tillg\u00e4nglighet (WCAG)"},"content":{"rendered":"\n<p>Riktlinjer f\u00f6r tillg\u00e4ngligt webbinneh\u00e5ll 2.1 (Web Content Accessibility Guidelines 2.1 \u2013 WCAG 2.1) \u00e4r utarbetade av World Wide Web Consortium (W3C). W3C \u00e4r ett internationellt konsortium, som ger rekommendationer om hur inneh\u00e5llet p\u00e5 webbsidor ska presenteras.<\/p>\n<p>WCAG 2.1 anv\u00e4nds i stor utstr\u00e4ckning och riktlinjerna anv\u00e4nds ocks\u00e5 ofta som grund f\u00f6r lagstiftning om tillg\u00e4nglighet. WCAG 2.1 inneh\u00e5ller m\u00e5nga rekommendationer. Om dessa rekommendationer iakttas blir webbinneh\u00e5llet mer tillg\u00e4ngligt f\u00f6r personer med skador eller funktionsneds\u00e4ttningar och delvis ocks\u00e5 f\u00f6r \u00e4ldre personer. Rekommendationerna anv\u00e4nds n\u00e4r man utvecklar webbplatser och n\u00e4r sakkunniga utf\u00f6r tillg\u00e4nglighetsutv\u00e4rderingar.<\/p>\n<p>WCAG 2.1 riktlinjerna inneh\u00e5ller principer f\u00f6r tillg\u00e4ngligt webbinneh\u00e5ll, allm\u00e4nna anvisningar och testbara framg\u00e5ngskriterier.<\/p>\n<p>Bekanta dig med\u00a0<a href=\"https:\/\/www.w3.org\/Translations\/WCAG21-fi\/\">WCAG 2.1 riktlinjerna i sin helhet p\u00e5 W3C:s sidor (p\u00e5 finska, ingen officiell svensk version).<\/a><\/p>\n\n<a href=\"https:\/\/papunet.net\/saavutettavuus\/pa-svenska\/anvisningar-och-guider\/riktlinjer-for-teknisk-tillganglighet-wcag\/wcag-2-1s-uppbyggnad-och-anvandning\/\" class=\"wp-block-tiptip-hyperlink-group-block\">\n<div class=\"wp-block-media-text alignwide\" style=\"grid-template-columns:15% auto\">\n<figure class=\"wp-block-media-text__media\"><img loading=\"lazy\" decoding=\"async\" width=\"300\" height=\"300\" src=\"https:\/\/papunet.net\/saavutettavuus\/pa-svenska\/wp-content\/uploads\/sites\/2\/2023\/02\/wcag_text_0.png\" alt=\"\" class=\"wp-image-411 size-full img-responsive\" srcset=\"https:\/\/papunet.net\/saavutettavuus\/pa-svenska\/wp-content\/uploads\/sites\/2\/2023\/02\/wcag_text_0.png 300w, https:\/\/papunet.net\/saavutettavuus\/pa-svenska\/wp-content\/uploads\/sites\/2\/2023\/02\/wcag_text_0-150x150.png 150w\" sizes=\"auto, (max-width: 300px) 100vw, 300px\" \/><\/figure><div class=\"wp-block-media-text__content\">\n<h2 class=\"wp-block-heading\">WCAG:s uppbyggnad och anv\u00e4ndning<\/h2>\n\n\n\n<p>Vad \u00e4r WCAG 2.1 riktlinjerna och hur kan man dra nytta av dem.<\/p>\n<\/div>\n<\/div>\n<\/a>\n\n<a href=\"https:\/\/papunet.net\/saavutettavuus\/pa-svenska\/anvisningar-och-guider\/riktlinjer-for-teknisk-tillganglighet-wcag\/att-beakta-i-fraga-om-wcag\/\" class=\"wp-block-tiptip-hyperlink-group-block\">\n<div class=\"wp-block-media-text alignwide\" style=\"grid-template-columns:15% auto\">\n<figure class=\"wp-block-media-text__media\"><img loading=\"lazy\" decoding=\"async\" width=\"300\" height=\"300\" src=\"https:\/\/papunet.net\/saavutettavuus\/pa-svenska\/wp-content\/uploads\/sites\/2\/2023\/02\/wcag_huomioitavaa1.png\" alt=\"\" class=\"wp-image-412 size-full img-responsive\" srcset=\"https:\/\/papunet.net\/saavutettavuus\/pa-svenska\/wp-content\/uploads\/sites\/2\/2023\/02\/wcag_huomioitavaa1.png 300w, https:\/\/papunet.net\/saavutettavuus\/pa-svenska\/wp-content\/uploads\/sites\/2\/2023\/02\/wcag_huomioitavaa1-150x150.png 150w\" sizes=\"auto, (max-width: 300px) 100vw, 300px\" \/><\/figure><div class=\"wp-block-media-text__content\">\n<h2 class=\"wp-block-heading\">Att beakta i fr\u00e5ga om WCAG<\/h2>\n\n\n\n<p>Fr\u00e5gor att beakta innan man anv\u00e4nder sig av WCAG riktlinjerna.<\/p>\n<\/div>\n<\/div>\n<\/a>\n\n<a href=\"https:\/\/papunet.net\/saavutettavuus\/pa-svenska\/anvisningar-och-guider\/riktlinjer-for-teknisk-tillganglighet-wcag\/papunets-wcag-2-1-checklista\/\" class=\"wp-block-tiptip-hyperlink-group-block\">\n<div class=\"wp-block-media-text alignwide\" style=\"grid-template-columns:15% auto\">\n<figure class=\"wp-block-media-text__media\"><img loading=\"lazy\" decoding=\"async\" width=\"300\" height=\"300\" src=\"https:\/\/papunet.net\/saavutettavuus\/pa-svenska\/wp-content\/uploads\/sites\/2\/2023\/02\/tarkistuslista.png\" alt=\"\" class=\"wp-image-413 size-full img-responsive\" srcset=\"https:\/\/papunet.net\/saavutettavuus\/pa-svenska\/wp-content\/uploads\/sites\/2\/2023\/02\/tarkistuslista.png 300w, https:\/\/papunet.net\/saavutettavuus\/pa-svenska\/wp-content\/uploads\/sites\/2\/2023\/02\/tarkistuslista-150x150.png 150w\" sizes=\"auto, (max-width: 300px) 100vw, 300px\" \/><\/figure><div class=\"wp-block-media-text__content\">\n<h2 class=\"wp-block-heading\">Papunets WCAG 2.1 checklista<\/h2>\n\n\n\n<p>Papunets f\u00f6renklade version och tolkning av WCAG 2.1 riktlinjerna.<\/p>\n<\/div>\n<\/div>\n<\/a>\n\n","protected":false},"excerpt":{"rendered":"<p>Riktlinjer f\u00f6r tillg\u00e4ngligt webbinneh\u00e5ll 2.1 (Web Content Accessibility Guidelines 2.1 \u2013 WCAG 2.1) \u00e4r utarbetade av World Wide Web Consortium (W3C). W3C \u00e4r ett internationellt konsortium, som ger rekommendationer om hur inneh\u00e5llet p\u00e5 webbsidor ska presenteras. [&hellip;]<span class=\"moretag\">L\u00e4s mer \u2026<\/span><\/p>\n","protected":false},"author":10,"featured_media":0,"parent":11,"menu_order":1,"comment_status":"closed","ping_status":"closed","template":"","meta":{"_acf_changed":false,"footnotes":""},"class_list":["post-124","page","type-page","status-publish","hentry"],"acf":[],"_links":{"self":[{"href":"https:\/\/papunet.net\/saavutettavuus\/pa-svenska\/wp-json\/wp\/v2\/pages\/124","targetHints":{"allow":["GET"]}}],"collection":[{"href":"https:\/\/papunet.net\/saavutettavuus\/pa-svenska\/wp-json\/wp\/v2\/pages"}],"about":[{"href":"https:\/\/papunet.net\/saavutettavuus\/pa-svenska\/wp-json\/wp\/v2\/types\/page"}],"author":[{"embeddable":true,"href":"https:\/\/papunet.net\/saavutettavuus\/pa-svenska\/wp-json\/wp\/v2\/users\/10"}],"replies":[{"embeddable":true,"href":"https:\/\/papunet.net\/saavutettavuus\/pa-svenska\/wp-json\/wp\/v2\/comments?post=124"}],"version-history":[{"count":0,"href":"https:\/\/papunet.net\/saavutettavuus\/pa-svenska\/wp-json\/wp\/v2\/pages\/124\/revisions"}],"up":[{"embeddable":true,"href":"https:\/\/papunet.net\/saavutettavuus\/pa-svenska\/wp-json\/wp\/v2\/pages\/11"}],"wp:attachment":[{"href":"https:\/\/papunet.net\/saavutettavuus\/pa-svenska\/wp-json\/wp\/v2\/media?parent=124"}],"curies":[{"name":"wp","href":"https:\/\/api.w.org\/{rel}","templated":true}]}}