{"id":125,"date":"2022-10-31T10:47:14","date_gmt":"2022-10-31T08:47:14","guid":{"rendered":"https:\/\/papunet.net\/saavutettavuus\/?page_id=125"},"modified":"2022-12-08T13:28:27","modified_gmt":"2022-12-08T11:28:27","slug":"wcag-2-1s-uppbyggnad-och-anvandning","status":"publish","type":"page","link":"https:\/\/papunet.net\/saavutettavuus\/pa-svenska\/anvisningar-och-guider\/riktlinjer-for-teknisk-tillganglighet-wcag\/wcag-2-1s-uppbyggnad-och-anvandning\/","title":{"rendered":"WCAG 2.1:s uppbyggnad och anv\u00e4ndning"},"content":{"rendered":"\n<p>WCAG 2.1 riktlinjerna inneh\u00e5ller <em>principer<\/em> f\u00f6r tillg\u00e4ngligt webbinneh\u00e5ll, allm\u00e4nna<em> anvisningar<\/em> och testbara <em>framg\u00e5ngskriterier<\/em>.<\/p>\n<h2>Principer<\/h2>\n<p>WCAG 2.1 riktlinjerna baserar sig p\u00e5 fyra (4)\u00a0<em>principer,<\/em> som utg\u00f6r en grund f\u00f6r tillg\u00e4ngligt webbinneh\u00e5ll:<\/p>\n<ol>\n<li>Webbplatsen ska vara<strong>\u00a0m\u00f6jlig att uppfatta<\/strong>:\u00a0Informationen och komponenterna i anv\u00e4ndargr\u00e4nssnittet (exempelvis tryckknappar och textf\u00e4lt) p\u00e5 webbsidorna ska presenteras i s\u00e5dan form att anv\u00e4ndaren kan uppfatta dem.<\/li>\n<li>Webbplatsen ska vara\u00a0<strong>hanterbar<\/strong>: Komponenterna i anv\u00e4ndargr\u00e4nssnittet och navigeringen ska vara hanterbara. Alla funktioner p\u00e5 webbplatsen ska kunna utf\u00f6ras ocks\u00e5 med hj\u00e4lpmedel (exempelvis med sk\u00e4rml\u00e4sningsprogram).<\/li>\n<li>Webbplatsen ska vara\u00a0<strong>begriplig<\/strong>: Informationen p\u00e5 webbsidorna ska vara spr\u00e5kligt begriplig. Anv\u00e4ndargr\u00e4nssnittets funktionalitet ska vara logisk och begriplig.<\/li>\n<li>Webbplatsen ska vara\u00a0<strong>robust<\/strong>: Inneh\u00e5llet ska vara tillr\u00e4ckligt robust, s\u00e5 att det p\u00e5 ett p\u00e5litligt s\u00e4tt kan tolkas med olika apparater och program, inklusive hj\u00e4lpmedelsprogram.<\/li>\n<\/ol>\n<h2>Anvisningar<\/h2>\n<p>WCAG 2.1 riktlinjerna inneh\u00e5ller sammanlagt tretton (13)\u00a0<em>anvisningar<\/em>. Dessa ger utvecklare och utv\u00e4rderare av webbplatser en m\u00e5ngsidig bild av vad de ska ta i betraktande f\u00f6r att garantera tillg\u00e4nglighet.<\/p>\n<h2>Framg\u00e5ngskriterier<\/h2>\n<p>WCAG 2.1 riktlinjernas alla tretton anvisningar inneh\u00e5ller m\u00e5nga<em> framg\u00e5ngskriterier<\/em>. Framg\u00e5ngskriterierna uppg\u00e5r till sammanlagt sjuttio\u00e5tta (78) kriterier. I kriterierna anges vad som kr\u00e4vs av webbsidor f\u00f6r att de ska kunna uppfylla framg\u00e5ngskriterierna. Kriterierna \u00e4r av tre niv\u00e5er: A (l\u00e4gsta), AA, AAA (h\u00f6gsta).<\/p>\n<p>Lagstiftningen kr\u00e4ver att en webbplats till sin tillg\u00e4nglighet ska uppn\u00e5 niv\u00e5 AA enligt WCAG 2.1 riktlinjerna. Det h\u00e4r inneb\u00e4r att webbplatsen ska uppfylla alla framg\u00e5ngskriterier f\u00f6r niv\u00e5erna A och AA. Framg\u00e5ngskriterierna f\u00f6r niv\u00e5 AA \u00e4r sammanlagt femtio (50) till antalet.<\/p>\n<p>Om webbplatsen inte uppfyller n\u00e5got enskilt kriterium f\u00f6r niv\u00e5 A, blir webbplatsens tillg\u00e4nglighetsklassificering noll, trots att de \u00f6vriga framg\u00e5ngskriterierna skulle uppfyllas. Om webbplatsen uppfyller alla kriterierna f\u00f6r niv\u00e5 A, men inte alla kriterier f\u00f6r niv\u00e5 AA, blir tillg\u00e4nglighetsklassificeringen f\u00f6r webbplatsen A.<\/p>\n<h2>Anv\u00e4ndning av WCAG 2.1 som st\u00f6d f\u00f6r utv\u00e4rdering<\/h2>\n<p>Sakkunniga som utv\u00e4rderar en webbplats tillg\u00e4nglighet kan dra nytta av WCAG 2.1 riktlinjerna. I sakkunnigutv\u00e4rderingen av webbplatsen g\u00e5r man igenom alla enskilda framg\u00e5ngskriterier f\u00f6r den \u00f6nskade tillg\u00e4nglighetsniv\u00e5n (exempelvis niv\u00e5 AA).<\/p>\n<p>Det \u00e4r viktigt att utv\u00e4rdera webbplatsens m\u00e5nga olika undersidor, olika sidbotten och typisk anv\u00e4ndning av webbplatsen. Till m\u00e5nga typiska anv\u00e4ndarsituationer h\u00f6r ofta flera olika moment och undersidor. Det \u00e4r inte n\u00f6dv\u00e4ndigt att utv\u00e4rdera webbplatsens varje enskild undersida.<\/p>\n\n","protected":false},"excerpt":{"rendered":"<p>WCAG 2.1 riktlinjerna inneh\u00e5ller principer f\u00f6r tillg\u00e4ngligt webbinneh\u00e5ll, allm\u00e4nna anvisningar och testbara framg\u00e5ngskriterier. Principer WCAG 2.1 riktlinjerna baserar sig p\u00e5 fyra (4)\u00a0principer, som utg\u00f6r en grund f\u00f6r tillg\u00e4ngligt webbinneh\u00e5ll: Webbplatsen ska vara\u00a0m\u00f6jlig att uppfatta:\u00a0Informationen och komponenterna [&hellip;]<span class=\"moretag\">L\u00e4s mer \u2026<\/span><\/p>\n","protected":false},"author":10,"featured_media":0,"parent":124,"menu_order":1,"comment_status":"closed","ping_status":"closed","template":"","meta":{"_acf_changed":false,"footnotes":""},"class_list":["post-125","page","type-page","status-publish","hentry"],"acf":[],"_links":{"self":[{"href":"https:\/\/papunet.net\/saavutettavuus\/pa-svenska\/wp-json\/wp\/v2\/pages\/125","targetHints":{"allow":["GET"]}}],"collection":[{"href":"https:\/\/papunet.net\/saavutettavuus\/pa-svenska\/wp-json\/wp\/v2\/pages"}],"about":[{"href":"https:\/\/papunet.net\/saavutettavuus\/pa-svenska\/wp-json\/wp\/v2\/types\/page"}],"author":[{"embeddable":true,"href":"https:\/\/papunet.net\/saavutettavuus\/pa-svenska\/wp-json\/wp\/v2\/users\/10"}],"replies":[{"embeddable":true,"href":"https:\/\/papunet.net\/saavutettavuus\/pa-svenska\/wp-json\/wp\/v2\/comments?post=125"}],"version-history":[{"count":0,"href":"https:\/\/papunet.net\/saavutettavuus\/pa-svenska\/wp-json\/wp\/v2\/pages\/125\/revisions"}],"up":[{"embeddable":true,"href":"https:\/\/papunet.net\/saavutettavuus\/pa-svenska\/wp-json\/wp\/v2\/pages\/124"}],"wp:attachment":[{"href":"https:\/\/papunet.net\/saavutettavuus\/pa-svenska\/wp-json\/wp\/v2\/media?parent=125"}],"curies":[{"name":"wp","href":"https:\/\/api.w.org\/{rel}","templated":true}]}}