{"id":131,"date":"2022-10-31T12:28:21","date_gmt":"2022-10-31T10:28:21","guid":{"rendered":"https:\/\/papunet.net\/saavutettavuus\/?page_id=131"},"modified":"2022-12-14T11:42:24","modified_gmt":"2022-12-14T09:42:24","slug":"att-beakta-i-fraga-om-wcag","status":"publish","type":"page","link":"https:\/\/papunet.net\/saavutettavuus\/pa-svenska\/anvisningar-och-guider\/riktlinjer-for-teknisk-tillganglighet-wcag\/att-beakta-i-fraga-om-wcag\/","title":{"rendered":"Att beakta i fr\u00e5ga om WCAG"},"content":{"rendered":"\n<p>WCAG \u00e4r ett bra och mycket anv\u00e4nt verktyg f\u00f6r utvecklare och utv\u00e4rderare av webbplatser. Det finns \u00e4nd\u00e5 vissa begr\u00e4nsningar och problem i riktlinjerna.<\/p>\n<p>Med hj\u00e4lp av WCAG riktlinjerna kan man inte l\u00f6sa alla problem som anv\u00e4ndare med funktionsneds\u00e4ttning st\u00e4lls inf\u00f6r. Enligt unders\u00f6kningar kan man med hj\u00e4lp av WCAG\u00a0riktlinjerna l\u00f6sa endast exempelvis h\u00e4lften av de problem som personer med synskador upplever d\u00e5 de bes\u00f6ker webbsidor.<\/p>\n<p>WCAG beaktar inte heller alla slag och niv\u00e5er av variationer eller funktionsneds\u00e4ttningar eller kombinationer av dem, som kognitiva och spr\u00e5kliga sv\u00e5righeter eller inl\u00e4rningssv\u00e5righeter.<\/p>\n<p>Genom att anv\u00e4nda WCAG riktlinjerna kan man n\u00e4rmast garantera att en webbplats \u00e4r tekniskt tillg\u00e4nglig. Riktlinjerna beaktar allts\u00e5 inte om webbplatsen \u00e4r anv\u00e4ndbar f\u00f6r anv\u00e4ndare med funktionsneds\u00e4ttning och variationer. Trots att alla kriterier i WCAG riktlinjerna skulle ha beaktats, kan anv\u00e4ndningen av webbplatsen vara besv\u00e4rlig och l\u00e5ngsam f\u00f6r m\u00e5nga anv\u00e4ndare. D\u00e4rf\u00f6r \u00e4r det viktigt att ocks\u00e5 bekanta sig med p\u00e5 vilket s\u00e4tt webbplatser kan <a href=\"https:\/\/papunet.net\/saavutettavuus\/pa-svenska\/anvisningar-och-guider\/lattanvanda-webbsidor\/\">g\u00f6ras l\u00e4tta att anv\u00e4nda och kognitivt tillg\u00e4ngliga<\/a> och vilken betydelse <a href=\"https:\/\/papunet.net\/saavutettavuus\/pa-svenska\/anvisningar-och-guider\/lattlast-och-latt-sprak-pa-webbsidor\/\">tydligt och l\u00e4ttl\u00e4st spr\u00e5k p\u00e5 webbsidor<\/a> har.<\/p>\n<p>En del av kriterierna i WCAG riktlinjerna \u00e4r mycket tolkningsbara. Utvecklare och utv\u00e4rderare av webbsidor kan vara av olika \u00e5sikt om huruvida webbplatsen uppfyller n\u00e5got av kriterierna eller inte.<\/p>\n<p>Exempelvis definierar ett av kriterierna att det f\u00f6r allt icke textuellt inneh\u00e5ll p\u00e5 en sida ska finnas \u201dtextmotsvarighet som uppfyller samma behov\u201d f\u00f6r anv\u00e4ndare med synskador. Exempelvis ska bilder p\u00e5 webbsidor f\u00f6rses med en text som upplyser om vad bilden inneh\u00e5ller. Olika personer kan ha olika uppfattning om vad textmotsvarigheten b\u00f6r inneh\u00e5lla f\u00f6r att vara tillr\u00e4ckligt beskrivande.<\/p>\n<p>P\u00e5 grund av detta \u00e4r det viktigt att webbplatsens anv\u00e4ndbarhet \u00e4r bra och att man vid planeringen av tillg\u00e4ngligheten tagit i betraktande alla anv\u00e4ndare.<\/p>\n\n","protected":false},"excerpt":{"rendered":"<p>WCAG \u00e4r ett bra och mycket anv\u00e4nt verktyg f\u00f6r utvecklare och utv\u00e4rderare av webbplatser. Det finns \u00e4nd\u00e5 vissa begr\u00e4nsningar och problem i riktlinjerna. Med hj\u00e4lp av WCAG riktlinjerna kan man inte l\u00f6sa alla problem som anv\u00e4ndare [&hellip;]<span class=\"moretag\">L\u00e4s mer \u2026<\/span><\/p>\n","protected":false},"author":10,"featured_media":0,"parent":124,"menu_order":2,"comment_status":"closed","ping_status":"closed","template":"","meta":{"_acf_changed":false,"footnotes":""},"class_list":["post-131","page","type-page","status-publish","hentry"],"acf":[],"_links":{"self":[{"href":"https:\/\/papunet.net\/saavutettavuus\/pa-svenska\/wp-json\/wp\/v2\/pages\/131","targetHints":{"allow":["GET"]}}],"collection":[{"href":"https:\/\/papunet.net\/saavutettavuus\/pa-svenska\/wp-json\/wp\/v2\/pages"}],"about":[{"href":"https:\/\/papunet.net\/saavutettavuus\/pa-svenska\/wp-json\/wp\/v2\/types\/page"}],"author":[{"embeddable":true,"href":"https:\/\/papunet.net\/saavutettavuus\/pa-svenska\/wp-json\/wp\/v2\/users\/10"}],"replies":[{"embeddable":true,"href":"https:\/\/papunet.net\/saavutettavuus\/pa-svenska\/wp-json\/wp\/v2\/comments?post=131"}],"version-history":[{"count":0,"href":"https:\/\/papunet.net\/saavutettavuus\/pa-svenska\/wp-json\/wp\/v2\/pages\/131\/revisions"}],"up":[{"embeddable":true,"href":"https:\/\/papunet.net\/saavutettavuus\/pa-svenska\/wp-json\/wp\/v2\/pages\/124"}],"wp:attachment":[{"href":"https:\/\/papunet.net\/saavutettavuus\/pa-svenska\/wp-json\/wp\/v2\/media?parent=131"}],"curies":[{"name":"wp","href":"https:\/\/api.w.org\/{rel}","templated":true}]}}