{"id":135,"date":"2022-11-01T10:08:39","date_gmt":"2022-11-01T08:08:39","guid":{"rendered":"https:\/\/papunet.net\/saavutettavuus\/?page_id=135"},"modified":"2023-04-03T12:33:45","modified_gmt":"2023-04-03T09:33:45","slug":"snabbguider-till-tillganglighet","status":"publish","type":"page","link":"https:\/\/papunet.net\/saavutettavuus\/pa-svenska\/anvisningar-och-guider\/snabbguider-till-tillganglighet\/","title":{"rendered":"Snabbguider till tillg\u00e4nglighet"},"content":{"rendered":"\n<p>Syftet med snabbguiderna som \u00e4r samlade p\u00e5 de h\u00e4r sidorna \u00e4r att fungera som listor som st\u00f6d f\u00f6r minnet.<\/p>\n<p>Det rekommenderas att de som skapar webbsidor ut\u00f6ver dessa guider ocks\u00e5 bekantar sig med mer omfattande guider p\u00e5 den h\u00e4r webbplatsen.<\/p>\n\n<a href=\"https:\/\/papunet.net\/saavutettavuus\/pa-svenska\/anvisningar-och-guider\/snabbguider-till-tillganglighet\/snabbguide-till-kognitiv-tillganglighet\/\" class=\"wp-block-tiptip-hyperlink-group-block\">\n<div class=\"wp-block-media-text alignwide\" style=\"grid-template-columns:15% auto\">\n<figure class=\"wp-block-media-text__media\"><img loading=\"lazy\" decoding=\"async\" width=\"300\" height=\"300\" src=\"https:\/\/papunet.net\/saavutettavuus\/pa-svenska\/wp-content\/uploads\/sites\/2\/2023\/02\/pikaopas_kogn.png\" alt=\"\" class=\"wp-image-440 size-full img-responsive\" srcset=\"https:\/\/papunet.net\/saavutettavuus\/pa-svenska\/wp-content\/uploads\/sites\/2\/2023\/02\/pikaopas_kogn.png 300w, https:\/\/papunet.net\/saavutettavuus\/pa-svenska\/wp-content\/uploads\/sites\/2\/2023\/02\/pikaopas_kogn-150x150.png 150w\" sizes=\"auto, (max-width: 300px) 100vw, 300px\" \/><\/figure><div class=\"wp-block-media-text__content\">\n<h2 class=\"wp-block-heading\">Snabbguide till kognitiv tillg\u00e4nglighet<\/h2>\n\n\n\n<p>Anvisningar om hur kognitiv tillg\u00e4nglighet beaktas.<\/p>\n<\/div>\n<\/div>\n<\/a>\n\n<a href=\"https:\/\/papunet.net\/saavutettavuus\/pa-svenska\/anvisningar-och-guider\/snabbguider-till-tillganglighet\/snabbguide-for-planerare\/\" class=\"wp-block-tiptip-hyperlink-group-block\">\n<div class=\"wp-block-media-text alignwide\" style=\"grid-template-columns:15% auto\">\n<figure class=\"wp-block-media-text__media\"><img loading=\"lazy\" decoding=\"async\" width=\"300\" height=\"300\" src=\"https:\/\/papunet.net\/saavutettavuus\/pa-svenska\/wp-content\/uploads\/sites\/2\/2023\/02\/pikaopas_suunn.png\" alt=\"\" class=\"wp-image-442 size-full img-responsive\" srcset=\"https:\/\/papunet.net\/saavutettavuus\/pa-svenska\/wp-content\/uploads\/sites\/2\/2023\/02\/pikaopas_suunn.png 300w, https:\/\/papunet.net\/saavutettavuus\/pa-svenska\/wp-content\/uploads\/sites\/2\/2023\/02\/pikaopas_suunn-150x150.png 150w\" sizes=\"auto, (max-width: 300px) 100vw, 300px\" \/><\/figure><div class=\"wp-block-media-text__content\">\n<h2 class=\"wp-block-heading\">Snabbguide f\u00f6r planerare<\/h2>\n\n\n\n<p>Anvisningar f\u00f6r gr\u00e4nssnittsplanerare, webbplatsplanerare och grafiker.<\/p>\n<\/div>\n<\/div>\n<\/a>\n\n<a href=\"https:\/\/papunet.net\/saavutettavuus\/pa-svenska\/anvisningar-och-guider\/snabbguider-till-tillganglighet\/snabbguide-for-innehallsproducenter\/\" class=\"wp-block-tiptip-hyperlink-group-block\">\n<div class=\"wp-block-media-text alignwide\" style=\"grid-template-columns:15% auto\">\n<figure class=\"wp-block-media-text__media\"><img loading=\"lazy\" decoding=\"async\" width=\"300\" height=\"300\" src=\"https:\/\/papunet.net\/saavutettavuus\/pa-svenska\/wp-content\/uploads\/sites\/2\/2023\/02\/pikaopas_sisall.png\" alt=\"\" class=\"wp-image-443 size-full img-responsive\" srcset=\"https:\/\/papunet.net\/saavutettavuus\/pa-svenska\/wp-content\/uploads\/sites\/2\/2023\/02\/pikaopas_sisall.png 300w, https:\/\/papunet.net\/saavutettavuus\/pa-svenska\/wp-content\/uploads\/sites\/2\/2023\/02\/pikaopas_sisall-150x150.png 150w\" sizes=\"auto, (max-width: 300px) 100vw, 300px\" \/><\/figure><div class=\"wp-block-media-text__content\">\n<h2 class=\"wp-block-heading\">Snabbguide f\u00f6r inneh\u00e5llsproducenter<\/h2>\n\n\n\n<p>Anvisningar f\u00f6r inneh\u00e5llsproducenter och kommunikationsansvariga.<\/p>\n<\/div>\n<\/div>\n<\/a>\n\n","protected":false},"excerpt":{"rendered":"<p>Syftet med snabbguiderna som \u00e4r samlade p\u00e5 de h\u00e4r sidorna \u00e4r att fungera som listor som st\u00f6d f\u00f6r minnet. Det rekommenderas att de som skapar webbsidor ut\u00f6ver dessa guider ocks\u00e5 bekantar sig med mer omfattande guider [&hellip;]<span class=\"moretag\">L\u00e4s mer \u2026<\/span><\/p>\n","protected":false},"author":10,"featured_media":0,"parent":11,"menu_order":3,"comment_status":"closed","ping_status":"closed","template":"","meta":{"_acf_changed":false,"footnotes":""},"class_list":["post-135","page","type-page","status-publish","hentry"],"acf":[],"_links":{"self":[{"href":"https:\/\/papunet.net\/saavutettavuus\/pa-svenska\/wp-json\/wp\/v2\/pages\/135","targetHints":{"allow":["GET"]}}],"collection":[{"href":"https:\/\/papunet.net\/saavutettavuus\/pa-svenska\/wp-json\/wp\/v2\/pages"}],"about":[{"href":"https:\/\/papunet.net\/saavutettavuus\/pa-svenska\/wp-json\/wp\/v2\/types\/page"}],"author":[{"embeddable":true,"href":"https:\/\/papunet.net\/saavutettavuus\/pa-svenska\/wp-json\/wp\/v2\/users\/10"}],"replies":[{"embeddable":true,"href":"https:\/\/papunet.net\/saavutettavuus\/pa-svenska\/wp-json\/wp\/v2\/comments?post=135"}],"version-history":[{"count":0,"href":"https:\/\/papunet.net\/saavutettavuus\/pa-svenska\/wp-json\/wp\/v2\/pages\/135\/revisions"}],"up":[{"embeddable":true,"href":"https:\/\/papunet.net\/saavutettavuus\/pa-svenska\/wp-json\/wp\/v2\/pages\/11"}],"wp:attachment":[{"href":"https:\/\/papunet.net\/saavutettavuus\/pa-svenska\/wp-json\/wp\/v2\/media?parent=135"}],"curies":[{"name":"wp","href":"https:\/\/api.w.org\/{rel}","templated":true}]}}