{"id":139,"date":"2022-11-01T10:38:39","date_gmt":"2022-11-01T08:38:39","guid":{"rendered":"https:\/\/papunet.net\/saavutettavuus\/?page_id=139"},"modified":"2022-12-12T11:02:50","modified_gmt":"2022-12-12T09:02:50","slug":"snabbguide-for-innehallsproducenter","status":"publish","type":"page","link":"https:\/\/papunet.net\/saavutettavuus\/pa-svenska\/anvisningar-och-guider\/snabbguider-till-tillganglighet\/snabbguide-for-innehallsproducenter\/","title":{"rendered":"Snabbguide f\u00f6r inneh\u00e5llsproducenter"},"content":{"rendered":"\n<h2>Strukturera inneh\u00e5llet i begripliga helheter p\u00e5 sidan<\/h2>\n<p>Skriv korta meningar. Dela upp meningarna vid behov.<\/p>\n<p>Observera att bildliga uttryck, tales\u00e4tt eller fackspr\u00e5k kan medf\u00f6ra sv\u00e5righeter f\u00f6r l\u00e4saren.<\/p>\n<h2>L\u00e4gg till textmotsvarigheter f\u00f6r bilder<\/h2>\n<p>Alla bilder ska ha en tillr\u00e4ckligt beskrivande textmotsvarighet (alt-text), av vilken bildens inneh\u00e5ll framg\u00e5r. Om bilden \u00e4r en l\u00e4nk \u00e4r det viktigt att ocks\u00e5 beskriva bildens syfte, det vill s\u00e4ga vart l\u00e4nken leder.<\/p>\n<h2>G\u00f6r medieinneh\u00e5llet tillg\u00e4ngligt<\/h2>\n<p>Videor, ljudfiler och annat medieinneh\u00e5ll ska vara s\u00e5dana att inneh\u00e5llet i dem ocks\u00e5 \u00e4r tillg\u00e4ngligt f\u00f6r personer med syn- eller h\u00f6rselskador. I praktiken betyder det h\u00e4r exempelvis att f\u00f6rse videor med textning och syntolkning.<\/p>\n<h2>Undvik inneh\u00e5ll som kan orsaka sjukdomsanfall<\/h2>\n<p>Exempelvis kan objekt som blinkar snabbare \u00e4n tre g\u00e5nger i sekunden hos vissa anv\u00e4ndare orsaka epileptiska anfall.<\/p>\n<h2>Anv\u00e4nd olika s\u00e4tt f\u00f6r att f\u00f6rmedla betydelse<\/h2>\n<p>F\u00f6rutom f\u00e4rg \u00e4r det bra att anv\u00e4nda andra visuella metoder, som understrykning.<\/p>\n<h2>Anv\u00e4nd tillr\u00e4ckligt stor text och ett tydligt typsnitt<\/h2>\n<p>En l\u00e4mplig storlek p\u00e5 texten kan bero p\u00e5 det anv\u00e4nda typsnittet. Vanligtvis ska storleken \u00e4nd\u00e5 vara \u00e5tminstone 10 pt.<\/p>\n<p>Sans-serif typsnitt \u00e4r f\u00f6r m\u00e5nga l\u00e4ttare att l\u00e4sa.<\/p>\n<h2>G\u00f6r rubrikstrukturen klar och logisk<\/h2>\n<p>S\u00e4kerst\u00e4ll att allt v\u00e4sentligt inneh\u00e5ll p\u00e5 sidan har begripliga rubriker.<\/p>\n<h2>Kom ih\u00e5g en tillr\u00e4cklig m\u00f6rkhetskontrast<\/h2>\n<p>Sidans textinneh\u00e5ll och funktionella element ska ha en tillr\u00e4cklig m\u00f6rkhetskontrast j\u00e4mf\u00f6rt med bakgrunden.<\/p>\n<h2>Anv\u00e4nd inte bilder f\u00f6r att f\u00f6rmedla textuell information<\/h2>\n<p>Skriv texten i HTML-k\u00e4llkoden och formatera den vid behov med hj\u00e4lp av CSS-dokumentmallar.<\/p>\n<h2>Kom ih\u00e5g l\u00e4mplig radl\u00e4ngd<\/h2>\n<p>G\u00f6r inte raderna f\u00f6r korta eller f\u00f6r l\u00e5nga. Vanligtvis \u00e4r 50\u2013120 tecken en l\u00e4mplig radl\u00e4ngd.<\/p>\n<h2>Namnge l\u00e4nkarna p\u00e5 ett beskrivande s\u00e4tt<\/h2>\n<p>Av l\u00e4nkens namn ska framg\u00e5 vart den leder anv\u00e4ndaren\/eller vad som h\u00e4nder n\u00e4r man klickar p\u00e5 den. Undvik l\u00e4nknamn av typen \u201dTryck h\u00e4r\u201d och \u201dL\u00e4s mera\u201d.<\/p>\n<h2>Anv\u00e4nd VERSALER med urskillning<\/h2>\n<p>En text som \u00e4r skriven med STORA BOKST\u00c4VER \u00e4r l\u00e5ngsammare att l\u00e4sa och kan dessutom g\u00f6ra l\u00e4sningen \u00e4nnu sv\u00e5rare f\u00f6r personer med l\u00e4s- och skrivsv\u00e5righeter och anv\u00e4ndare av sk\u00e4rml\u00e4sningsprogram.<\/p>\n\n","protected":false},"excerpt":{"rendered":"<p>Strukturera inneh\u00e5llet i begripliga helheter p\u00e5 sidan Skriv korta meningar. Dela upp meningarna vid behov. Observera att bildliga uttryck, tales\u00e4tt eller fackspr\u00e5k kan medf\u00f6ra sv\u00e5righeter f\u00f6r l\u00e4saren. L\u00e4gg till textmotsvarigheter f\u00f6r bilder Alla bilder ska ha [&hellip;]<span class=\"moretag\">L\u00e4s mer \u2026<\/span><\/p>\n","protected":false},"author":10,"featured_media":0,"parent":135,"menu_order":3,"comment_status":"closed","ping_status":"closed","template":"","meta":{"_acf_changed":false,"footnotes":""},"class_list":["post-139","page","type-page","status-publish","hentry"],"acf":[],"_links":{"self":[{"href":"https:\/\/papunet.net\/saavutettavuus\/pa-svenska\/wp-json\/wp\/v2\/pages\/139","targetHints":{"allow":["GET"]}}],"collection":[{"href":"https:\/\/papunet.net\/saavutettavuus\/pa-svenska\/wp-json\/wp\/v2\/pages"}],"about":[{"href":"https:\/\/papunet.net\/saavutettavuus\/pa-svenska\/wp-json\/wp\/v2\/types\/page"}],"author":[{"embeddable":true,"href":"https:\/\/papunet.net\/saavutettavuus\/pa-svenska\/wp-json\/wp\/v2\/users\/10"}],"replies":[{"embeddable":true,"href":"https:\/\/papunet.net\/saavutettavuus\/pa-svenska\/wp-json\/wp\/v2\/comments?post=139"}],"version-history":[{"count":0,"href":"https:\/\/papunet.net\/saavutettavuus\/pa-svenska\/wp-json\/wp\/v2\/pages\/139\/revisions"}],"up":[{"embeddable":true,"href":"https:\/\/papunet.net\/saavutettavuus\/pa-svenska\/wp-json\/wp\/v2\/pages\/135"}],"wp:attachment":[{"href":"https:\/\/papunet.net\/saavutettavuus\/pa-svenska\/wp-json\/wp\/v2\/media?parent=139"}],"curies":[{"name":"wp","href":"https:\/\/api.w.org\/{rel}","templated":true}]}}