{"id":149,"date":"2022-11-01T13:42:01","date_gmt":"2022-11-01T11:42:01","guid":{"rendered":"https:\/\/papunet.net\/saavutettavuus\/?page_id=149"},"modified":"2023-02-02T14:08:59","modified_gmt":"2023-02-02T12:08:59","slug":"lattlast-och-latt-sprak-pa-webbsidor","status":"publish","type":"page","link":"https:\/\/papunet.net\/saavutettavuus\/pa-svenska\/anvisningar-och-guider\/lattlast-och-latt-sprak-pa-webbsidor\/","title":{"rendered":"L\u00e4ttl\u00e4st och l\u00e4tt spr\u00e5k p\u00e5 webbsidor"},"content":{"rendered":"\n<p>De allm\u00e4nna principerna om l\u00e4ttl\u00e4st textinneh\u00e5ll fungerar bra p\u00e5 webben. I sj\u00e4lva verket motsvarar m\u00e5nga allm\u00e4nna principer om texter p\u00e5 webben principerna om l\u00e4ttl\u00e4st spr\u00e5k.<\/p>\n<p>I fr\u00e5ga om layout och grafiska principer \u00e4r situationen en annan. I tryckta medier \u00e4r layouten f\u00f6r l\u00e4ttl\u00e4sta publikationer fastst\u00e4lld r\u00e4tt s\u00e5 noggrant, men p\u00e5 webben \u00e4r detta inte m\u00f6jligt.<\/p>\n<p>Exempelvis de f\u00f6r tryckt l\u00e4ttl\u00e4st spr\u00e5k s\u00e5 typiska obligatoriska radbytena rekommenderas inte, eftersom resultatet kan vara n\u00e5got helt annat \u00e4n vad som ursprungligen avs\u00e5gs. Det h\u00e4r beror p\u00e5 att olika terminaler har olika sk\u00e4rmstorlekar.<\/p>\n<h2>Fokus p\u00e5 det viktigaste, begr\u00e4nsad m\u00e4ngd information<\/h2>\n<p>N\u00e5got av det viktigaste f\u00f6r anv\u00e4ndare av l\u00e4ttl\u00e4st spr\u00e5k \u00e4r m\u00e4ngden information.<\/p>\n<p>Informationsm\u00e4ngden blir ofta r\u00e4tt s\u00e5 stor p\u00e5 grund av att det p\u00e5 sidan, f\u00f6rutom det egentliga inneh\u00e5llet, ofta ocks\u00e5 finns olika navigationsstukturer, till\u00e4ggsinformation som anknyter till inneh\u00e5llet och andra element och l\u00e4nkar. M\u00e5nga anv\u00e4ndargrupper av l\u00e4ttl\u00e4st spr\u00e5k upplever den extra informationen som f\u00f6rvirrande och den rikliga m\u00e4ngden information st\u00f6r anv\u00e4ndningen av webbplatsen.<\/p>\n<p>En tydlig och anv\u00e4ndbar navigationsstruktur, rubriks\u00e4ttning och s\u00f6kfunktion \u00e4r f\u00f6r l\u00e4ttl\u00e4sta webbtexter j\u00e4mf\u00f6rbara med de grundl\u00e4ggande anvisningar som ges f\u00f6r layouten i l\u00e4ttl\u00e4sta publikationer i tryckt form.<\/p>\n<p>Man kan ans\u00f6ka om symbolen f\u00f6r l\u00e4ttl\u00e4st f\u00f6r webbsidor som \u00e4r skrivna p\u00e5 l\u00e4ttl\u00e4st spr\u00e5k. Symbolen beviljas av LL-Center f\u00f6r svenska texters del och f\u00f6r finska texters del av\u00a0<a href=\"https:\/\/selkokeskus.fi\/pa-svenska\/\">Selkokeskus<\/a> och \u00a0<a href=\"https:\/\/papunet.net\/yksikko\/\">Papunet-verkkopalvelu<\/a>\u00a0n\u00e4r det g\u00e4ller spr\u00e5k respektive anv\u00e4ndbarhet.<\/p>\n<h3>K\u00e4llor:<\/h3>\n<p><a href=\"https:\/\/selkokeskus.fi\/pa-svenska\/om-lattlast\/lattlast-pa-natet\/\">Selkokeskus: L\u00e4ttl\u00e4st p\u00e5 n\u00e4tet<\/a><\/p>\n\n","protected":false},"excerpt":{"rendered":"<p>De allm\u00e4nna principerna om l\u00e4ttl\u00e4st textinneh\u00e5ll fungerar bra p\u00e5 webben. I sj\u00e4lva verket motsvarar m\u00e5nga allm\u00e4nna principer om texter p\u00e5 webben principerna om l\u00e4ttl\u00e4st spr\u00e5k. I fr\u00e5ga om layout och grafiska principer \u00e4r situationen en annan. [&hellip;]<span class=\"moretag\">L\u00e4s mer \u2026<\/span><\/p>\n","protected":false},"author":10,"featured_media":154,"parent":11,"menu_order":5,"comment_status":"closed","ping_status":"closed","template":"","meta":{"_acf_changed":false,"footnotes":""},"class_list":["post-149","page","type-page","status-publish","has-post-thumbnail","hentry"],"acf":[],"_links":{"self":[{"href":"https:\/\/papunet.net\/saavutettavuus\/pa-svenska\/wp-json\/wp\/v2\/pages\/149","targetHints":{"allow":["GET"]}}],"collection":[{"href":"https:\/\/papunet.net\/saavutettavuus\/pa-svenska\/wp-json\/wp\/v2\/pages"}],"about":[{"href":"https:\/\/papunet.net\/saavutettavuus\/pa-svenska\/wp-json\/wp\/v2\/types\/page"}],"author":[{"embeddable":true,"href":"https:\/\/papunet.net\/saavutettavuus\/pa-svenska\/wp-json\/wp\/v2\/users\/10"}],"replies":[{"embeddable":true,"href":"https:\/\/papunet.net\/saavutettavuus\/pa-svenska\/wp-json\/wp\/v2\/comments?post=149"}],"version-history":[{"count":0,"href":"https:\/\/papunet.net\/saavutettavuus\/pa-svenska\/wp-json\/wp\/v2\/pages\/149\/revisions"}],"up":[{"embeddable":true,"href":"https:\/\/papunet.net\/saavutettavuus\/pa-svenska\/wp-json\/wp\/v2\/pages\/11"}],"wp:featuredmedia":[{"embeddable":true,"href":"https:\/\/papunet.net\/saavutettavuus\/pa-svenska\/wp-json\/wp\/v2\/media\/154"}],"wp:attachment":[{"href":"https:\/\/papunet.net\/saavutettavuus\/pa-svenska\/wp-json\/wp\/v2\/media?parent=149"}],"curies":[{"name":"wp","href":"https:\/\/api.w.org\/{rel}","templated":true}]}}