{"id":155,"date":"2022-11-01T13:47:10","date_gmt":"2022-11-01T11:47:10","guid":{"rendered":"https:\/\/papunet.net\/saavutettavuus\/?page_id=155"},"modified":"2023-04-03T12:36:05","modified_gmt":"2023-04-03T09:36:05","slug":"utvardering-av-tillganglighet","status":"publish","type":"page","link":"https:\/\/papunet.net\/saavutettavuus\/pa-svenska\/anvisningar-och-guider\/utvardering-av-tillganglighet\/","title":{"rendered":"Utv\u00e4rdering av tillg\u00e4nglighet"},"content":{"rendered":"\n<p>Det finns m\u00e5nga metoder f\u00f6r att utv\u00e4rdera webbsidors tillg\u00e4nglighet och anv\u00e4ndbarhet. Varje metod har sina f\u00f6rdelar och nackdelar. F\u00f6r att f\u00e5 webbplatser att vara s\u00e5 tillg\u00e4ngliga som m\u00f6jligt, \u00e4r det sk\u00e4l att utv\u00e4rdera dem med s\u00e5 m\u00e5nga olika metoder som m\u00f6jligt.<\/p>\n<p>Det rekommenderas att metoder som \u00e4r avsedda f\u00f6r att utv\u00e4rdera tillg\u00e4ngligheten ska anv\u00e4ndas i alla faser av webbplatsens utveckling: I webbplatsens planeringsfas och kodningsfas samt i den fas d\u00e5 inneh\u00e5ll skapas p\u00e5 webbplatsen.<\/p>\n<p>Utv\u00e4rderingen av tillg\u00e4nglighet och anv\u00e4ndbarhet ska inte skjutas upp in i det sista. Det \u00e4r enklast och ofta ocks\u00e5 f\u00f6rm\u00e5nligast att skapa tillg\u00e4ngliga webbsidor om webbplatsens tillg\u00e4nglighet beaktas redan i ett tidigt skede.<\/p>\n<p>Det \u00e4r sk\u00e4l att forts\u00e4tta utv\u00e4rderingen av tillg\u00e4nglighet ocks\u00e5 efter det att webbplatsen \u00e4r publicerad, s\u00e5 att allt inneh\u00e5ll som i framtiden skapas p\u00e5 webbplatsen ska vara s\u00e5 tillg\u00e4ngligt som m\u00f6jligt f\u00f6r s\u00e5 m\u00e5nga olika anv\u00e4ndare som m\u00f6jligt.<\/p>\n\n<a href=\"https:\/\/papunet.net\/saavutettavuus\/pa-svenska\/anvisningar-och-guider\/utvardering-av-tillganglighet\/plan-for-utvardering-av-tillganglighet\/\" class=\"wp-block-tiptip-hyperlink-group-block\">\n<div class=\"wp-block-media-text alignwide\" style=\"grid-template-columns:15% auto\">\n<figure class=\"wp-block-media-text__media\"><img loading=\"lazy\" decoding=\"async\" width=\"300\" height=\"300\" src=\"https:\/\/papunet.net\/saavutettavuus\/pa-svenska\/wp-content\/uploads\/sites\/2\/2023\/02\/prosessinuolet4.png\" alt=\"\" class=\"wp-image-444 size-full img-responsive\" srcset=\"https:\/\/papunet.net\/saavutettavuus\/pa-svenska\/wp-content\/uploads\/sites\/2\/2023\/02\/prosessinuolet4.png 300w, https:\/\/papunet.net\/saavutettavuus\/pa-svenska\/wp-content\/uploads\/sites\/2\/2023\/02\/prosessinuolet4-150x150.png 150w\" sizes=\"auto, (max-width: 300px) 100vw, 300px\" \/><\/figure><div class=\"wp-block-media-text__content\">\n<h2 class=\"wp-block-heading\">Plan f\u00f6r utv\u00e4rdering av tillg\u00e4nglighet<\/h2>\n\n\n\n<p>Aspekter som utv\u00e4rderaren och webbtj\u00e4nstens best\u00e4llare ska beakta f\u00f6re utv\u00e4rderingen.<\/p>\n<\/div>\n<\/div>\n<\/a>\n\n<a href=\"https:\/\/papunet.net\/saavutettavuus\/pa-svenska\/anvisningar-och-guider\/utvardering-av-tillganglighet\/sjalvtestning-av-tillganglighet\/\" class=\"wp-block-tiptip-hyperlink-group-block\">\n<div class=\"wp-block-media-text alignwide\" style=\"grid-template-columns:15% auto\">\n<figure class=\"wp-block-media-text__media\"><img loading=\"lazy\" decoding=\"async\" width=\"300\" height=\"300\" src=\"https:\/\/papunet.net\/saavutettavuus\/pa-svenska\/wp-content\/uploads\/sites\/2\/2023\/02\/saav_arviointi_itsetestaus2.png\" alt=\"\" class=\"wp-image-445 size-full img-responsive\" srcset=\"https:\/\/papunet.net\/saavutettavuus\/pa-svenska\/wp-content\/uploads\/sites\/2\/2023\/02\/saav_arviointi_itsetestaus2.png 300w, https:\/\/papunet.net\/saavutettavuus\/pa-svenska\/wp-content\/uploads\/sites\/2\/2023\/02\/saav_arviointi_itsetestaus2-150x150.png 150w\" sizes=\"auto, (max-width: 300px) 100vw, 300px\" \/><\/figure><div class=\"wp-block-media-text__content\">\n<h2 class=\"wp-block-heading\">Sj\u00e4lvtestning av tillg\u00e4nglighet<\/h2>\n\n\n\n<p>Anvisningar om hur de som deltar i utvecklingsarbetet med sin egen utrustning kan f\u00f6rs\u00e4kra sig om att webbplatsen fungerar.<\/p>\n<\/div>\n<\/div>\n<\/a>\n\n<a href=\"https:\/\/papunet.net\/saavutettavuus\/pa-svenska\/anvisningar-och-guider\/utvardering-av-tillganglighet\/verktyg-som-stod-for-utvardering-av-tillganglighet\/\" class=\"wp-block-tiptip-hyperlink-group-block\">\n<div class=\"wp-block-media-text alignwide\" style=\"grid-template-columns:15% auto\">\n<figure class=\"wp-block-media-text__media\"><img loading=\"lazy\" decoding=\"async\" width=\"300\" height=\"300\" src=\"https:\/\/papunet.net\/saavutettavuus\/pa-svenska\/wp-content\/uploads\/sites\/2\/2023\/02\/saav_arviointi_tyokalut.png\" alt=\"\" class=\"wp-image-446 size-full img-responsive\" srcset=\"https:\/\/papunet.net\/saavutettavuus\/pa-svenska\/wp-content\/uploads\/sites\/2\/2023\/02\/saav_arviointi_tyokalut.png 300w, https:\/\/papunet.net\/saavutettavuus\/pa-svenska\/wp-content\/uploads\/sites\/2\/2023\/02\/saav_arviointi_tyokalut-150x150.png 150w\" sizes=\"auto, (max-width: 300px) 100vw, 300px\" \/><\/figure><div class=\"wp-block-media-text__content\">\n<h2 class=\"wp-block-heading\">Verktyg som st\u00f6d f\u00f6r utv\u00e4rdering av tillg\u00e4nglighet<\/h2>\n\n\n\n<p>En presentation av olika verktyg som fungerar via webben eller som kan installeras p\u00e5 datorn och som kan anv\u00e4ndas f\u00f6r tillg\u00e4nglighetsarbete.<\/p>\n<\/div>\n<\/div>\n<\/a>\n\n<a href=\"https:\/\/papunet.net\/saavutettavuus\/pa-svenska\/anvisningar-och-guider\/utvardering-av-tillganglighet\/anvandartestning\/\" class=\"wp-block-tiptip-hyperlink-group-block\">\n<div class=\"wp-block-media-text alignwide\" style=\"grid-template-columns:15% auto\">\n<figure class=\"wp-block-media-text__media\"><img loading=\"lazy\" decoding=\"async\" width=\"300\" height=\"300\" src=\"https:\/\/papunet.net\/saavutettavuus\/pa-svenska\/wp-content\/uploads\/sites\/2\/2023\/02\/saav_arviointi_kayttajatestaus2.png\" alt=\"\" class=\"wp-image-447 size-full img-responsive\" srcset=\"https:\/\/papunet.net\/saavutettavuus\/pa-svenska\/wp-content\/uploads\/sites\/2\/2023\/02\/saav_arviointi_kayttajatestaus2.png 300w, https:\/\/papunet.net\/saavutettavuus\/pa-svenska\/wp-content\/uploads\/sites\/2\/2023\/02\/saav_arviointi_kayttajatestaus2-150x150.png 150w\" sizes=\"auto, (max-width: 300px) 100vw, 300px\" \/><\/figure><div class=\"wp-block-media-text__content\">\n<h2 class=\"wp-block-heading\">Anv\u00e4ndartestning<\/h2>\n\n\n\n<p>Anvisningar om hur man kan dra nytta av slutanv\u00e4ndare f\u00f6r att f\u00f6rs\u00e4kra sig om en webbplats tillg\u00e4nglighet och anv\u00e4ndbarhet.<\/p>\n<\/div>\n<\/div>\n<\/a>\n\n","protected":false},"excerpt":{"rendered":"<p>Det finns m\u00e5nga metoder f\u00f6r att utv\u00e4rdera webbsidors tillg\u00e4nglighet och anv\u00e4ndbarhet. Varje metod har sina f\u00f6rdelar och nackdelar. F\u00f6r att f\u00e5 webbplatser att vara s\u00e5 tillg\u00e4ngliga som m\u00f6jligt, \u00e4r det sk\u00e4l att utv\u00e4rdera dem med s\u00e5 [&hellip;]<span class=\"moretag\">L\u00e4s mer \u2026<\/span><\/p>\n","protected":false},"author":10,"featured_media":156,"parent":11,"menu_order":6,"comment_status":"closed","ping_status":"closed","template":"","meta":{"_acf_changed":false,"footnotes":""},"class_list":["post-155","page","type-page","status-publish","has-post-thumbnail","hentry"],"acf":[],"_links":{"self":[{"href":"https:\/\/papunet.net\/saavutettavuus\/pa-svenska\/wp-json\/wp\/v2\/pages\/155","targetHints":{"allow":["GET"]}}],"collection":[{"href":"https:\/\/papunet.net\/saavutettavuus\/pa-svenska\/wp-json\/wp\/v2\/pages"}],"about":[{"href":"https:\/\/papunet.net\/saavutettavuus\/pa-svenska\/wp-json\/wp\/v2\/types\/page"}],"author":[{"embeddable":true,"href":"https:\/\/papunet.net\/saavutettavuus\/pa-svenska\/wp-json\/wp\/v2\/users\/10"}],"replies":[{"embeddable":true,"href":"https:\/\/papunet.net\/saavutettavuus\/pa-svenska\/wp-json\/wp\/v2\/comments?post=155"}],"version-history":[{"count":0,"href":"https:\/\/papunet.net\/saavutettavuus\/pa-svenska\/wp-json\/wp\/v2\/pages\/155\/revisions"}],"up":[{"embeddable":true,"href":"https:\/\/papunet.net\/saavutettavuus\/pa-svenska\/wp-json\/wp\/v2\/pages\/11"}],"wp:featuredmedia":[{"embeddable":true,"href":"https:\/\/papunet.net\/saavutettavuus\/pa-svenska\/wp-json\/wp\/v2\/media\/156"}],"wp:attachment":[{"href":"https:\/\/papunet.net\/saavutettavuus\/pa-svenska\/wp-json\/wp\/v2\/media?parent=155"}],"curies":[{"name":"wp","href":"https:\/\/api.w.org\/{rel}","templated":true}]}}