{"id":157,"date":"2022-11-01T13:53:22","date_gmt":"2022-11-01T11:53:22","guid":{"rendered":"https:\/\/papunet.net\/saavutettavuus\/?page_id=157"},"modified":"2023-02-02T11:02:53","modified_gmt":"2023-02-02T09:02:53","slug":"plan-for-utvardering-av-tillganglighet","status":"publish","type":"page","link":"https:\/\/papunet.net\/saavutettavuus\/pa-svenska\/anvisningar-och-guider\/utvardering-av-tillganglighet\/plan-for-utvardering-av-tillganglighet\/","title":{"rendered":"Plan f\u00f6r utv\u00e4rdering av tillg\u00e4nglighet"},"content":{"rendered":"\n<p>Innan man b\u00f6rjar utv\u00e4rdera tillg\u00e4ngligheten p\u00e5 en webbplats, \u00e4r det bra att g\u00f6ra upp en plan med faserna i utv\u00e4rderingen och s\u00e5dant som man ska observera i utv\u00e4rderingen.<\/p>\n<p>Den h\u00e4r planen f\u00f6r utv\u00e4rdering av tillg\u00e4nglighet kan man ocks\u00e5 dra nytta av i det skede webbplatsen utvecklas.<\/p>\n<h2>M\u00e5l och syfte<\/h2>\n<ul>\n<li>Vilket \u00e4r utv\u00e4rderingens syfte, vad vill man utreda och uppn\u00e5?<\/li>\n<li>Vilken \u00e4r niv\u00e5n p\u00e5 tillg\u00e4nglighet och anv\u00e4ndbarhet som man vill uppn\u00e5 p\u00e5 webbplatsen?<\/li>\n<li>Kommer man efter utv\u00e4rderingen att framf\u00f6ra ocks\u00e5 \u00e4ndringsf\u00f6rslag? P\u00e5 hur noggrann niv\u00e5 kommer \u00e4ndringsf\u00f6rslagen att framf\u00f6ras?<\/li>\n<li>Det \u00e4r sk\u00e4l att definiera m\u00e5let med utv\u00e4rderingen av tillg\u00e4nglighet mycket exakt och noga. De punkter som finns noterade i m\u00e5let inverkar p\u00e5 de metoder som v\u00e4ljs f\u00f6r att utv\u00e4rdera tillg\u00e4ngligheten, sj\u00e4lva utv\u00e4rderingen och rapporteringen.<\/li>\n<\/ul>\n<h2>Metoder<\/h2>\n<ul>\n<li>Vem eller vilka utv\u00e4rderar webbplatsen?<\/li>\n<li>Deltar \u00e4ven verkliga anv\u00e4ndare i utv\u00e4rderingen eller \u00e4r utv\u00e4rderingen en expertbed\u00f6mning?<\/li>\n<li>Anv\u00e4nder man i utv\u00e4rderingen p\u00e5 f\u00f6rhand fastst\u00e4llda framg\u00e5ngskriterier f\u00f6r tillg\u00e4nglighet (exempelvis WCAG 2.1 \u2013 niv\u00e5 A, AA eller AAA)?<\/li>\n<li>Med vilka terminaler, webbl\u00e4sare eller assisterande tekniker genomf\u00f6rs utv\u00e4rderingen? Anv\u00e4nder man andra metoder i utv\u00e4rderingen, vilka?<\/li>\n<li>Utv\u00e4rderar man f\u00f6rutom webbplatsens tekniska tillg\u00e4nglighet ocks\u00e5 dess anv\u00e4ndbarhet f\u00f6r personer med nedsatt funktionsf\u00f6rm\u00e5ga? P\u00e5 vilket s\u00e4tt genomf\u00f6rs utv\u00e4rderingen av anv\u00e4ndbarheten?<\/li>\n<li>P\u00e5 vilket s\u00e4tt rapporteras resultaten?<\/li>\n<li>Redog\u00f6r man i anslutning till problemen med tillg\u00e4nglighet ocks\u00e5 f\u00f6r hur \u201dallvarliga\u201d de \u00e4r, det vill s\u00e4ga hur mycket ett enskilt problem inverkar p\u00e5 anv\u00e4ndarnas m\u00f6jligheter att anv\u00e4nda webbplatsen?<\/li>\n<li>Man har mest nytta av utv\u00e4rderingen om man anv\u00e4nder flera olika experter och slutanv\u00e4ndare, om man anv\u00e4nder webbplatsen omfattande med s\u00e5 m\u00e5nga olika terminaler, webbl\u00e4sare och assisterande tekniker som m\u00f6jligt. F\u00f6rutom den tekniska tillg\u00e4ngligheten ska man ocks\u00e5 beakta den kognitiva tillg\u00e4ngligheten och anv\u00e4ndbarheten.<\/li>\n<\/ul>\n<h2>Objekt f\u00f6r utv\u00e4rderingen<\/h2>\n<ul>\n<li>Vilken webbplats \u00e4r det som ska utv\u00e4rderas?<\/li>\n<li>Vilka undersidor och\/eller anv\u00e4ndningss\u00e4tt \u00e4r det som ska utv\u00e4rderas? Hur m\u00e5nga \u00e4r de till antalet?<\/li>\n<li>Det \u00e4r bra att utv\u00e4rdera flera sidbottnar och blanketter, olika slag av inneh\u00e5ll (bilder, videor, nedladdningsbara filer o.d.) och olika webbtekniker som anv\u00e4nds.<\/li>\n<\/ul>\n<h2>Tidtabell<\/h2>\n<ul>\n<li>N\u00e4r sker utv\u00e4rderingen?<\/li>\n<li>N\u00e4r returneras utv\u00e4rderingsrapporten?<\/li>\n<li>N\u00e4r \u00e4r \u00e4ndringsf\u00f6rslagen som l\u00f6ser tillg\u00e4nglighetsproblemen genomf\u00f6rda?<\/li>\n<li>Hur m\u00e5nga dagsverken \u00e4r det sk\u00e4l att reservera f\u00f6r de olika faserna?<\/li>\n<li>Det \u00e4r sk\u00e4l att noggrant fundera p\u00e5 tidsanv\u00e4ndningen. Det \u00e4r ocks\u00e5 klokt att l\u00e4mna lite spelrum i tidtabellen. Om det finns m\u00e5nga problem med tillg\u00e4ngligheten, tar det i allm\u00e4nhet l\u00e4ngre tid att utv\u00e4rdera webbplatsens tillg\u00e4nglighet och att l\u00f6sa problemen.<\/li>\n<\/ul>\n<h2>Utv\u00e4rdering och rapportering<\/h2>\n<ul>\n<li>Uppfyller den utv\u00e4rderade webbplatsen de p\u00e5 f\u00f6rhand fastst\u00e4llda m\u00e5len?<\/li>\n<li>Var f\u00f6rekommer det exakt taget tillg\u00e4nglighetsproblem?<\/li>\n<li>Hur ska problemen kunna l\u00f6sas?<\/li>\n<li>Rapporten om utv\u00e4rderingen ska skrivas p\u00e5 ett tydligt och begripligt s\u00e4tt, s\u00e5 att l\u00e4saren s\u00e4kert f\u00f6rst\u00e5r vilka problem webbplatsen har och hur problemen eventuellt ska kunna l\u00f6sas.<\/li>\n<\/ul>\n\n","protected":false},"excerpt":{"rendered":"<p>Innan man b\u00f6rjar utv\u00e4rdera tillg\u00e4ngligheten p\u00e5 en webbplats, \u00e4r det bra att g\u00f6ra upp en plan med faserna i utv\u00e4rderingen och s\u00e5dant som man ska observera i utv\u00e4rderingen. Den h\u00e4r planen f\u00f6r utv\u00e4rdering av tillg\u00e4nglighet kan [&hellip;]<span class=\"moretag\">L\u00e4s mer \u2026<\/span><\/p>\n","protected":false},"author":10,"featured_media":0,"parent":155,"menu_order":1,"comment_status":"closed","ping_status":"closed","template":"","meta":{"_acf_changed":false,"footnotes":""},"class_list":["post-157","page","type-page","status-publish","hentry"],"acf":[],"_links":{"self":[{"href":"https:\/\/papunet.net\/saavutettavuus\/pa-svenska\/wp-json\/wp\/v2\/pages\/157","targetHints":{"allow":["GET"]}}],"collection":[{"href":"https:\/\/papunet.net\/saavutettavuus\/pa-svenska\/wp-json\/wp\/v2\/pages"}],"about":[{"href":"https:\/\/papunet.net\/saavutettavuus\/pa-svenska\/wp-json\/wp\/v2\/types\/page"}],"author":[{"embeddable":true,"href":"https:\/\/papunet.net\/saavutettavuus\/pa-svenska\/wp-json\/wp\/v2\/users\/10"}],"replies":[{"embeddable":true,"href":"https:\/\/papunet.net\/saavutettavuus\/pa-svenska\/wp-json\/wp\/v2\/comments?post=157"}],"version-history":[{"count":0,"href":"https:\/\/papunet.net\/saavutettavuus\/pa-svenska\/wp-json\/wp\/v2\/pages\/157\/revisions"}],"up":[{"embeddable":true,"href":"https:\/\/papunet.net\/saavutettavuus\/pa-svenska\/wp-json\/wp\/v2\/pages\/155"}],"wp:attachment":[{"href":"https:\/\/papunet.net\/saavutettavuus\/pa-svenska\/wp-json\/wp\/v2\/media?parent=157"}],"curies":[{"name":"wp","href":"https:\/\/api.w.org\/{rel}","templated":true}]}}