{"id":160,"date":"2022-11-01T14:43:02","date_gmt":"2022-11-01T12:43:02","guid":{"rendered":"https:\/\/papunet.net\/saavutettavuus\/?page_id=160"},"modified":"2022-12-12T11:52:25","modified_gmt":"2022-12-12T09:52:25","slug":"verktyg-som-stod-for-utvardering-av-tillganglighet","status":"publish","type":"page","link":"https:\/\/papunet.net\/saavutettavuus\/pa-svenska\/anvisningar-och-guider\/utvardering-av-tillganglighet\/verktyg-som-stod-for-utvardering-av-tillganglighet\/","title":{"rendered":"Verktyg som st\u00f6d f\u00f6r utv\u00e4rdering av tillg\u00e4nglighet"},"content":{"rendered":"\n<h2>Verktyg f\u00f6r granskning av k\u00e4llkoden<\/h2>\n<p>WebAIM WAVE<\/p>\n<ul>\n<li>\n<a href=\"http:\/\/wave.webaim.org\/\">WAVE\u00a0<\/a>\u00e4r ett verktyg utvecklat av WebAIM, som rapporterar om tillg\u00e4nglighetsproblem som hittas av verktyget p\u00e5 en sida. WAVE visar i sidans v\u00e4nstra kant en balk som inneh\u00e5ller ett sammandrag av rapporten och n\u00e4rmare information. WAVE antecknar ocks\u00e5 kommentarer bredvid olika element p\u00e5 webbplatsen.<\/li>\n<li>I inst\u00e4llningarna f\u00f6r WAVE kan man v\u00e4lja vilka tillg\u00e4nglighetsriktlinjer verktyget anv\u00e4nder (WCAG 2.0 AA, WCAG 2.0 A och Section 508).<\/li>\n<li>WAVE finns ocks\u00e5 som insticksprogram f\u00f6r Firefox och Chrome.<\/li>\n<\/ul>\n<p>W3C Markup Validation Service<\/p>\n<ul>\n<li>Valideringstj\u00e4nsten\u00a0<a href=\"https:\/\/validator.w3.org\/\">Markup Validation Service<\/a>, som \u00e4r utvecklad av W3C, \u00e4r inte avsedd f\u00f6r att testa tillg\u00e4nglighet, men m\u00e5nga problem som har att g\u00f6ra med tillg\u00e4nglighet kan l\u00f6sas genom att man skriver valid HTML-kod enligt standarderna. Tj\u00e4nsten presenterar p\u00e5 ett ing\u00e5ende s\u00e4tt felen och beskrivningarna av dem.<\/li>\n<\/ul>\n<p>AChecker<\/p>\n<ul>\n<li>\n<a href=\"https:\/\/achecker.ca\/checker\/index.php\">AChecker<\/a>\u00a0\u00e4r en webbplats som testar tillg\u00e4nglighet. Med AChecker kan man testa tillg\u00e4ngligheten p\u00e5 en webbplats med hj\u00e4lp av dess internetadress, HTML-fil eller HTML-kod.<\/li>\n<li>AChecker inneh\u00e5ller f\u00f6rutom WCAG 2.0 ocks\u00e5 andra riktlinjer med vilka webbplatsen kan testas. P\u00e5 webbplatsen kan man v\u00e4lja att f\u00f6rutom att granska HTML-koden ocks\u00e5 granska CSS-koden.<\/li>\n<\/ul>\n<h2>Verktyg f\u00f6r granskning av m\u00f6rkhetskontrasten p\u00e5 webbsidor<\/h2>\n<ul>\n<li><a href=\"http:\/\/webaim.org\/resources\/contrastchecker\/\">WebAIM: Color Contrast Checker<\/a><\/li>\n<li><a href=\"https:\/\/contrast-ratio.com\/\">Contrast Ratio: Easily calculate color contrast ratios<\/a><\/li>\n<li><a href=\"https:\/\/snook.ca\/technical\/colour_contrast\/colour.html#fg=33FF33,bg=333333\">Colour Contrast Check (snook.ca)<\/a><\/li>\n<\/ul>\n<h2>Verktyg som installeras p\u00e5 datorn f\u00f6r att definiera f\u00e4rg<\/h2>\n<p>Med de h\u00e4r verktygen kan man peka p\u00e5 vilken punkt som helst p\u00e5 sk\u00e4rmen, varvid programmet ger f\u00e4rgkoden f\u00f6r ifr\u00e5gavarande punkt. F\u00e4rgkoderna kan matas in i exempelvis ett webbaserat verktyg avsett f\u00f6r att granska m\u00f6rkhetskontrasten.<\/p>\n<ul>\n<li>Drop (Mac OS)<\/li>\n<\/ul>\n\n","protected":false},"excerpt":{"rendered":"<p>Verktyg f\u00f6r granskning av k\u00e4llkoden WebAIM WAVE WAVE\u00a0\u00e4r ett verktyg utvecklat av WebAIM, som rapporterar om tillg\u00e4nglighetsproblem som hittas av verktyget p\u00e5 en sida. WAVE visar i sidans v\u00e4nstra kant en balk som inneh\u00e5ller ett sammandrag [&hellip;]<span class=\"moretag\">L\u00e4s mer \u2026<\/span><\/p>\n","protected":false},"author":10,"featured_media":0,"parent":155,"menu_order":3,"comment_status":"closed","ping_status":"closed","template":"","meta":{"_acf_changed":false,"footnotes":""},"class_list":["post-160","page","type-page","status-publish","hentry"],"acf":[],"_links":{"self":[{"href":"https:\/\/papunet.net\/saavutettavuus\/pa-svenska\/wp-json\/wp\/v2\/pages\/160","targetHints":{"allow":["GET"]}}],"collection":[{"href":"https:\/\/papunet.net\/saavutettavuus\/pa-svenska\/wp-json\/wp\/v2\/pages"}],"about":[{"href":"https:\/\/papunet.net\/saavutettavuus\/pa-svenska\/wp-json\/wp\/v2\/types\/page"}],"author":[{"embeddable":true,"href":"https:\/\/papunet.net\/saavutettavuus\/pa-svenska\/wp-json\/wp\/v2\/users\/10"}],"replies":[{"embeddable":true,"href":"https:\/\/papunet.net\/saavutettavuus\/pa-svenska\/wp-json\/wp\/v2\/comments?post=160"}],"version-history":[{"count":0,"href":"https:\/\/papunet.net\/saavutettavuus\/pa-svenska\/wp-json\/wp\/v2\/pages\/160\/revisions"}],"up":[{"embeddable":true,"href":"https:\/\/papunet.net\/saavutettavuus\/pa-svenska\/wp-json\/wp\/v2\/pages\/155"}],"wp:attachment":[{"href":"https:\/\/papunet.net\/saavutettavuus\/pa-svenska\/wp-json\/wp\/v2\/media?parent=160"}],"curies":[{"name":"wp","href":"https:\/\/api.w.org\/{rel}","templated":true}]}}