{"id":163,"date":"2022-11-02T12:22:17","date_gmt":"2022-11-02T10:22:17","guid":{"rendered":"https:\/\/papunet.net\/saavutettavuus\/?page_id=163"},"modified":"2022-12-12T14:25:32","modified_gmt":"2022-12-12T12:25:32","slug":"sociala-medier","status":"publish","type":"page","link":"https:\/\/papunet.net\/saavutettavuus\/pa-svenska\/anvisningar-och-guider\/sociala-medier\/","title":{"rendered":"Sociala medier"},"content":{"rendered":"\n<p>Tillg\u00e4nglighetskrav g\u00e4ller ocks\u00e5 inneh\u00e5ll som publiceras p\u00e5 sociala medier. I den h\u00e4r delen presenterar vi tips om de mest allm\u00e4nna s\u00e4tten hur man kan g\u00f6ra inneh\u00e5ll p\u00e5 sociala medier tillg\u00e4ngligt.<\/p>\n<h2>Bilder<\/h2>\n<h3>Textmotsvarigheter f\u00f6r bilder<\/h3>\n<p>N\u00e4r man publicerar en bild p\u00e5 Facebook, Twitter eller p\u00e5 n\u00e5gon annan plattform f\u00f6r sociala medier, ska man komma ih\u00e5g att f\u00f6rse bilden med en textmotsvarighet. Skriv i textmotsvarigheten vad som syns p\u00e5 bilden. Med hj\u00e4lp av en textmotsvarighet kan personer med synskador och som anv\u00e4nder sk\u00e4rml\u00e4sningsprogram f\u00e5 veta vad som finns p\u00e5 bilden.<\/p>\n<p>Bildens textmotsvarighet \u00e4r en kort beskrivning av bildens inneh\u00e5ll. Om bilden har mycket inneh\u00e5ll som \u00e4r viktigt, ska en mer omfattande beskrivning av inneh\u00e5llet skrivas i sj\u00e4lva inl\u00e4gget. Om bilden inte inneh\u00e5ller s\u00e5dant som har betydelse med avseende p\u00e5 f\u00f6rst\u00e5elsen eller om man ber\u00e4ttar om bilden i sj\u00e4lva inl\u00e4gget, beh\u00f6ver man inte l\u00e4gga till n\u00e5gon textmotsvarighet.<\/p>\n<p>Att l\u00e4gga till en textmotsvarighet g\u00f6rs p\u00e5 olika s\u00e4tt p\u00e5 de olika plattformarna f\u00f6r sociala medier. Om den tj\u00e4nst f\u00f6r sociala medier man anv\u00e4nder saknar en m\u00f6jlighet att l\u00e4gga till en textmotsvarighet, kan man skriva in en beskrivning av bilden direkt i sitt inl\u00e4gg p\u00e5 sociala medier.<\/p>\n<h3>Bilder med text<\/h3>\n<p>Om den bild man l\u00e4gger till inneh\u00e5ller text, skriv in texten som finns p\u00e5 bilden i samma inl\u00e4gg. Om texten p\u00e5 bilden saknar betydelse med avseende p\u00e5 f\u00f6rst\u00e5elsen, beh\u00f6ver man inte skriva in den i inl\u00e4gget.<\/p>\n<p>Bilder med text \u00e4r vanliga i sociala medier. Ofta presenteras exempelvis meddelanden om evenemang p\u00e5 det h\u00e4r s\u00e4ttet \u2013 som en bild med text. Det h\u00e4r \u00e4r inte ett tillg\u00e4ngligt s\u00e4tt att sprida information, om inte samma inneh\u00e5ll har skrivits in ocks\u00e5 i sj\u00e4lva inl\u00e4gget.<\/p>\n<p>Om bilden inneh\u00e5ller mycket text, skriv i bildens textmotsvarighet in en kort beskrivning av inneh\u00e5llet och skriv in bildens textinneh\u00e5ll direkt i inl\u00e4gget. Om antalet tecken i exempelvis Twitter inte r\u00e4cker till f\u00f6r att skriva in allt textinneh\u00e5ll, ska man l\u00e4gga till texten bakom en separat l\u00e4nk.<\/p>\n<h3>Invecklade och komplexa bilder<\/h3>\n<p>Om man med hj\u00e4lp av en bild vill f\u00f6rmedla mycket information, ska man skriva in informationen som text i inl\u00e4gget. Information som presenteras som exempelvis olika kurvor eller stapeldiagram \u00e4r inte enbart som en bild tillg\u00e4nglig f\u00f6r alla. D\u00e4rf\u00f6r ska den information som presenteras p\u00e5 bilden f\u00f6rklaras i sj\u00e4lva inl\u00e4ggets text.<\/p>\n<p>I textmotsvarigheten f\u00f6r en s\u00e5dan bild skriver man allts\u00e5 inte in all information som finns p\u00e5 bilden. Informationen presenteras i sj\u00e4lva inl\u00e4gget. I textmotsvarigheten ber\u00e4ttar man kort vad man vill f\u00f6rmedla med bilden.<\/p>\n<h2>Videor<\/h2>\n<h3>Textning<\/h3>\n<p>Allt tal p\u00e5 videor ska textas. Man ska ocks\u00e5 texta annat ljud p\u00e5 videon som \u00e4r viktigt med avseende p\u00e5 inneh\u00e5llet.<\/p>\n<p>Exempelvis erbjuder Youtube ett eget textningsverktyg som \u00e4r l\u00e4tt att anv\u00e4nda f\u00f6r att g\u00f6ra textningar. Textningar kan ofta ocks\u00e5 l\u00e4ggas till med samma editeringsapplikation som har anv\u00e4nts f\u00f6r att editera videon. F\u00f6r textningar finns ocks\u00e5 olika applikationer, exempelvis den avgiftsfria\u00a0<a href=\"https:\/\/nikse.dk\/SubtitleEdit\/\">Subtitle Edit<\/a>.<\/p>\n<h3>Syntolkning<\/h3>\n<p>Av videon ska det ocks\u00e5 finnas en syntolkad version. Med syntolkning avses ett separat ljudsp\u00e5r d\u00e4r man beskriver vad som sker p\u00e5 videon. Syntolken talar p\u00e5 de delar av videon som saknar dialog eller annat ljud som \u00e4r viktigt med avseende p\u00e5 f\u00f6rst\u00e5elsen av videon.<\/p>\n<p>Man ska komma ih\u00e5g att alltid i tal uttrycka det som p\u00e5 videon visas som textinneh\u00e5ll. S\u00e5dant kan exempelvis vara namn och titel p\u00e5 den person som visas p\u00e5 videon.<\/p>\n<p>Det \u00e4r sk\u00e4l att beakta kravet p\u00e5 syntolkning redan d\u00e5 man planerar och filmar in videon. D\u00e5 beh\u00f6ver man inte alltid skapa en separat syntolkning.<\/p>\n<h3>Fall d\u00e4r syntolkning inte \u00e4r n\u00f6dv\u00e4ndig<\/h3>\n<ul>\n<li>Videons visuella inneh\u00e5ll \u00e4r helt och h\u00e5llet dekorativt och har ingen betydelse f\u00f6r att man ska f\u00f6rst\u00e5 inneh\u00e5llet i videon.<\/li>\n<li>P\u00e5 videons ursprungliga ljudsp\u00e5r finns allt viktigt inneh\u00e5ll som tal.<\/li>\n<li>Videon \u00e4r en s\u00e5 kallad \u201dtalande huvud\u201d video.<\/li>\n<\/ul>\n<h3>Textversion<\/h3>\n<p>Det rekommenderas att ocks\u00e5 som text skriva det viktigaste som presenteras p\u00e5 videon.\u00a0I exempelvis Youtube kan man i videons beskrivningsf\u00e4lt skriva in vad videon handlar om och vad som talas p\u00e5 den. Hela videon beh\u00f6ver man n\u00f6dv\u00e4ndigtvis inte skriva in ord f\u00f6r ord\u00a0\u2013\u00a0ett sammandrag \u00e4r till hj\u00e4lp f\u00f6r m\u00e5nga.<\/p>\n<h2>Fyrkantstaggar eller #hashtaggar<\/h2>\n<p>L\u00e4sningen av meddelanden f\u00f6rsv\u00e5ras ju mer man har anv\u00e4nt #hashtaggar inne i texten. Om det \u00e4r m\u00f6jligt \u00e4r det sk\u00e4l att placera dem i slutet av texten.<\/p>\n<p>Om det i en hashtagg finns fler \u00e4n ett ord, \u00e4r det sk\u00e4l att inleda varje enskilt ord med stor bokstav. Det h\u00e4r underl\u00e4ttar l\u00e4sningen f\u00f6r m\u00e5nga och exempelvis ett sk\u00e4rml\u00e4sningsprogram l\u00e4ser d\u00e5 orden separat. Den h\u00e4r anvisningen g\u00e4ller inte sammansatta ord!<\/p>\n<p>Exempel: #Fotboll\u00c4rRoligt.<\/p>\n<h2>Anvisningar om olika sociala mediers tj\u00e4nster<\/h2>\n<h3>Papunets egna anvisningar<\/h3>\n<p>Papunet har utarbetat egna anvisningar om att l\u00e4gga till textmotsvarigheter i olika sociala mediers tj\u00e4nster. Anvisningarna kommer att uppdateras och ut\u00f6kas.<\/p>\n\n","protected":false},"excerpt":{"rendered":"<p>Tillg\u00e4nglighetskrav g\u00e4ller ocks\u00e5 inneh\u00e5ll som publiceras p\u00e5 sociala medier. I den h\u00e4r delen presenterar vi tips om de mest allm\u00e4nna s\u00e4tten hur man kan g\u00f6ra inneh\u00e5ll p\u00e5 sociala medier tillg\u00e4ngligt. Bilder Textmotsvarigheter f\u00f6r bilder N\u00e4r man [&hellip;]<span class=\"moretag\">L\u00e4s mer \u2026<\/span><\/p>\n","protected":false},"author":10,"featured_media":164,"parent":11,"menu_order":8,"comment_status":"closed","ping_status":"closed","template":"","meta":{"_acf_changed":false,"footnotes":""},"class_list":["post-163","page","type-page","status-publish","has-post-thumbnail","hentry"],"acf":[],"_links":{"self":[{"href":"https:\/\/papunet.net\/saavutettavuus\/pa-svenska\/wp-json\/wp\/v2\/pages\/163","targetHints":{"allow":["GET"]}}],"collection":[{"href":"https:\/\/papunet.net\/saavutettavuus\/pa-svenska\/wp-json\/wp\/v2\/pages"}],"about":[{"href":"https:\/\/papunet.net\/saavutettavuus\/pa-svenska\/wp-json\/wp\/v2\/types\/page"}],"author":[{"embeddable":true,"href":"https:\/\/papunet.net\/saavutettavuus\/pa-svenska\/wp-json\/wp\/v2\/users\/10"}],"replies":[{"embeddable":true,"href":"https:\/\/papunet.net\/saavutettavuus\/pa-svenska\/wp-json\/wp\/v2\/comments?post=163"}],"version-history":[{"count":0,"href":"https:\/\/papunet.net\/saavutettavuus\/pa-svenska\/wp-json\/wp\/v2\/pages\/163\/revisions"}],"up":[{"embeddable":true,"href":"https:\/\/papunet.net\/saavutettavuus\/pa-svenska\/wp-json\/wp\/v2\/pages\/11"}],"wp:featuredmedia":[{"embeddable":true,"href":"https:\/\/papunet.net\/saavutettavuus\/pa-svenska\/wp-json\/wp\/v2\/media\/164"}],"wp:attachment":[{"href":"https:\/\/papunet.net\/saavutettavuus\/pa-svenska\/wp-json\/wp\/v2\/media?parent=163"}],"curies":[{"name":"wp","href":"https:\/\/api.w.org\/{rel}","templated":true}]}}