{"id":168,"date":"2022-11-02T13:44:15","date_gmt":"2022-11-02T11:44:15","guid":{"rendered":"https:\/\/papunet.net\/saavutettavuus\/?page_id=168"},"modified":"2023-03-06T13:46:34","modified_gmt":"2023-03-06T11:46:34","slug":"instagram","status":"publish","type":"page","link":"https:\/\/papunet.net\/saavutettavuus\/pa-svenska\/anvisningar-och-guider\/sociala-medier\/instagram\/","title":{"rendered":"Instagram"},"content":{"rendered":"\n<h2 class=\"wp-block-heading\">Att l\u00e4gga till en textmotsvarighet med iPhone appen<\/h2>\n\n\n\n<ol class=\"wp-block-list\">\n<li>Skapa ett nytt inl\u00e4gg.<\/li>\n\n\n\n<li>V\u00e4lj den bild du vill ha och tryck p\u00e5 \u201dN\u00e4sta\u201d.<\/li>\n\n\n\n<li>V\u00e4lj \u201dAvancerade inst\u00e4llningar\u201d.<\/li>\n\n\n\n<li>V\u00e4lj \u201dSkriv alternativ text\u201d.<\/li>\n\n\n\n<li>Skriv l\u00e4mplig textmotsvarighet f\u00f6r bilden och klicka p\u00e5 \u201dKlart\u201d.<\/li>\n\n\n\n<li>Nu kan du dela inl\u00e4gget.<\/li>\n<\/ol>\n\n\n\n<p>Om bilden inneh\u00e5ller text, skriv in den p\u00e5 bilden synliga texten ocks\u00e5 i sj\u00e4lva inl\u00e4gget, det vill s\u00e4ga i bildtexten.<\/p>\n\n\n\n<p>Det \u00e4r m\u00f6jligt att l\u00e4gga till textmotsvarigheter till bilder ocks\u00e5 efter publiceringen genom att redigera ifr\u00e5gavarande inl\u00e4gg.<\/p>\n\n\n\n<figure class=\"wp-block-image alignnone size-medium wp-image-169\"><img loading=\"lazy\" decoding=\"async\" width=\"181\" height=\"300\" src=\"https:\/\/papunet.net\/saavutettavuus\/wp-content\/uploads\/2022\/11\/insta3_2-181x300.png\" alt=\"Ohjekuva vaihtoehtoisen tekstin lis\u00e4\u00e4miseen\" class=\"wp-image-169 img-responsive\" srcset=\"https:\/\/papunet.net\/saavutettavuus\/pa-svenska\/wp-content\/uploads\/sites\/2\/2022\/11\/insta3_2-181x300.png 181w, https:\/\/papunet.net\/saavutettavuus\/pa-svenska\/wp-content\/uploads\/sites\/2\/2022\/11\/insta3_2.png 460w\" sizes=\"auto, (max-width: 181px) 100vw, 181px\" \/><figcaption class=\"wp-element-caption\"><em>\u00a0L\u00e4gg till bilden och v\u00e4lj \u201dAvancerade inst\u00e4llningar\u201d.<\/em><\/figcaption><\/figure>\n\n\n\n<figure class=\"wp-block-image alignnone size-medium wp-image-170\"><img loading=\"lazy\" decoding=\"async\" width=\"153\" height=\"300\" src=\"https:\/\/papunet.net\/saavutettavuus\/wp-content\/uploads\/2022\/11\/insta1_3-153x300.png\" alt=\"Ohjekuva vaihtoehtoisen tekstin lis\u00e4\u00e4miseen.\" class=\"wp-image-170 img-responsive\" srcset=\"https:\/\/papunet.net\/saavutettavuus\/pa-svenska\/wp-content\/uploads\/sites\/2\/2022\/11\/insta1_3-153x300.png 153w, https:\/\/papunet.net\/saavutettavuus\/pa-svenska\/wp-content\/uploads\/sites\/2\/2022\/11\/insta1_3.png 460w\" sizes=\"auto, (max-width: 153px) 100vw, 153px\" \/><figcaption class=\"wp-element-caption\"><em>V\u00e4lj \u201dSkriv alternativ text\u201d.<\/em><\/figcaption><\/figure>\n\n\n\n<figure class=\"wp-block-image alignnone size-medium wp-image-171\"><img loading=\"lazy\" decoding=\"async\" width=\"163\" height=\"300\" src=\"https:\/\/papunet.net\/saavutettavuus\/wp-content\/uploads\/2022\/11\/insta2_3-163x300.png\" alt=\"Ohjekuva vaihtoehtoisen tekstin lis\u00e4\u00e4miseen.\" class=\"wp-image-171 img-responsive\" srcset=\"https:\/\/papunet.net\/saavutettavuus\/pa-svenska\/wp-content\/uploads\/sites\/2\/2022\/11\/insta2_3-163x300.png 163w, https:\/\/papunet.net\/saavutettavuus\/pa-svenska\/wp-content\/uploads\/sites\/2\/2022\/11\/insta2_3.png 460w\" sizes=\"auto, (max-width: 163px) 100vw, 163px\" \/><figcaption class=\"wp-element-caption\"><em>Skriv l\u00e4mplig textmotsvarighet f\u00f6r bilden och klicka p\u00e5 \u201dKlart\u201d.<\/em><\/figcaption><\/figure>\n\n\n\n<h2 class=\"wp-block-heading\">L\u00e4s mer<\/h2>\n\n\n\n<p><a href=\"https:\/\/www.facebook.com\/help\/instagram\/503708446705527\">Instagrams egna instruktioner f\u00f6r att l\u00e4gga till en textmotsvarighet.<\/a><\/p>\n\n","protected":false},"excerpt":{"rendered":"<p>Att l\u00e4gga till en textmotsvarighet med iPhone appen Om bilden inneh\u00e5ller text, skriv in den p\u00e5 bilden synliga texten ocks\u00e5 i sj\u00e4lva inl\u00e4gget, det vill s\u00e4ga i bildtexten. Det \u00e4r m\u00f6jligt att l\u00e4gga till textmotsvarigheter till [&hellip;]<span class=\"moretag\">L\u00e4s mer \u2026<\/span><\/p>\n","protected":false},"author":10,"featured_media":0,"parent":163,"menu_order":2,"comment_status":"closed","ping_status":"closed","template":"","meta":{"_acf_changed":false,"footnotes":""},"class_list":["post-168","page","type-page","status-publish","hentry"],"acf":[],"_links":{"self":[{"href":"https:\/\/papunet.net\/saavutettavuus\/pa-svenska\/wp-json\/wp\/v2\/pages\/168","targetHints":{"allow":["GET"]}}],"collection":[{"href":"https:\/\/papunet.net\/saavutettavuus\/pa-svenska\/wp-json\/wp\/v2\/pages"}],"about":[{"href":"https:\/\/papunet.net\/saavutettavuus\/pa-svenska\/wp-json\/wp\/v2\/types\/page"}],"author":[{"embeddable":true,"href":"https:\/\/papunet.net\/saavutettavuus\/pa-svenska\/wp-json\/wp\/v2\/users\/10"}],"replies":[{"embeddable":true,"href":"https:\/\/papunet.net\/saavutettavuus\/pa-svenska\/wp-json\/wp\/v2\/comments?post=168"}],"version-history":[{"count":0,"href":"https:\/\/papunet.net\/saavutettavuus\/pa-svenska\/wp-json\/wp\/v2\/pages\/168\/revisions"}],"up":[{"embeddable":true,"href":"https:\/\/papunet.net\/saavutettavuus\/pa-svenska\/wp-json\/wp\/v2\/pages\/163"}],"wp:attachment":[{"href":"https:\/\/papunet.net\/saavutettavuus\/pa-svenska\/wp-json\/wp\/v2\/media?parent=168"}],"curies":[{"name":"wp","href":"https:\/\/api.w.org\/{rel}","templated":true}]}}