{"id":172,"date":"2022-11-02T13:56:24","date_gmt":"2022-11-02T11:56:24","guid":{"rendered":"https:\/\/papunet.net\/saavutettavuus\/?page_id=172"},"modified":"2023-03-06T13:46:45","modified_gmt":"2023-03-06T11:46:45","slug":"twitter","status":"publish","type":"page","link":"https:\/\/papunet.net\/saavutettavuus\/pa-svenska\/anvisningar-och-guider\/sociala-medier\/twitter\/","title":{"rendered":"Twitter"},"content":{"rendered":"\n<p>I Twitter \u00e4r det m\u00f6jligt att l\u00e4gga till textmotsvarigheter f\u00f6r bilder.<\/p>\n\n\n\n<h2 class=\"wp-block-heading\">Att l\u00e4gga till en textmotsvarighet med webbl\u00e4saren<\/h2>\n\n\n\n<ol class=\"wp-block-list\">\n<li>B\u00f6rja genom att g\u00f6ra en ny tweet.<\/li>\n\n\n\n<li>Klicka p\u00e5 knappen\u00a0<strong>L\u00e4gg till bilder eller video<\/strong>.<\/li>\n\n\n\n<li>Klicka p\u00e5\u00a0<strong>L\u00e4gg till en beskrivning<\/strong>.<\/li>\n\n\n\n<li>I den h\u00e4r fasen kan det komma en fr\u00e5ga om du vill l\u00e4gga till en beskrivning. Klicka p\u00e5\u00a0<strong>Visst<\/strong>.<\/li>\n\n\n\n<li>L\u00e4gg till en beskrivning av bilden (textmotsvarighet) det vill s\u00e4ga ber\u00e4tta vad som syns p\u00e5 bilden. Kontrollera att fliken\u00a0<strong>ALT<\/strong> ovanf\u00f6r bilden \u00e4r vald. Den b\u00f6r som utg\u00e5ngsl\u00e4ge redan f\u00e4rdigt vara vald. (F\u00f6r personer som anv\u00e4nder sk\u00e4rml\u00e4sningsprogram st\u00e5r i den h\u00e4r fliken\u00a0<strong>Redigera bildens beskrivning<\/strong>.)<\/li>\n\n\n\n<li>Klicka p\u00e5\u00a0<strong>Spara<\/strong>.<\/li>\n\n\n\n<li>Skriv din egen tweet och klicka p\u00e5\u00a0<strong>Tweeta.<\/strong>\n<\/li>\n<\/ol>\n\n\n\n<p>Om bilden inneh\u00e5ller text, skriv in den p\u00e5 bilden synliga texten ocks\u00e5 i sj\u00e4lva inl\u00e4gget. Om antalet tecken som Twitter erbjuder inte r\u00e4cker till f\u00f6r att skriva in allt textinneh\u00e5ll, ska man l\u00e4gga till texten bakom en separat l\u00e4nk, som man kommer till fr\u00e5n ifr\u00e5gavarande Twitter-inl\u00e4gg.<\/p>\n\n\n\n<p>Det \u00e4r m\u00f6jligt att l\u00e4gga till textmotsvarigheter till bilder ocks\u00e5 efter publiceringen genom att redigera ifr\u00e5gavarande inl\u00e4gg.<\/p>\n\n\n\n<figure class=\"wp-block-image alignnone size-medium wp-image-173\"><img loading=\"lazy\" decoding=\"async\" width=\"300\" height=\"247\" src=\"https:\/\/papunet.net\/saavutettavuus\/wp-content\/uploads\/2022\/11\/tviitti1_2-300x247.png\" alt=\"Ohjekuva vaihtoehtoisen tekstin lis\u00e4\u00e4miseen. \" class=\"wp-image-173 img-responsive\" srcset=\"https:\/\/papunet.net\/saavutettavuus\/pa-svenska\/wp-content\/uploads\/sites\/2\/2022\/11\/tviitti1_2-300x247.png 300w, https:\/\/papunet.net\/saavutettavuus\/pa-svenska\/wp-content\/uploads\/sites\/2\/2022\/11\/tviitti1_2.png 460w\" sizes=\"auto, (max-width: 300px) 100vw, 300px\" \/><figcaption class=\"wp-element-caption\"><em>L\u00e4gg till bilden och klicka p\u00e5 \u201dL\u00e4gg till en beskrivning\u201d.<\/em><\/figcaption><\/figure>\n\n\n\n<figure class=\"wp-block-image alignnone size-medium wp-image-174\"><img loading=\"lazy\" decoding=\"async\" width=\"286\" height=\"300\" src=\"https:\/\/papunet.net\/saavutettavuus\/wp-content\/uploads\/2022\/11\/tviitti2_2-286x300.png\" alt=\"Ohjekuva vaihtoehtoisen tekstin lis\u00e4\u00e4miseen.\" class=\"wp-image-174 img-responsive\" srcset=\"https:\/\/papunet.net\/saavutettavuus\/pa-svenska\/wp-content\/uploads\/sites\/2\/2022\/11\/tviitti2_2-286x300.png 286w, https:\/\/papunet.net\/saavutettavuus\/pa-svenska\/wp-content\/uploads\/sites\/2\/2022\/11\/tviitti2_2.png 460w\" sizes=\"auto, (max-width: 286px) 100vw, 286px\" \/><figcaption class=\"wp-element-caption\"><em>L\u00e4gg till en beskrivning av bilden (textmotsvarighet) det vill ber\u00e4tta vad som syns p\u00e5 bilden. Kontrollera att fliken ALT ovanf\u00f6r bilden \u00e4r vald. Den b\u00f6r som utg\u00e5ngsl\u00e4ge redan f\u00e4rdigt vara vald. (F\u00f6r personer som anv\u00e4nder sk\u00e4rml\u00e4sningsprogram st\u00e5r i den h\u00e4r fliken \u201dRedigera bildens beskrivning\u201d.)<\/em><\/figcaption><\/figure>\n\n\n\n<figure class=\"wp-block-image alignnone size-medium wp-image-175\"><img loading=\"lazy\" decoding=\"async\" width=\"300\" height=\"265\" src=\"https:\/\/papunet.net\/saavutettavuus\/wp-content\/uploads\/2022\/11\/tviitti3_3-300x265.png\" alt=\"Ohjekuva vaihtoehtoisen tekstin lis\u00e4\u00e4miseen.\" class=\"wp-image-175 img-responsive\" srcset=\"https:\/\/papunet.net\/saavutettavuus\/pa-svenska\/wp-content\/uploads\/sites\/2\/2022\/11\/tviitti3_3-300x265.png 300w, https:\/\/papunet.net\/saavutettavuus\/pa-svenska\/wp-content\/uploads\/sites\/2\/2022\/11\/tviitti3_3.png 460w\" sizes=\"auto, (max-width: 300px) 100vw, 300px\" \/><figcaption class=\"wp-element-caption\"><em>Nu har bilden en l\u00e4mplig textmotsvarighet och \u00e4r redo att publiceras.<\/em><\/figcaption><\/figure>\n\n\n\n<h2 class=\"wp-block-heading\">L\u00e4s mer p\u00e5 Twitters egna sidor<\/h2>\n\n\n\n<p>Kolla in Twitters egna instruktioner f\u00f6r att l\u00e4gga till en textmotsvarighet. Instruktionerna \u00e4r p\u00e5 engelska.<\/p>\n\n\n\n<p><a href=\"https:\/\/help.twitter.com\/en\/using-twitter\/picture-descriptions\">S\u00e5 h\u00e4r l\u00e4gger du till en textmotsvarighet p\u00e5 Twitter.<\/a><\/p>\n\n","protected":false},"excerpt":{"rendered":"<p>I Twitter \u00e4r det m\u00f6jligt att l\u00e4gga till textmotsvarigheter f\u00f6r bilder. Att l\u00e4gga till en textmotsvarighet med webbl\u00e4saren Om bilden inneh\u00e5ller text, skriv in den p\u00e5 bilden synliga texten ocks\u00e5 i sj\u00e4lva inl\u00e4gget. Om antalet tecken [&hellip;]<span class=\"moretag\">L\u00e4s mer \u2026<\/span><\/p>\n","protected":false},"author":10,"featured_media":0,"parent":163,"menu_order":3,"comment_status":"closed","ping_status":"closed","template":"","meta":{"_acf_changed":false,"footnotes":""},"class_list":["post-172","page","type-page","status-publish","hentry"],"acf":[],"_links":{"self":[{"href":"https:\/\/papunet.net\/saavutettavuus\/pa-svenska\/wp-json\/wp\/v2\/pages\/172","targetHints":{"allow":["GET"]}}],"collection":[{"href":"https:\/\/papunet.net\/saavutettavuus\/pa-svenska\/wp-json\/wp\/v2\/pages"}],"about":[{"href":"https:\/\/papunet.net\/saavutettavuus\/pa-svenska\/wp-json\/wp\/v2\/types\/page"}],"author":[{"embeddable":true,"href":"https:\/\/papunet.net\/saavutettavuus\/pa-svenska\/wp-json\/wp\/v2\/users\/10"}],"replies":[{"embeddable":true,"href":"https:\/\/papunet.net\/saavutettavuus\/pa-svenska\/wp-json\/wp\/v2\/comments?post=172"}],"version-history":[{"count":0,"href":"https:\/\/papunet.net\/saavutettavuus\/pa-svenska\/wp-json\/wp\/v2\/pages\/172\/revisions"}],"up":[{"embeddable":true,"href":"https:\/\/papunet.net\/saavutettavuus\/pa-svenska\/wp-json\/wp\/v2\/pages\/163"}],"wp:attachment":[{"href":"https:\/\/papunet.net\/saavutettavuus\/pa-svenska\/wp-json\/wp\/v2\/media?parent=172"}],"curies":[{"name":"wp","href":"https:\/\/api.w.org\/{rel}","templated":true}]}}