{"id":179,"date":"2022-11-02T14:21:31","date_gmt":"2022-11-02T12:21:31","guid":{"rendered":"https:\/\/papunet.net\/saavutettavuus\/?page_id=179"},"modified":"2023-02-02T14:11:32","modified_gmt":"2023-02-02T12:11:32","slug":"utbildningar","status":"publish","type":"page","link":"https:\/\/papunet.net\/saavutettavuus\/pa-svenska\/tjanster\/utbildningar\/","title":{"rendered":"Utbildningar"},"content":{"rendered":"\n<p>Vi erbjuder utbildning, information och handledning i fr\u00e5gor om tillg\u00e4ngliga webbsidor.\u00a0Vi erbjuder allm\u00e4nna <strong>utbildningar<\/strong> <strong>som \u00e4r \u00f6ppna f\u00f6r alla<\/strong> och <strong>best\u00e4llningsutbildningar <\/strong>riktade till exempelvis personal i en arbetsgemenskap.<\/p>\n<h2>Best\u00e4llningsutbildningar<\/h2>\n<p>Best\u00e4llningsutbildningarna, som ordnas endast p\u00e5 finska, planeras och skr\u00e4ddarsys enligt best\u00e4llarens behov och \u00f6nskem\u00e5l.\u00a0Ta kontakt och ber\u00e4tta hurdan utbildning om tillg\u00e4nglighet som skulle vara till nytta f\u00f6r din personal eller ditt f\u00f6retag!<\/p>\n<p>I best\u00e4llningsutbildningarna kan vi beakta<\/p>\n<ul>\n<li>planerare av webbtj\u00e4nster,<\/li>\n<li>kodare,<\/li>\n<li>inneh\u00e5llsproducenter och kommunikationsansvariga,<\/li>\n<li>best\u00e4llare av webbtj\u00e4nster,<\/li>\n<li>alla som \u00e4r intresserade av tillg\u00e4nglighet.<\/li>\n<\/ul>\n<p>Med hurdant inneh\u00e5ll kan en utbildning byggas upp?<\/p>\n<ul>\n<li>Vad \u00e4r tillg\u00e4nglighet och varf\u00f6r \u00e4r tillg\u00e4nglighet viktigt?<\/li>\n<li>Lagen om digitala tj\u00e4nster och tillg\u00e4nglighetskraven som finns i den.<\/li>\n<li>WCAG riktlinjerna f\u00f6r tillg\u00e4nglighet och dess anv\u00e4ndning.<\/li>\n<li>Olika skador och funktionsneds\u00e4ttningar och utmaningar de ger upphov till p\u00e5 webben.<\/li>\n<li>Assisterande teknik och hur den p\u00e5verkar anv\u00e4ndningen av webbsidor.<\/li>\n<li>Konkreta och praktiska anvisningar om att skapa tillg\u00e4ngliga webbsidor.<\/li>\n<li>Principer om kognitiv tillg\u00e4nglighet och webbsidors l\u00e4ttanv\u00e4ndbarhet.<\/li>\n<li>Tillg\u00e4nglig information, klarspr\u00e5k och anv\u00e4ndning av l\u00e4ttl\u00e4st spr\u00e5k p\u00e5 webbsidor (i samarbete med LL-Center och Selkokeskus).<\/li>\n<\/ul>\n<p>Bekanta dig ocks\u00e5 med Selkokeskus och <a href=\"https:\/\/ll-center.fi\/svenska\/tjanster\/kurser\/\">LL-Centers utbildningar<\/a>.<\/p>\n<h2>Kontakt och offertbeg\u00e4ran<\/h2>\n<p>Marjo Timonen<br>\nmarjo.timonen@kvl.fi<br>\n09\u00a0348\u00a0092 23<\/p>\n\n","protected":false},"excerpt":{"rendered":"<p>Vi erbjuder utbildning, information och handledning i fr\u00e5gor om tillg\u00e4ngliga webbsidor.\u00a0Vi erbjuder allm\u00e4nna utbildningar som \u00e4r \u00f6ppna f\u00f6r alla och best\u00e4llningsutbildningar riktade till exempelvis personal i en arbetsgemenskap. Best\u00e4llningsutbildningar Best\u00e4llningsutbildningarna, som ordnas endast p\u00e5 finska, planeras [&hellip;]<span class=\"moretag\">L\u00e4s mer \u2026<\/span><\/p>\n","protected":false},"author":10,"featured_media":180,"parent":12,"menu_order":2,"comment_status":"closed","ping_status":"closed","template":"","meta":{"_acf_changed":false,"footnotes":""},"class_list":["post-179","page","type-page","status-publish","has-post-thumbnail","hentry"],"acf":[],"_links":{"self":[{"href":"https:\/\/papunet.net\/saavutettavuus\/pa-svenska\/wp-json\/wp\/v2\/pages\/179","targetHints":{"allow":["GET"]}}],"collection":[{"href":"https:\/\/papunet.net\/saavutettavuus\/pa-svenska\/wp-json\/wp\/v2\/pages"}],"about":[{"href":"https:\/\/papunet.net\/saavutettavuus\/pa-svenska\/wp-json\/wp\/v2\/types\/page"}],"author":[{"embeddable":true,"href":"https:\/\/papunet.net\/saavutettavuus\/pa-svenska\/wp-json\/wp\/v2\/users\/10"}],"replies":[{"embeddable":true,"href":"https:\/\/papunet.net\/saavutettavuus\/pa-svenska\/wp-json\/wp\/v2\/comments?post=179"}],"version-history":[{"count":0,"href":"https:\/\/papunet.net\/saavutettavuus\/pa-svenska\/wp-json\/wp\/v2\/pages\/179\/revisions"}],"up":[{"embeddable":true,"href":"https:\/\/papunet.net\/saavutettavuus\/pa-svenska\/wp-json\/wp\/v2\/pages\/12"}],"wp:featuredmedia":[{"embeddable":true,"href":"https:\/\/papunet.net\/saavutettavuus\/pa-svenska\/wp-json\/wp\/v2\/media\/180"}],"wp:attachment":[{"href":"https:\/\/papunet.net\/saavutettavuus\/pa-svenska\/wp-json\/wp\/v2\/media?parent=179"}],"curies":[{"name":"wp","href":"https:\/\/api.w.org\/{rel}","templated":true}]}}