{"id":182,"date":"2022-11-02T14:28:57","date_gmt":"2022-11-02T12:28:57","guid":{"rendered":"https:\/\/papunet.net\/saavutettavuus\/?page_id=182"},"modified":"2023-02-02T14:12:07","modified_gmt":"2023-02-02T12:12:07","slug":"granskning-av-lattlasta-webbsidor-och-symbolen-for-lattlast","status":"publish","type":"page","link":"https:\/\/papunet.net\/saavutettavuus\/pa-svenska\/tjanster\/granskning-av-lattlasta-webbsidor-och-symbolen-for-lattlast\/","title":{"rendered":"Granskning av l\u00e4ttl\u00e4sta webbsidor och symbolen f\u00f6r l\u00e4ttl\u00e4st"},"content":{"rendered":"\n<p>F\u00f6r l\u00e4ttl\u00e4sta webbplatser kan man ans\u00f6ka om symbolen f\u00f6r l\u00e4ttl\u00e4st. Symbolen f\u00f6r l\u00e4ttl\u00e4st anger att webbplatsen uppfyller vissa kriterier och att inneh\u00e5llet \u00e4r l\u00e4ttl\u00e4st och l\u00e4tt att anv\u00e4nda. Symbolen beviljas av LL-Center f\u00f6r svenska texters del och av Selkokeskus f\u00f6r finska texters del.<\/p>\n<p>Om du vill ans\u00f6ka om symbolen f\u00f6r l\u00e4ttl\u00e4st f\u00f6r din webbplats, ta kontakt med LL-Center.<\/p>\n<p>L\u00e4s mer p\u00e5 LL-Centers sidor <a href=\"https:\/\/ll-center.fi\/svenska\/tjanster\/granskning_av_lattlast_text\/\">Granskning av l\u00e4ttl\u00e4st text<\/a>.<\/p>\n<h2>F\u00f6r vem \u00e4r tj\u00e4nsten avsedd?<\/h2>\n<p>En granskning av l\u00e4ttl\u00e4sta webbsidor \u00e4r avsedd f\u00f6r alla som har skapat eller h\u00e5ller p\u00e5 att skapa en l\u00e4ttl\u00e4st webbplats eller en del av en s\u00e5dan, och som p\u00e5 sin webbplats vill anv\u00e4nda symbolen f\u00f6r l\u00e4ttl\u00e4st.<\/p>\n<h2>Vad ing\u00e5r i granskningen?<\/h2>\n<p>En granskning av l\u00e4ttl\u00e4sta webbsidor inneh\u00e5ller genomg\u00e5ng av hur l\u00e4ttl\u00e4st och l\u00e4ttanv\u00e4ndbar webbplatsen \u00e4r. D\u00e5 man granskar l\u00e4ttanv\u00e4ndbarheten till\u00e4mpar man <a href=\"https:\/\/papunet.net\/saavutettavuus\/pa-svenska\/wp-content\/uploads\/sites\/2\/2022\/12\/selkosivujen_helppokayttoisyys_uusiversio.docx\">kriterierna f\u00f6r utv\u00e4rdering av l\u00e4ttanv\u00e4ndbarhet<\/a> (p\u00e5 finska) som Papunet har utvecklat.<\/p>\n<p>Det \u00e4r avgiftsfritt att ans\u00f6ka om och att anv\u00e4nda symbolen f\u00f6r l\u00e4ttl\u00e4st.<\/p>\n<p>Alla webbplatser som har beviljats symbolen f\u00f6r l\u00e4ttl\u00e4st finns samlade p\u00e5 <a href=\"https:\/\/selkokeskus.fi\/selkojulkaisut\/selkokieliset-julkaisut-aiheen-mukaan\/\">Selkokeskus sidor<\/a>.<\/p>\n\n","protected":false},"excerpt":{"rendered":"<p>F\u00f6r l\u00e4ttl\u00e4sta webbplatser kan man ans\u00f6ka om symbolen f\u00f6r l\u00e4ttl\u00e4st. Symbolen f\u00f6r l\u00e4ttl\u00e4st anger att webbplatsen uppfyller vissa kriterier och att inneh\u00e5llet \u00e4r l\u00e4ttl\u00e4st och l\u00e4tt att anv\u00e4nda. Symbolen beviljas av LL-Center f\u00f6r svenska texters del [&hellip;]<span class=\"moretag\">L\u00e4s mer \u2026<\/span><\/p>\n","protected":false},"author":10,"featured_media":183,"parent":12,"menu_order":3,"comment_status":"closed","ping_status":"closed","template":"","meta":{"_acf_changed":false,"footnotes":""},"class_list":["post-182","page","type-page","status-publish","has-post-thumbnail","hentry"],"acf":[],"_links":{"self":[{"href":"https:\/\/papunet.net\/saavutettavuus\/pa-svenska\/wp-json\/wp\/v2\/pages\/182","targetHints":{"allow":["GET"]}}],"collection":[{"href":"https:\/\/papunet.net\/saavutettavuus\/pa-svenska\/wp-json\/wp\/v2\/pages"}],"about":[{"href":"https:\/\/papunet.net\/saavutettavuus\/pa-svenska\/wp-json\/wp\/v2\/types\/page"}],"author":[{"embeddable":true,"href":"https:\/\/papunet.net\/saavutettavuus\/pa-svenska\/wp-json\/wp\/v2\/users\/10"}],"replies":[{"embeddable":true,"href":"https:\/\/papunet.net\/saavutettavuus\/pa-svenska\/wp-json\/wp\/v2\/comments?post=182"}],"version-history":[{"count":0,"href":"https:\/\/papunet.net\/saavutettavuus\/pa-svenska\/wp-json\/wp\/v2\/pages\/182\/revisions"}],"up":[{"embeddable":true,"href":"https:\/\/papunet.net\/saavutettavuus\/pa-svenska\/wp-json\/wp\/v2\/pages\/12"}],"wp:featuredmedia":[{"embeddable":true,"href":"https:\/\/papunet.net\/saavutettavuus\/pa-svenska\/wp-json\/wp\/v2\/media\/183"}],"wp:attachment":[{"href":"https:\/\/papunet.net\/saavutettavuus\/pa-svenska\/wp-json\/wp\/v2\/media?parent=182"}],"curies":[{"name":"wp","href":"https:\/\/api.w.org\/{rel}","templated":true}]}}