{"id":276,"date":"2022-11-28T10:44:05","date_gmt":"2022-11-28T08:44:05","guid":{"rendered":"https:\/\/papunet.net\/saavutettavuus\/?page_id=276"},"modified":"2022-12-08T14:35:08","modified_gmt":"2022-12-08T12:35:08","slug":"gor-webbplatsens-interaktiva-element-identifierbara","status":"publish","type":"page","link":"https:\/\/papunet.net\/saavutettavuus\/pa-svenska\/anvisningar-och-guider\/planeringsguide-om-tillgangliga-webbsidor\/gor-webbplatsens-interaktiva-element-identifierbara\/","title":{"rendered":"G\u00f6r webbplatsens interaktiva element identifierbara"},"content":{"rendered":"\n<p>Det \u00e4r viktigt att sidans interaktiva element som l\u00e4nkar, tryckknappar eller rullgardinsmenyer \u00e4r identifierbara. Anv\u00e4ndaren ska allts\u00e5 veta vilka av elementen p\u00e5 sidan som \u00e4r interaktiva och vad som h\u00e4nder om man klickar p\u00e5 dem.<\/p>\n<p>N\u00e4r det g\u00e4ller l\u00e4nkar \u00e4r det viktigt att alla anv\u00e4ndare identifierar dem som l\u00e4nkar. L\u00e4nkarna ska se ut att vara klickbara med musknapp eller ett finger.<\/p>\n<p>Ett bra s\u00e4tt att visa p\u00e5 l\u00e4nkar \u00e4r att markera dem med bl\u00e5 f\u00e4rg och dessutom understryka dem. Eftersom alla anv\u00e4ndare inte kan urskilja f\u00e4rger beh\u00f6vs ocks\u00e5 en understrykning.<\/p>\n<p>N\u00e4r man p\u00e5 en webbsida anv\u00e4nder grundelementen f\u00f6r en HTML-sida, kan olika hj\u00e4lpmedel ofta identifiera interaktiva element.\u00a0Exempelvis kan ett sk\u00e4rml\u00e4sningsprogram ber\u00e4tta f\u00f6r anv\u00e4ndaren om det \u00e4r fr\u00e5ga om en l\u00e4nk, en tryckknapp eller n\u00e5got annat.<\/p>\n<p>Om man \u00e4nd\u00e5 vill presentera n\u00e5gon funktion p\u00e5 avvikande s\u00e4tt, m\u00e5ste man i HTML-koden s\u00e4rskilt ange vilken funktion det \u00e4r fr\u00e5ga om. Avvikande l\u00f6sningar kan m\u00f6jligen anv\u00e4ndas d\u00e5 man vill att sidans layout ska se ut p\u00e5 ett visst s\u00e4tt.<\/p>\n<p>Det vore bra om funktionerna p\u00e5 webbplatsen s\u00e5v\u00e4l visuellt som funktionellt skulle vara s\u00e5 likadana som m\u00f6jligt j\u00e4mf\u00f6rt med andra allm\u00e4nna webbsidor. Anv\u00e4ndaren har l\u00e4ttare att anv\u00e4nda olika webbplatser om de fungerar p\u00e5 samma s\u00e4tt.<\/p>\n<p>Det viktigaste \u00e4r \u00e4nd\u00e5 att alla funktioner som anv\u00e4nds p\u00e5 samma webbplats \u00e4r enhetliga.<\/p>\n\n","protected":false},"excerpt":{"rendered":"<p>Det \u00e4r viktigt att sidans interaktiva element som l\u00e4nkar, tryckknappar eller rullgardinsmenyer \u00e4r identifierbara. Anv\u00e4ndaren ska allts\u00e5 veta vilka av elementen p\u00e5 sidan som \u00e4r interaktiva och vad som h\u00e4nder om man klickar p\u00e5 dem. N\u00e4r [&hellip;]<span class=\"moretag\">L\u00e4s mer \u2026<\/span><\/p>\n","protected":false},"author":10,"featured_media":0,"parent":134,"menu_order":4,"comment_status":"closed","ping_status":"closed","template":"","meta":{"_acf_changed":false,"footnotes":""},"class_list":["post-276","page","type-page","status-publish","hentry"],"acf":[],"_links":{"self":[{"href":"https:\/\/papunet.net\/saavutettavuus\/pa-svenska\/wp-json\/wp\/v2\/pages\/276","targetHints":{"allow":["GET"]}}],"collection":[{"href":"https:\/\/papunet.net\/saavutettavuus\/pa-svenska\/wp-json\/wp\/v2\/pages"}],"about":[{"href":"https:\/\/papunet.net\/saavutettavuus\/pa-svenska\/wp-json\/wp\/v2\/types\/page"}],"author":[{"embeddable":true,"href":"https:\/\/papunet.net\/saavutettavuus\/pa-svenska\/wp-json\/wp\/v2\/users\/10"}],"replies":[{"embeddable":true,"href":"https:\/\/papunet.net\/saavutettavuus\/pa-svenska\/wp-json\/wp\/v2\/comments?post=276"}],"version-history":[{"count":0,"href":"https:\/\/papunet.net\/saavutettavuus\/pa-svenska\/wp-json\/wp\/v2\/pages\/276\/revisions"}],"up":[{"embeddable":true,"href":"https:\/\/papunet.net\/saavutettavuus\/pa-svenska\/wp-json\/wp\/v2\/pages\/134"}],"wp:attachment":[{"href":"https:\/\/papunet.net\/saavutettavuus\/pa-svenska\/wp-json\/wp\/v2\/media?parent=276"}],"curies":[{"name":"wp","href":"https:\/\/api.w.org\/{rel}","templated":true}]}}