{"id":277,"date":"2022-11-28T10:46:41","date_gmt":"2022-11-28T08:46:41","guid":{"rendered":"https:\/\/papunet.net\/saavutettavuus\/?page_id=277"},"modified":"2022-12-08T14:36:18","modified_gmt":"2022-12-08T12:36:18","slug":"textens-storlek-och-typsnitt","status":"publish","type":"page","link":"https:\/\/papunet.net\/saavutettavuus\/pa-svenska\/anvisningar-och-guider\/planeringsguide-om-tillgangliga-webbsidor\/textens-storlek-och-typsnitt\/","title":{"rendered":"Textens storlek och typsnitt"},"content":{"rendered":"\n<h2>Textens storlek<\/h2>\n<p>P\u00e5 webbsidor ska man anv\u00e4nda en tillr\u00e4ckligt stor och tydlig font. Det h\u00e4r \u00e4r till hj\u00e4lp f\u00f6r personer med nedsatt synf\u00f6rm\u00e5ga och ofta ocks\u00e5 f\u00f6r personer med l\u00e4s- och skrivsv\u00e5righeter.<\/p>\n<p>Det finns inte n\u00e5gon r\u00e4tt textstorlek. Vissa anv\u00e4ndare har mycket nytta av en stor textstorlek, medan andra hellre l\u00e4ser text av mindre storlek.<\/p>\n<p>Textens storlek och m\u00f6rkhetskontrasten mellan text och bakgrund h\u00f6r ihop. Om fonten som anv\u00e4nds \u00e4r liten, ska m\u00f6rkhetskontrasten vara stor.<\/p>\n<p>Anv\u00e4ndare kan i regel justera storleken p\u00e5 texten via webbl\u00e4saren. En del kanske anv\u00e4nder hj\u00e4lpmedel som f\u00f6rstorar sk\u00e4rmen, vilket ocks\u00e5 f\u00f6rstorar texten.<\/p>\n<p>Alla anv\u00e4ndare har \u00e4nd\u00e5 inte hj\u00e4lpmedel och de kan inte alltid f\u00f6rstora texten via inst\u00e4llningar f\u00f6r webbl\u00e4saren. D\u00e4rf\u00f6r rekommenderas att man till webbsidorna l\u00e4gger till en funktion med vilken man kan f\u00f6rstora eller f\u00f6rminska textstorleken.<\/p>\n<h2>Typsnitt (fontfamiljer)<\/h2>\n<p>Textens typsnitt inverkar avsev\u00e4rt p\u00e5 tydligheten och begripligheten. Inte heller f\u00f6r det h\u00e4r finns det n\u00e5got r\u00e4tt eller b\u00e4st alternativ, eftersom anv\u00e4ndarna och terminalerna \u00e4r av olika slag.<\/p>\n<p>Vanligtvis \u00e4r det \u00e4nd\u00e5 sk\u00e4l att rekommendera typsnitt eller fonter av typen sans-serif.<\/p>\n<p>S\u00e4rskilt anv\u00e4ndare med synskador eller l\u00e4s- och skrivsv\u00e5righeter har nytta av tydliga typsnitt, liksom \u00e4ven s\u00e5dana anv\u00e4ndare som l\u00e4ser webbsidor med lite \u00e4ldre sk\u00e4rmar med l\u00e5g resolution (d\u00e5lig sk\u00e4rpa).<\/p>\n<p>Exempelvis det ofta anv\u00e4nda typsnittet Arial \u00e4r r\u00e4tt s\u00e5 l\u00e4sbart f\u00f6r m\u00e5nga anv\u00e4ndare.<\/p>\n<p>Av seriff typsnitten torde det mest k\u00e4nda vara Times New Roman.<\/p>\n<p>F\u00f6rdelen med seriff typsnitten \u00e4r i allm\u00e4nhet den att olika bokst\u00e4ver i dem p\u00e5 ett b\u00e4ttre sett \u00e4r urskiljbara. Exempelvis bokstaven l skriven med sm\u00e5 bokst\u00e4ver och bokstaven I skriven med stora bokst\u00e4ver ser ofta mycket likadana ut skrivna i sans-serif typsnitt.<\/p>\n\n","protected":false},"excerpt":{"rendered":"<p>Textens storlek P\u00e5 webbsidor ska man anv\u00e4nda en tillr\u00e4ckligt stor och tydlig font. Det h\u00e4r \u00e4r till hj\u00e4lp f\u00f6r personer med nedsatt synf\u00f6rm\u00e5ga och ofta ocks\u00e5 f\u00f6r personer med l\u00e4s- och skrivsv\u00e5righeter. Det finns inte n\u00e5gon [&hellip;]<span class=\"moretag\">L\u00e4s mer \u2026<\/span><\/p>\n","protected":false},"author":10,"featured_media":0,"parent":134,"menu_order":5,"comment_status":"closed","ping_status":"closed","template":"","meta":{"_acf_changed":false,"footnotes":""},"class_list":["post-277","page","type-page","status-publish","hentry"],"acf":[],"_links":{"self":[{"href":"https:\/\/papunet.net\/saavutettavuus\/pa-svenska\/wp-json\/wp\/v2\/pages\/277","targetHints":{"allow":["GET"]}}],"collection":[{"href":"https:\/\/papunet.net\/saavutettavuus\/pa-svenska\/wp-json\/wp\/v2\/pages"}],"about":[{"href":"https:\/\/papunet.net\/saavutettavuus\/pa-svenska\/wp-json\/wp\/v2\/types\/page"}],"author":[{"embeddable":true,"href":"https:\/\/papunet.net\/saavutettavuus\/pa-svenska\/wp-json\/wp\/v2\/users\/10"}],"replies":[{"embeddable":true,"href":"https:\/\/papunet.net\/saavutettavuus\/pa-svenska\/wp-json\/wp\/v2\/comments?post=277"}],"version-history":[{"count":0,"href":"https:\/\/papunet.net\/saavutettavuus\/pa-svenska\/wp-json\/wp\/v2\/pages\/277\/revisions"}],"up":[{"embeddable":true,"href":"https:\/\/papunet.net\/saavutettavuus\/pa-svenska\/wp-json\/wp\/v2\/pages\/134"}],"wp:attachment":[{"href":"https:\/\/papunet.net\/saavutettavuus\/pa-svenska\/wp-json\/wp\/v2\/media?parent=277"}],"curies":[{"name":"wp","href":"https:\/\/api.w.org\/{rel}","templated":true}]}}