{"id":278,"date":"2022-11-28T10:48:04","date_gmt":"2022-11-28T08:48:04","guid":{"rendered":"https:\/\/papunet.net\/saavutettavuus\/?page_id=278"},"modified":"2022-12-12T10:12:17","modified_gmt":"2022-12-12T08:12:17","slug":"logisk-lasordning","status":"publish","type":"page","link":"https:\/\/papunet.net\/saavutettavuus\/pa-svenska\/anvisningar-och-guider\/planeringsguide-om-tillgangliga-webbsidor\/logisk-lasordning\/","title":{"rendered":"Logisk l\u00e4sordning"},"content":{"rendered":"\n<p>L\u00e4sordningen ska vara logisk och klar; texten p\u00e5 webbsidor ska g\u00e5 fr\u00e5n v\u00e4nster till h\u00f6ger och uppifr\u00e5n ner. P\u00e5 s\u00e5 s\u00e4tt beh\u00f6ver sidvisningen inte i on\u00f6dan rullas fram och tillbaka.<\/p>\n<p>F\u00f6r blinda anv\u00e4ndare av sk\u00e4rml\u00e4sningsprogram ska l\u00e4sordningen vara samma som f\u00f6r anv\u00e4ndare med normal syn. I praktiken lyckas det h\u00e4r genom att textinneh\u00e5llet matas in i HTML-koden i den ordning den \u00e4r avsedd att l\u00e4sas.<\/p>\n<p><strong>OBS:<\/strong><\/p>\n<p>Genom att anv\u00e4nda CSS-dokumentmallar \u00e4r det m\u00f6jligt att g\u00f6ra webbsidorna s\u00e5dana att inneh\u00e5llet i dem visuellt presenteras i en annan ordning \u00e4n vad den \u00e4r i HTML-koden. S\u00e5 h\u00e4r ska man inte g\u00f6ra eftersom sk\u00e4rml\u00e4sningsprogram \u00e4nd\u00e5 l\u00e4ser sidan s\u00e5som den \u00e4r skriven i HTML-koden.<\/p>\n\n","protected":false},"excerpt":{"rendered":"<p>L\u00e4sordningen ska vara logisk och klar; texten p\u00e5 webbsidor ska g\u00e5 fr\u00e5n v\u00e4nster till h\u00f6ger och uppifr\u00e5n ner. P\u00e5 s\u00e5 s\u00e4tt beh\u00f6ver sidvisningen inte i on\u00f6dan rullas fram och tillbaka. F\u00f6r blinda anv\u00e4ndare av sk\u00e4rml\u00e4sningsprogram ska [&hellip;]<span class=\"moretag\">L\u00e4s mer \u2026<\/span><\/p>\n","protected":false},"author":10,"featured_media":0,"parent":134,"menu_order":6,"comment_status":"closed","ping_status":"closed","template":"","meta":{"_acf_changed":false,"footnotes":""},"class_list":["post-278","page","type-page","status-publish","hentry"],"acf":[],"_links":{"self":[{"href":"https:\/\/papunet.net\/saavutettavuus\/pa-svenska\/wp-json\/wp\/v2\/pages\/278","targetHints":{"allow":["GET"]}}],"collection":[{"href":"https:\/\/papunet.net\/saavutettavuus\/pa-svenska\/wp-json\/wp\/v2\/pages"}],"about":[{"href":"https:\/\/papunet.net\/saavutettavuus\/pa-svenska\/wp-json\/wp\/v2\/types\/page"}],"author":[{"embeddable":true,"href":"https:\/\/papunet.net\/saavutettavuus\/pa-svenska\/wp-json\/wp\/v2\/users\/10"}],"replies":[{"embeddable":true,"href":"https:\/\/papunet.net\/saavutettavuus\/pa-svenska\/wp-json\/wp\/v2\/comments?post=278"}],"version-history":[{"count":0,"href":"https:\/\/papunet.net\/saavutettavuus\/pa-svenska\/wp-json\/wp\/v2\/pages\/278\/revisions"}],"up":[{"embeddable":true,"href":"https:\/\/papunet.net\/saavutettavuus\/pa-svenska\/wp-json\/wp\/v2\/pages\/134"}],"wp:attachment":[{"href":"https:\/\/papunet.net\/saavutettavuus\/pa-svenska\/wp-json\/wp\/v2\/media?parent=278"}],"curies":[{"name":"wp","href":"https:\/\/api.w.org\/{rel}","templated":true}]}}