{"id":279,"date":"2022-11-28T10:58:18","date_gmt":"2022-11-28T08:58:18","guid":{"rendered":"https:\/\/papunet.net\/saavutettavuus\/?page_id=279"},"modified":"2022-12-12T10:14:02","modified_gmt":"2022-12-12T08:14:02","slug":"anvand-ett-tydligt-och-begripligt-sprak","status":"publish","type":"page","link":"https:\/\/papunet.net\/saavutettavuus\/pa-svenska\/anvisningar-och-guider\/planeringsguide-om-tillgangliga-webbsidor\/anvand-ett-tydligt-och-begripligt-sprak\/","title":{"rendered":"Anv\u00e4nd ett tydligt och begripligt spr\u00e5k"},"content":{"rendered":"\n<p>Ett tydligt och begripligt spr\u00e5k f\u00f6rb\u00e4ttrar i allm\u00e4nhet tillg\u00e4ngligheten p\u00e5 webbsidornas inneh\u00e5ll f\u00f6r alla anv\u00e4ndare. S\u00e4rskilt viktigt \u00e4r det h\u00e4r f\u00f6r personer med spr\u00e5kliga eller kognitiva sv\u00e5righeter. \u00c4ven invandrare som inte har finska eller svenska som modersm\u00e5l har stor nytta av det h\u00e4r.<\/p>\n<p>I allm\u00e4nhet \u00e4r ett gott standardspr\u00e5k tillr\u00e4ckligt och f\u00f6rb\u00e4ttrar i h\u00f6g grad tillg\u00e4ngligheten och anv\u00e4ndbarheten. F\u00f6r m\u00e5nga anv\u00e4ndare \u00e4r ett gott standardspr\u00e5k \u00e4nd\u00e5 inte tillr\u00e4ckligt. D\u00e4rf\u00f6r \u00e4r det sk\u00e4l att presentera de viktigaste inneh\u00e5llen med hj\u00e4lp av l\u00e4ttl\u00e4st och l\u00e4tt spr\u00e5k.<\/p>\n<p>Anvisningar om ett gott, tydligt och begripligt spr\u00e5k:<\/p>\n<ul>\n<li>Uttryck saker direkt och enkelt.<\/li>\n<li>Anv\u00e4nd inte spr\u00e5kliga bilder eller tales\u00e4tt.<\/li>\n<li>Undvik anv\u00e4ndning av komplicerade, fr\u00e4mmande och sv\u00e5ra ord.<\/li>\n<li>L\u00e4gg upp texten mot v\u00e4nstra kanten.<\/li>\n<li>Undvik att i on\u00f6dan <strong>anv\u00e4nda fet stil<\/strong>, <em>kursivera <\/em>eller <u>understryka<\/u> texten.<\/li>\n<li>Anv\u00e4nd inte ENBART STORA BOKST\u00c4VER.<\/li>\n<li>Dela in texten i en tydlig och begriplig helhet med hj\u00e4lp av mellanrubriker, listor, bilder och videor.<\/li>\n<li>Publicera inte f\u00f6r l\u00e5nga textinneh\u00e5ll.<\/li>\n<li>F\u00f6rklara den skrivna texten med bilder, kurvor, listor, videor och ljudfiler.<\/li>\n<\/ul>\n<h3>Mer om temat<\/h3>\n<p>P\u00e5 <a href=\"http:\/\/www.ll-center.fi\">LL-Centers<\/a> sidor kan du l\u00e4sa mera om l\u00e4tt svenska i Finland.<\/p>\n\n","protected":false},"excerpt":{"rendered":"<p>Ett tydligt och begripligt spr\u00e5k f\u00f6rb\u00e4ttrar i allm\u00e4nhet tillg\u00e4ngligheten p\u00e5 webbsidornas inneh\u00e5ll f\u00f6r alla anv\u00e4ndare. S\u00e4rskilt viktigt \u00e4r det h\u00e4r f\u00f6r personer med spr\u00e5kliga eller kognitiva sv\u00e5righeter. \u00c4ven invandrare som inte har finska eller svenska som [&hellip;]<span class=\"moretag\">L\u00e4s mer \u2026<\/span><\/p>\n","protected":false},"author":10,"featured_media":0,"parent":134,"menu_order":7,"comment_status":"closed","ping_status":"closed","template":"","meta":{"_acf_changed":false,"footnotes":""},"class_list":["post-279","page","type-page","status-publish","hentry"],"acf":[],"_links":{"self":[{"href":"https:\/\/papunet.net\/saavutettavuus\/pa-svenska\/wp-json\/wp\/v2\/pages\/279","targetHints":{"allow":["GET"]}}],"collection":[{"href":"https:\/\/papunet.net\/saavutettavuus\/pa-svenska\/wp-json\/wp\/v2\/pages"}],"about":[{"href":"https:\/\/papunet.net\/saavutettavuus\/pa-svenska\/wp-json\/wp\/v2\/types\/page"}],"author":[{"embeddable":true,"href":"https:\/\/papunet.net\/saavutettavuus\/pa-svenska\/wp-json\/wp\/v2\/users\/10"}],"replies":[{"embeddable":true,"href":"https:\/\/papunet.net\/saavutettavuus\/pa-svenska\/wp-json\/wp\/v2\/comments?post=279"}],"version-history":[{"count":0,"href":"https:\/\/papunet.net\/saavutettavuus\/pa-svenska\/wp-json\/wp\/v2\/pages\/279\/revisions"}],"up":[{"embeddable":true,"href":"https:\/\/papunet.net\/saavutettavuus\/pa-svenska\/wp-json\/wp\/v2\/pages\/134"}],"wp:attachment":[{"href":"https:\/\/papunet.net\/saavutettavuus\/pa-svenska\/wp-json\/wp\/v2\/media?parent=279"}],"curies":[{"name":"wp","href":"https:\/\/api.w.org\/{rel}","templated":true}]}}