{"id":281,"date":"2022-11-28T10:59:51","date_gmt":"2022-11-28T08:59:51","guid":{"rendered":"https:\/\/papunet.net\/saavutettavuus\/?page_id=281"},"modified":"2022-12-12T10:14:58","modified_gmt":"2022-12-12T08:14:58","slug":"sakerstall-att-filer-som-kan-laddas-ner-fran-webbplatsen-ar-tillgangliga","status":"publish","type":"page","link":"https:\/\/papunet.net\/saavutettavuus\/pa-svenska\/anvisningar-och-guider\/planeringsguide-om-tillgangliga-webbsidor\/sakerstall-att-filer-som-kan-laddas-ner-fran-webbplatsen-ar-tillgangliga\/","title":{"rendered":"S\u00e4kerst\u00e4ll att filer som kan laddas ner fr\u00e5n webbplatsen \u00e4r tillg\u00e4ngliga"},"content":{"rendered":"\n<p>Om webbplatsen har filer att ladda ner, som PDF-filer, ska man s\u00e4kerst\u00e4lla att ocks\u00e5 de \u00e4r tillg\u00e4ngliga.<\/p>\n<p>I samband med nedladdningsbara filer ska man informera om filens namn, storlek (exempelvis 1,2 MB) och filens typ (exempelvis PDF).<\/p>\n<p>Att l\u00e4gga till l\u00e5nga texter som nedladdningsbara dokument p\u00e5 sidorna kan ibland vara anv\u00e4ndarv\u00e4nligt. N\u00e4r ett dokument kan laddas ner till den egna apparaten \u00e4r det ocks\u00e5 m\u00f6jligt att l\u00e4sa det utan n\u00e4tanslutning.<\/p>\n\n","protected":false},"excerpt":{"rendered":"<p>Om webbplatsen har filer att ladda ner, som PDF-filer, ska man s\u00e4kerst\u00e4lla att ocks\u00e5 de \u00e4r tillg\u00e4ngliga. I samband med nedladdningsbara filer ska man informera om filens namn, storlek (exempelvis 1,2 MB) och filens typ (exempelvis [&hellip;]<span class=\"moretag\">L\u00e4s mer \u2026<\/span><\/p>\n","protected":false},"author":10,"featured_media":0,"parent":134,"menu_order":8,"comment_status":"closed","ping_status":"closed","template":"","meta":{"_acf_changed":false,"footnotes":""},"class_list":["post-281","page","type-page","status-publish","hentry"],"acf":[],"_links":{"self":[{"href":"https:\/\/papunet.net\/saavutettavuus\/pa-svenska\/wp-json\/wp\/v2\/pages\/281","targetHints":{"allow":["GET"]}}],"collection":[{"href":"https:\/\/papunet.net\/saavutettavuus\/pa-svenska\/wp-json\/wp\/v2\/pages"}],"about":[{"href":"https:\/\/papunet.net\/saavutettavuus\/pa-svenska\/wp-json\/wp\/v2\/types\/page"}],"author":[{"embeddable":true,"href":"https:\/\/papunet.net\/saavutettavuus\/pa-svenska\/wp-json\/wp\/v2\/users\/10"}],"replies":[{"embeddable":true,"href":"https:\/\/papunet.net\/saavutettavuus\/pa-svenska\/wp-json\/wp\/v2\/comments?post=281"}],"version-history":[{"count":0,"href":"https:\/\/papunet.net\/saavutettavuus\/pa-svenska\/wp-json\/wp\/v2\/pages\/281\/revisions"}],"up":[{"embeddable":true,"href":"https:\/\/papunet.net\/saavutettavuus\/pa-svenska\/wp-json\/wp\/v2\/pages\/134"}],"wp:attachment":[{"href":"https:\/\/papunet.net\/saavutettavuus\/pa-svenska\/wp-json\/wp\/v2\/media?parent=281"}],"curies":[{"name":"wp","href":"https:\/\/api.w.org\/{rel}","templated":true}]}}