{"id":283,"date":"2022-11-28T11:05:52","date_gmt":"2022-11-28T09:05:52","guid":{"rendered":"https:\/\/papunet.net\/saavutettavuus\/?page_id=283"},"modified":"2022-12-12T10:17:47","modified_gmt":"2022-12-12T08:17:47","slug":"planera-sidans-rubrikstruktur-noggrant","status":"publish","type":"page","link":"https:\/\/papunet.net\/saavutettavuus\/pa-svenska\/anvisningar-och-guider\/planeringsguide-om-tillgangliga-webbsidor\/planera-sidans-rubrikstruktur-noggrant\/","title":{"rendered":"Planera sidans rubrikstruktur noggrant"},"content":{"rendered":"\n<p>En tydlig och begriplig rubrikstruktur f\u00f6rb\u00e4ttrar textens l\u00e4sbarhet och g\u00f6r strukturen tydlig. En s\u00e5dan underl\u00e4ttar ocks\u00e5 navigeringen p\u00e5 webbsidorna f\u00f6r anv\u00e4ndare med synskador. Dessutom f\u00f6rb\u00e4ttrar den s\u00f6kmotoroptimeringen.<\/p>\n<p>D\u00e5 man skapar webbsidor eller vilket slag av textdokument som helst, rekommenderas det att man anv\u00e4nder olika stiltyper f\u00f6r rubrikerna. Att f\u00f6rstora och g\u00f6ra texten fet \u00e4r s\u00e5ledes inte tillr\u00e4ckligt. F\u00f6r rubriker, liksom f\u00f6r \u00f6vriga element, ska man ange en semantisk betydelse.<\/p>\n<p>I exempelvis textbehandlingsprogrammet Microsoft Word kan olika textstilar och samtidigt ocks\u00e5 rubrikniv\u00e5er v\u00e4ljas i det \u00f6vre menyfliksomr\u00e5det.<\/p>\n<p>P\u00e5 HTML-spr\u00e5k kan rubriker och deras niv\u00e5er markeras med koderna &lt;H1&gt;, &lt;H2&gt;, &lt;H3&gt;, som visar niv\u00e5n p\u00e5 den ifr\u00e5gavarande rubriken.<\/p>\n<p>Sidans huvudinneh\u00e5ll ska i regel inledas med en rubrik av f\u00f6rsta niv\u00e5n (&lt;H1&gt;). I huvudinneh\u00e5llet kommer det normalt inte n\u00e5gra andra rubriker av f\u00f6rsta niv\u00e5n.<\/p>\n<p>Fler rubriker av f\u00f6rsta niv\u00e5n kan \u00e4nd\u00e5 finnas p\u00e5 en sida om det exempelvis i b\u00e5de huvudinneh\u00e5llet och fotnoten (footer) anv\u00e4nds rubriker av f\u00f6rsta niv\u00e5n.<\/p>\n<p>Man ska inte hoppa \u00f6ver rubrikniv\u00e5er. Med andra ord, om man anv\u00e4nder rubriken &lt;H1&gt;, ska den alltid f\u00f6ljas av &lt;H2&gt; och inte av &lt;H3&gt;.<\/p>\n<p>En rubrikstruktur som skapats p\u00e5 r\u00e4tt s\u00e4tt hj\u00e4lper en anv\u00e4ndare med sk\u00e4rml\u00e4sningsprogram att l\u00e4sa sidan utg\u00e5ende fr\u00e5n rubrikerna. Navigeringen \u00e4r snabbare, eftersom anv\u00e4ndaren inte beh\u00f6ver l\u00e4sa allt inneh\u00e5ll p\u00e5 sidan.<\/p>\n<p>Man kan se rubrikstrukturen som en inneh\u00e5llsf\u00f6rteckning f\u00f6r sidan. Det h\u00e4r kan underl\u00e4tta uppg\u00f6randet av rubrikstrukturen.<\/p>\n\n","protected":false},"excerpt":{"rendered":"<p>En tydlig och begriplig rubrikstruktur f\u00f6rb\u00e4ttrar textens l\u00e4sbarhet och g\u00f6r strukturen tydlig. En s\u00e5dan underl\u00e4ttar ocks\u00e5 navigeringen p\u00e5 webbsidorna f\u00f6r anv\u00e4ndare med synskador. Dessutom f\u00f6rb\u00e4ttrar den s\u00f6kmotoroptimeringen. D\u00e5 man skapar webbsidor eller vilket slag av textdokument [&hellip;]<span class=\"moretag\">L\u00e4s mer \u2026<\/span><\/p>\n","protected":false},"author":10,"featured_media":0,"parent":134,"menu_order":10,"comment_status":"closed","ping_status":"closed","template":"","meta":{"_acf_changed":false,"footnotes":""},"class_list":["post-283","page","type-page","status-publish","hentry"],"acf":[],"_links":{"self":[{"href":"https:\/\/papunet.net\/saavutettavuus\/pa-svenska\/wp-json\/wp\/v2\/pages\/283","targetHints":{"allow":["GET"]}}],"collection":[{"href":"https:\/\/papunet.net\/saavutettavuus\/pa-svenska\/wp-json\/wp\/v2\/pages"}],"about":[{"href":"https:\/\/papunet.net\/saavutettavuus\/pa-svenska\/wp-json\/wp\/v2\/types\/page"}],"author":[{"embeddable":true,"href":"https:\/\/papunet.net\/saavutettavuus\/pa-svenska\/wp-json\/wp\/v2\/users\/10"}],"replies":[{"embeddable":true,"href":"https:\/\/papunet.net\/saavutettavuus\/pa-svenska\/wp-json\/wp\/v2\/comments?post=283"}],"version-history":[{"count":0,"href":"https:\/\/papunet.net\/saavutettavuus\/pa-svenska\/wp-json\/wp\/v2\/pages\/283\/revisions"}],"up":[{"embeddable":true,"href":"https:\/\/papunet.net\/saavutettavuus\/pa-svenska\/wp-json\/wp\/v2\/pages\/134"}],"wp:attachment":[{"href":"https:\/\/papunet.net\/saavutettavuus\/pa-svenska\/wp-json\/wp\/v2\/media?parent=283"}],"curies":[{"name":"wp","href":"https:\/\/api.w.org\/{rel}","templated":true}]}}