{"id":284,"date":"2022-11-28T12:34:24","date_gmt":"2022-11-28T10:34:24","guid":{"rendered":"https:\/\/papunet.net\/saavutettavuus\/?page_id=284"},"modified":"2022-12-12T10:18:47","modified_gmt":"2022-12-12T08:18:47","slug":"namnge-lankar-och-rubriker-pa-ett-begripligt-satt","status":"publish","type":"page","link":"https:\/\/papunet.net\/saavutettavuus\/pa-svenska\/anvisningar-och-guider\/planeringsguide-om-tillgangliga-webbsidor\/namnge-lankar-och-rubriker-pa-ett-begripligt-satt\/","title":{"rendered":"Namnge l\u00e4nkar och rubriker p\u00e5 ett begripligt s\u00e4tt"},"content":{"rendered":"\n<p>Rubriker och l\u00e4nkar ska namnges p\u00e5 ett tydligt och begripligt s\u00e4tt. Av l\u00e4nkens namn och den omgivande kontexten ska det framg\u00e5 vad som h\u00e4nder d\u00e5 anv\u00e4ndaren klickar p\u00e5 l\u00e4nken.<\/p>\n<p>P\u00e5 webbsidor kan man ibland anv\u00e4nda l\u00e4nkar som namnges exempelvis som \u201dKlicka h\u00e4r\u201d eller \u201dL\u00e4s mera\u201d. L\u00e4nkar som \u00e4r namngivna s\u00e5 h\u00e4r \u00e4r tillg\u00e4ngliga om l\u00e4nkens syfte framg\u00e5r av den omgivande kontexten.<\/p>\n<p>Med avseende p\u00e5 anv\u00e4ndbarheten \u00e4r en b\u00e4ttre l\u00f6sning att namnge l\u00e4nkarna s\u00e5 att det av l\u00e4nkens namn klart framg\u00e5r dess syfte. M\u00e5nga personer med synskador som anv\u00e4nder sk\u00e4rml\u00e4sningsprogram l\u00e4ser webbsidor genom att enbart l\u00e4sa l\u00e4nkarna p\u00e5 sidorna.<\/p>\n<p>Huvudrubriken f\u00f6r sidans huvudinneh\u00e5ll och namnet p\u00e5 l\u00e4nken som leder till den ska motsvara varandra s\u00e5 v\u00e4l som m\u00f6jligt.<\/p>\n<p>Om en anv\u00e4ndare exempelvis v\u00e4ljer en l\u00e4nk vars namn \u00e4r \u201dProdukter och tj\u00e4nster\u201d, ska huvudrubriken p\u00e5 n\u00e4sta sida vara \u201dProdukter och tj\u00e4nster\u201d. L\u00e4nkar som angetts p\u00e5 annat s\u00e4tt kan orsaka f\u00f6rvirring och anv\u00e4ndaren kan tro att hen \u00f6ppnat fel sida.<\/p>\n<p>Kodexempel:<\/p>\n<p>Med &lt;h1&gt;, &lt;h2&gt;, &lt;h3&gt;, &lt;h4&gt;, &lt;h5&gt; och &lt;h6&gt; -elementen kan man skapa rubriker av olika niv\u00e5er p\u00e5 webbsidor.<\/p>\n\n","protected":false},"excerpt":{"rendered":"<p>Rubriker och l\u00e4nkar ska namnges p\u00e5 ett tydligt och begripligt s\u00e4tt. Av l\u00e4nkens namn och den omgivande kontexten ska det framg\u00e5 vad som h\u00e4nder d\u00e5 anv\u00e4ndaren klickar p\u00e5 l\u00e4nken. P\u00e5 webbsidor kan man ibland anv\u00e4nda l\u00e4nkar [&hellip;]<span class=\"moretag\">L\u00e4s mer \u2026<\/span><\/p>\n","protected":false},"author":10,"featured_media":0,"parent":134,"menu_order":11,"comment_status":"closed","ping_status":"closed","template":"","meta":{"_acf_changed":false,"footnotes":""},"class_list":["post-284","page","type-page","status-publish","hentry"],"acf":[],"_links":{"self":[{"href":"https:\/\/papunet.net\/saavutettavuus\/pa-svenska\/wp-json\/wp\/v2\/pages\/284","targetHints":{"allow":["GET"]}}],"collection":[{"href":"https:\/\/papunet.net\/saavutettavuus\/pa-svenska\/wp-json\/wp\/v2\/pages"}],"about":[{"href":"https:\/\/papunet.net\/saavutettavuus\/pa-svenska\/wp-json\/wp\/v2\/types\/page"}],"author":[{"embeddable":true,"href":"https:\/\/papunet.net\/saavutettavuus\/pa-svenska\/wp-json\/wp\/v2\/users\/10"}],"replies":[{"embeddable":true,"href":"https:\/\/papunet.net\/saavutettavuus\/pa-svenska\/wp-json\/wp\/v2\/comments?post=284"}],"version-history":[{"count":0,"href":"https:\/\/papunet.net\/saavutettavuus\/pa-svenska\/wp-json\/wp\/v2\/pages\/284\/revisions"}],"up":[{"embeddable":true,"href":"https:\/\/papunet.net\/saavutettavuus\/pa-svenska\/wp-json\/wp\/v2\/pages\/134"}],"wp:attachment":[{"href":"https:\/\/papunet.net\/saavutettavuus\/pa-svenska\/wp-json\/wp\/v2\/media?parent=284"}],"curies":[{"name":"wp","href":"https:\/\/api.w.org\/{rel}","templated":true}]}}