{"id":285,"date":"2022-11-28T12:38:29","date_gmt":"2022-11-28T10:38:29","guid":{"rendered":"https:\/\/papunet.net\/saavutettavuus\/?page_id=285"},"modified":"2023-02-02T11:51:39","modified_gmt":"2023-02-02T09:51:39","slug":"kom-ihag-en-tillracklig-morkhetskontrast","status":"publish","type":"page","link":"https:\/\/papunet.net\/saavutettavuus\/pa-svenska\/anvisningar-och-guider\/planeringsguide-om-tillgangliga-webbsidor\/kom-ihag-en-tillracklig-morkhetskontrast\/","title":{"rendered":"Kom ih\u00e5g en tillr\u00e4cklig m\u00f6rkhetskontrast"},"content":{"rendered":"\n<p>M\u00f6rkhetskontrasten f\u00f6r webbsidans text och olika funktioner ska vara tillr\u00e4ckligt stor i f\u00f6rh\u00e5llande till bakgrunden. En tillr\u00e4cklig m\u00f6rkhetskontrast f\u00f6rb\u00e4ttrar tillg\u00e4ngligheten, g\u00f6r texten mer l\u00e4ttl\u00e4st och sidans funktioner klarare.<\/p>\n<p>Ju mindre text man anv\u00e4nder, desto st\u00f6rre ska m\u00f6rkhetskontrasten mellan text och bakgrund vara.<\/p>\n<p>I kriterierna f\u00f6r niv\u00e5 AA i <a href=\"https:\/\/papunet.net\/saavutettavuus\/ohjeita-ja-oppaita\/teknisen-saavutettavuuden-ohjeet-wcag\/wcag-2-1-saavutettavuusohjeet\/1-4-3-kontrasti-minimi\/\">WCAG 2.1 riktlinjerna f\u00f6r kontrast<\/a> (p\u00e5 finska, Papunets sidor) fastst\u00e4lls att kontrastf\u00f6rh\u00e5llandet mellan text och bakgrund i en text av normal storlek ska vara minst 4,5:1. F\u00f6r en stor text r\u00e4cker det med ett mindre kontrastf\u00f6rh\u00e5llande p\u00e5 3:1.<\/p>\n<p>Om man vill att webbplatsen ska uppfylla de striktare kriterierna f\u00f6r niv\u00e5 AAA, ska kontrastf\u00f6rh\u00e5llandet mellan text och bakgrund i en text av normal storlek vara 7:1 och 4,5:1 i en text av stor storlek.<\/p>\n<p>Texten anses stor om dess storlek uppg\u00e5r till:<\/p>\n<ul>\n<li>18 pt\/24 px<\/li>\n<li>14 pt\/18 px och som fet stil<\/li>\n<\/ul>\n<p>Tillr\u00e4ckligheten f\u00f6r m\u00f6rkhetskontrasten kan kontrolleras h\u00e4r:<\/p>\n<p><a href=\"http:\/\/webaim.org\/resources\/contrastchecker\/\">http:\/\/webaim.org\/resources\/contrastchecker<\/a><\/p>\n\n","protected":false},"excerpt":{"rendered":"<p>M\u00f6rkhetskontrasten f\u00f6r webbsidans text och olika funktioner ska vara tillr\u00e4ckligt stor i f\u00f6rh\u00e5llande till bakgrunden. En tillr\u00e4cklig m\u00f6rkhetskontrast f\u00f6rb\u00e4ttrar tillg\u00e4ngligheten, g\u00f6r texten mer l\u00e4ttl\u00e4st och sidans funktioner klarare. Ju mindre text man anv\u00e4nder, desto st\u00f6rre ska [&hellip;]<span class=\"moretag\">L\u00e4s mer \u2026<\/span><\/p>\n","protected":false},"author":10,"featured_media":0,"parent":134,"menu_order":12,"comment_status":"closed","ping_status":"closed","template":"","meta":{"_acf_changed":false,"footnotes":""},"class_list":["post-285","page","type-page","status-publish","hentry"],"acf":[],"_links":{"self":[{"href":"https:\/\/papunet.net\/saavutettavuus\/pa-svenska\/wp-json\/wp\/v2\/pages\/285","targetHints":{"allow":["GET"]}}],"collection":[{"href":"https:\/\/papunet.net\/saavutettavuus\/pa-svenska\/wp-json\/wp\/v2\/pages"}],"about":[{"href":"https:\/\/papunet.net\/saavutettavuus\/pa-svenska\/wp-json\/wp\/v2\/types\/page"}],"author":[{"embeddable":true,"href":"https:\/\/papunet.net\/saavutettavuus\/pa-svenska\/wp-json\/wp\/v2\/users\/10"}],"replies":[{"embeddable":true,"href":"https:\/\/papunet.net\/saavutettavuus\/pa-svenska\/wp-json\/wp\/v2\/comments?post=285"}],"version-history":[{"count":0,"href":"https:\/\/papunet.net\/saavutettavuus\/pa-svenska\/wp-json\/wp\/v2\/pages\/285\/revisions"}],"up":[{"embeddable":true,"href":"https:\/\/papunet.net\/saavutettavuus\/pa-svenska\/wp-json\/wp\/v2\/pages\/134"}],"wp:attachment":[{"href":"https:\/\/papunet.net\/saavutettavuus\/pa-svenska\/wp-json\/wp\/v2\/media?parent=285"}],"curies":[{"name":"wp","href":"https:\/\/api.w.org\/{rel}","templated":true}]}}