{"id":287,"date":"2022-11-28T12:43:55","date_gmt":"2022-11-28T10:43:55","guid":{"rendered":"https:\/\/papunet.net\/saavutettavuus\/?page_id=287"},"modified":"2022-12-12T10:22:45","modified_gmt":"2022-12-12T08:22:45","slug":"lagg-till-pa-varje-sida-en-lank-till-webbplatsens-ingangssida","status":"publish","type":"page","link":"https:\/\/papunet.net\/saavutettavuus\/pa-svenska\/anvisningar-och-guider\/planeringsguide-om-tillgangliga-webbsidor\/lagg-till-pa-varje-sida-en-lank-till-webbplatsens-ingangssida\/","title":{"rendered":"L\u00e4gg till p\u00e5 varje sida en l\u00e4nk till webbplatsens ing\u00e5ngssida"},"content":{"rendered":"\n<p>Med avseende p\u00e5 tillg\u00e4nglighet \u00e4r det viktigt att anv\u00e4ndaren fr\u00e5n varje undersida l\u00e4tt kan g\u00e5 tillbaka till webbplatsens ing\u00e5ngssida.<\/p>\n<p>L\u00e4nken som leder till ing\u00e5ngssidan kan exempelvis placeras p\u00e5 den prim\u00e4ra navigationsbalken.<\/p>\n<p>Ofta finns det ocks\u00e5 en logotyp i \u00f6vre v\u00e4nstra h\u00f6rnet, som fungerar som en l\u00e4nk till ing\u00e5ngssidan. D\u00e5 ska man komma ih\u00e5g att i logotypens textmotsvarighet separat ange vart l\u00e4nken leder n\u00e4r man klickar p\u00e5 den: \u201dF\u00f6retaget ABC \u2013 Ing\u00e5ngssida\u201d.<\/p>\n\n","protected":false},"excerpt":{"rendered":"<p>Med avseende p\u00e5 tillg\u00e4nglighet \u00e4r det viktigt att anv\u00e4ndaren fr\u00e5n varje undersida l\u00e4tt kan g\u00e5 tillbaka till webbplatsens ing\u00e5ngssida. L\u00e4nken som leder till ing\u00e5ngssidan kan exempelvis placeras p\u00e5 den prim\u00e4ra navigationsbalken. Ofta finns det ocks\u00e5 en [&hellip;]<span class=\"moretag\">L\u00e4s mer \u2026<\/span><\/p>\n","protected":false},"author":10,"featured_media":0,"parent":134,"menu_order":14,"comment_status":"closed","ping_status":"closed","template":"","meta":{"_acf_changed":false,"footnotes":""},"class_list":["post-287","page","type-page","status-publish","hentry"],"acf":[],"_links":{"self":[{"href":"https:\/\/papunet.net\/saavutettavuus\/pa-svenska\/wp-json\/wp\/v2\/pages\/287","targetHints":{"allow":["GET"]}}],"collection":[{"href":"https:\/\/papunet.net\/saavutettavuus\/pa-svenska\/wp-json\/wp\/v2\/pages"}],"about":[{"href":"https:\/\/papunet.net\/saavutettavuus\/pa-svenska\/wp-json\/wp\/v2\/types\/page"}],"author":[{"embeddable":true,"href":"https:\/\/papunet.net\/saavutettavuus\/pa-svenska\/wp-json\/wp\/v2\/users\/10"}],"replies":[{"embeddable":true,"href":"https:\/\/papunet.net\/saavutettavuus\/pa-svenska\/wp-json\/wp\/v2\/comments?post=287"}],"version-history":[{"count":0,"href":"https:\/\/papunet.net\/saavutettavuus\/pa-svenska\/wp-json\/wp\/v2\/pages\/287\/revisions"}],"up":[{"embeddable":true,"href":"https:\/\/papunet.net\/saavutettavuus\/pa-svenska\/wp-json\/wp\/v2\/pages\/134"}],"wp:attachment":[{"href":"https:\/\/papunet.net\/saavutettavuus\/pa-svenska\/wp-json\/wp\/v2\/media?parent=287"}],"curies":[{"name":"wp","href":"https:\/\/api.w.org\/{rel}","templated":true}]}}