{"id":288,"date":"2022-11-28T12:46:08","date_gmt":"2022-11-28T10:46:08","guid":{"rendered":"https:\/\/papunet.net\/saavutettavuus\/?page_id=288"},"modified":"2022-12-12T10:24:34","modified_gmt":"2022-12-12T08:24:34","slug":"sakerstall-att-det-for-innehallet-har-definierats-ett-sprak","status":"publish","type":"page","link":"https:\/\/papunet.net\/saavutettavuus\/pa-svenska\/anvisningar-och-guider\/planeringsguide-om-tillgangliga-webbsidor\/sakerstall-att-det-for-innehallet-har-definierats-ett-sprak\/","title":{"rendered":"S\u00e4kerst\u00e4ll att det f\u00f6r inneh\u00e5llet har definierats ett spr\u00e5k"},"content":{"rendered":"\n<p>F\u00f6r en webbplats ska spr\u00e5ket definieras i HTML-koden. N\u00e4r spr\u00e5ket \u00e4r definierat kan sk\u00e4rml\u00e4sningsprogram ofta byta spr\u00e5k f\u00f6r en talsyntetisator s\u00e5 att den talar det spr\u00e5k som anv\u00e4nds p\u00e5 webbplatsen.<\/p>\n<p>Att definiera spr\u00e5ket g\u00f6r det ocks\u00e5 l\u00e4ttare att anv\u00e4nda sig av automatiska \u00f6vers\u00e4ttningsverktyg som finns p\u00e5 webben och f\u00f6rb\u00e4ttrar dessutom s\u00f6kmotoroptimeringen.<\/p>\n<p>Kodexempel:<\/p>\n<p>&lt;html\u00a0lang=\u201dsv-FI\u201d&gt;<\/p>\n\n","protected":false},"excerpt":{"rendered":"<p>F\u00f6r en webbplats ska spr\u00e5ket definieras i HTML-koden. N\u00e4r spr\u00e5ket \u00e4r definierat kan sk\u00e4rml\u00e4sningsprogram ofta byta spr\u00e5k f\u00f6r en talsyntetisator s\u00e5 att den talar det spr\u00e5k som anv\u00e4nds p\u00e5 webbplatsen. Att definiera spr\u00e5ket g\u00f6r det ocks\u00e5 [&hellip;]<span class=\"moretag\">L\u00e4s mer \u2026<\/span><\/p>\n","protected":false},"author":10,"featured_media":0,"parent":134,"menu_order":15,"comment_status":"closed","ping_status":"closed","template":"","meta":{"_acf_changed":false,"footnotes":""},"class_list":["post-288","page","type-page","status-publish","hentry"],"acf":[],"_links":{"self":[{"href":"https:\/\/papunet.net\/saavutettavuus\/pa-svenska\/wp-json\/wp\/v2\/pages\/288","targetHints":{"allow":["GET"]}}],"collection":[{"href":"https:\/\/papunet.net\/saavutettavuus\/pa-svenska\/wp-json\/wp\/v2\/pages"}],"about":[{"href":"https:\/\/papunet.net\/saavutettavuus\/pa-svenska\/wp-json\/wp\/v2\/types\/page"}],"author":[{"embeddable":true,"href":"https:\/\/papunet.net\/saavutettavuus\/pa-svenska\/wp-json\/wp\/v2\/users\/10"}],"replies":[{"embeddable":true,"href":"https:\/\/papunet.net\/saavutettavuus\/pa-svenska\/wp-json\/wp\/v2\/comments?post=288"}],"version-history":[{"count":0,"href":"https:\/\/papunet.net\/saavutettavuus\/pa-svenska\/wp-json\/wp\/v2\/pages\/288\/revisions"}],"up":[{"embeddable":true,"href":"https:\/\/papunet.net\/saavutettavuus\/pa-svenska\/wp-json\/wp\/v2\/pages\/134"}],"wp:attachment":[{"href":"https:\/\/papunet.net\/saavutettavuus\/pa-svenska\/wp-json\/wp\/v2\/media?parent=288"}],"curies":[{"name":"wp","href":"https:\/\/api.w.org\/{rel}","templated":true}]}}