{"id":289,"date":"2022-11-28T12:48:40","date_gmt":"2022-11-28T10:48:40","guid":{"rendered":"https:\/\/papunet.net\/saavutettavuus\/?page_id=289"},"modified":"2022-12-12T10:26:05","modified_gmt":"2022-12-12T08:26:05","slug":"markera-innehallet","status":"publish","type":"page","link":"https:\/\/papunet.net\/saavutettavuus\/pa-svenska\/anvisningar-och-guider\/planeringsguide-om-tillgangliga-webbsidor\/markera-innehallet\/","title":{"rendered":"Markera inneh\u00e5llet"},"content":{"rendered":"\n<p>Med avseende p\u00e5 tillg\u00e4nglighet \u00e4r det viktigt att man anv\u00e4nder olika s\u00e4tt att markera inneh\u00e5llet.<\/p>\n<p>Anv\u00e4nd inte f\u00e4rg som enda s\u00e4tt att markera. Alla utskiljer inte f\u00e4rger tillr\u00e4ckligt v\u00e4l.<\/p>\n<p>Anv\u00e4ndaren kan ha en synskada, all utrustning \u00e5terger inte f\u00e4rger ordentligt eller det kan vara besv\u00e4rligt att urskilja f\u00e4rger i solsken.<\/p>\n<p>Dessutom kan en del anv\u00e4ndare l\u00e4sa webbsidor med h\u00f6g kontrast eller inverterade f\u00e4rger f\u00f6r att kunna urskilja inneh\u00e5llet b\u00e4ttre.<\/p>\n<p>Det \u00e4r sk\u00e4l att skilja \u00e5t l\u00e4nktexterna fr\u00e5n sidans \u00f6vriga inneh\u00e5ll, f\u00f6rutom med f\u00e4rg ocks\u00e5 genom att stryka under l\u00e4nken. Det \u00e4r sk\u00e4l att anv\u00e4nda f\u00e4rg och understrykning endast f\u00f6r l\u00e4nkar, inte f\u00f6r att markera annat inneh\u00e5ll.<\/p>\n<p>Enskilda ord kan markeras exempelvis med fet eller kursiv stil. Det \u00e4r \u00e4nd\u00e5 sk\u00e4l att anv\u00e4nda fet och kursiv stil med urskillning, eftersom s\u00e5dan stil g\u00f6r l\u00e4sningen l\u00e5ngsammare.<\/p>\n<p>HTML-kodexempel:<\/p>\n<p>Fet stil:\u00a0&lt;strong&gt;orden som markeras med fet stil finns h\u00e4r&lt;\/strong&gt;<\/p>\n<p>Kursiv stil: &lt;em&gt;orden som markeras med kursiv stil finns h\u00e4r&lt;\/em&gt;<\/p>\n<p>OBS: Anv\u00e4nd inte elementen &lt;b&gt; och &lt;i&gt; f\u00f6r markering med fet och kursiv stil. Deras semantiska betydelse f\u00f6rmedlas inte d\u00e5 till anv\u00e4ndare av sk\u00e4rml\u00e4sningsprogram.<\/p>\n\n","protected":false},"excerpt":{"rendered":"<p>Med avseende p\u00e5 tillg\u00e4nglighet \u00e4r det viktigt att man anv\u00e4nder olika s\u00e4tt att markera inneh\u00e5llet. Anv\u00e4nd inte f\u00e4rg som enda s\u00e4tt att markera. Alla utskiljer inte f\u00e4rger tillr\u00e4ckligt v\u00e4l. Anv\u00e4ndaren kan ha en synskada, all utrustning [&hellip;]<span class=\"moretag\">L\u00e4s mer \u2026<\/span><\/p>\n","protected":false},"author":10,"featured_media":0,"parent":134,"menu_order":16,"comment_status":"closed","ping_status":"closed","template":"","meta":{"_acf_changed":false,"footnotes":""},"class_list":["post-289","page","type-page","status-publish","hentry"],"acf":[],"_links":{"self":[{"href":"https:\/\/papunet.net\/saavutettavuus\/pa-svenska\/wp-json\/wp\/v2\/pages\/289","targetHints":{"allow":["GET"]}}],"collection":[{"href":"https:\/\/papunet.net\/saavutettavuus\/pa-svenska\/wp-json\/wp\/v2\/pages"}],"about":[{"href":"https:\/\/papunet.net\/saavutettavuus\/pa-svenska\/wp-json\/wp\/v2\/types\/page"}],"author":[{"embeddable":true,"href":"https:\/\/papunet.net\/saavutettavuus\/pa-svenska\/wp-json\/wp\/v2\/users\/10"}],"replies":[{"embeddable":true,"href":"https:\/\/papunet.net\/saavutettavuus\/pa-svenska\/wp-json\/wp\/v2\/comments?post=289"}],"version-history":[{"count":0,"href":"https:\/\/papunet.net\/saavutettavuus\/pa-svenska\/wp-json\/wp\/v2\/pages\/289\/revisions"}],"up":[{"embeddable":true,"href":"https:\/\/papunet.net\/saavutettavuus\/pa-svenska\/wp-json\/wp\/v2\/pages\/134"}],"wp:attachment":[{"href":"https:\/\/papunet.net\/saavutettavuus\/pa-svenska\/wp-json\/wp\/v2\/media?parent=289"}],"curies":[{"name":"wp","href":"https:\/\/api.w.org\/{rel}","templated":true}]}}