{"id":290,"date":"2022-11-28T12:50:07","date_gmt":"2022-11-28T10:50:07","guid":{"rendered":"https:\/\/papunet.net\/saavutettavuus\/?page_id=290"},"modified":"2022-12-12T10:29:59","modified_gmt":"2022-12-12T08:29:59","slug":"medieinnehall-som-startar-automatiskt","status":"publish","type":"page","link":"https:\/\/papunet.net\/saavutettavuus\/pa-svenska\/anvisningar-och-guider\/planeringsguide-om-tillgangliga-webbsidor\/medieinnehall-som-startar-automatiskt\/","title":{"rendered":"Medieinneh\u00e5ll som startar automatiskt"},"content":{"rendered":"\n<p>Det rekommenderas att man l\u00e5ter anv\u00e4ndaren sj\u00e4lv starta allt medieinneh\u00e5ll p\u00e5 webbsidorna. Om man p\u00e5 sidorna \u00e4nd\u00e5 vill anv\u00e4nda medieinneh\u00e5ll som startar automatiskt, ska man meddela anv\u00e4ndaren om det p\u00e5 f\u00f6rhand med exempelvis ett l\u00e4nknamn.<\/p>\n<p>Om sidan har videor som \u00e4r \u00f6ver tre (3) sekunder l\u00e5nga eller ljudfiler som startar automatiskt, ska anv\u00e4ndaren ges m\u00f6jlighet att avbryta uppspelningen av dem. Det ska ocks\u00e5 vara m\u00f6jligt att stoppa uppspelningen enbart med tangentbordet.<\/p>\n<p>M\u00e5nga anv\u00e4ndare anser att videor eller ljudfiler som startar automatiskt st\u00f6r anv\u00e4ndningen av sidan. F\u00f6r de som anv\u00e4nder sk\u00e4rml\u00e4sningsprogram kan det till och med helt och h\u00e5llet hindra anv\u00e4ndning av \u00f6vrigt material p\u00e5 sidan.<\/p>\n<p>F\u00f6r personer med h\u00f6rselskador kan medieinneh\u00e5ll som startar automatiskt vara pinsamma exempelvis p\u00e5 allm\u00e4nna platser, eftersom anv\u00e4ndaren inte alltid kan uppfatta att det kommer ljud fr\u00e5n apparatens h\u00f6gtalare.<\/p>\n\n","protected":false},"excerpt":{"rendered":"<p>Det rekommenderas att man l\u00e5ter anv\u00e4ndaren sj\u00e4lv starta allt medieinneh\u00e5ll p\u00e5 webbsidorna. Om man p\u00e5 sidorna \u00e4nd\u00e5 vill anv\u00e4nda medieinneh\u00e5ll som startar automatiskt, ska man meddela anv\u00e4ndaren om det p\u00e5 f\u00f6rhand med exempelvis ett l\u00e4nknamn. Om [&hellip;]<span class=\"moretag\">L\u00e4s mer \u2026<\/span><\/p>\n","protected":false},"author":10,"featured_media":0,"parent":134,"menu_order":17,"comment_status":"closed","ping_status":"closed","template":"","meta":{"_acf_changed":false,"footnotes":""},"class_list":["post-290","page","type-page","status-publish","hentry"],"acf":[],"_links":{"self":[{"href":"https:\/\/papunet.net\/saavutettavuus\/pa-svenska\/wp-json\/wp\/v2\/pages\/290","targetHints":{"allow":["GET"]}}],"collection":[{"href":"https:\/\/papunet.net\/saavutettavuus\/pa-svenska\/wp-json\/wp\/v2\/pages"}],"about":[{"href":"https:\/\/papunet.net\/saavutettavuus\/pa-svenska\/wp-json\/wp\/v2\/types\/page"}],"author":[{"embeddable":true,"href":"https:\/\/papunet.net\/saavutettavuus\/pa-svenska\/wp-json\/wp\/v2\/users\/10"}],"replies":[{"embeddable":true,"href":"https:\/\/papunet.net\/saavutettavuus\/pa-svenska\/wp-json\/wp\/v2\/comments?post=290"}],"version-history":[{"count":0,"href":"https:\/\/papunet.net\/saavutettavuus\/pa-svenska\/wp-json\/wp\/v2\/pages\/290\/revisions"}],"up":[{"embeddable":true,"href":"https:\/\/papunet.net\/saavutettavuus\/pa-svenska\/wp-json\/wp\/v2\/pages\/134"}],"wp:attachment":[{"href":"https:\/\/papunet.net\/saavutettavuus\/pa-svenska\/wp-json\/wp\/v2\/media?parent=290"}],"curies":[{"name":"wp","href":"https:\/\/api.w.org\/{rel}","templated":true}]}}