{"id":291,"date":"2022-11-28T12:51:37","date_gmt":"2022-11-28T10:51:37","guid":{"rendered":"https:\/\/papunet.net\/saavutettavuus\/?page_id=291"},"modified":"2022-12-12T10:30:50","modified_gmt":"2022-12-12T08:30:50","slug":"namnge-webbplatsen-title","status":"publish","type":"page","link":"https:\/\/papunet.net\/saavutettavuus\/pa-svenska\/anvisningar-och-guider\/planeringsguide-om-tillgangliga-webbsidor\/namnge-webbplatsen-title\/","title":{"rendered":"Namnge webbplatsen (title)"},"content":{"rendered":"\n<p>Varje enskild undersida p\u00e5 webbplatsen m\u00e5ste f\u00f6rses med ett individuellt namn (title). Namnet p\u00e5 sidan syns i webbl\u00e4sarens \u00f6vre kant eller i en flik.<\/p>\n<p>Sidans namn anv\u00e4nds som utg\u00e5ngsv\u00e4rde d\u00e5 sidan sparas som bokm\u00e4rke i webbl\u00e4saren. Sidans namn \u00e4r ocks\u00e5 det f\u00f6rsta som ett sk\u00e4rml\u00e4sningsprogram l\u00e4ser upp f\u00f6r anv\u00e4ndaren n\u00e4r en ny sida \u00f6ppnas.<\/p>\n<p>Det \u00e4r bra att i namnet p\u00e5 sidan ange undersidans namn eller namnet p\u00e5 hela webbplatsen. Exempelvis: \u201dProdukter och tj\u00e4nster \u2013 F\u00f6retaget ABC\u201d.<\/p>\n<p>Sidans namn och den f\u00f6rsta rubriken i huvudinneh\u00e5llet b\u00f6r motsvara varandra. De beh\u00f6ver \u00e4nd\u00e5 inte vara helt identiska.<\/p>\n\n","protected":false},"excerpt":{"rendered":"<p>Varje enskild undersida p\u00e5 webbplatsen m\u00e5ste f\u00f6rses med ett individuellt namn (title). Namnet p\u00e5 sidan syns i webbl\u00e4sarens \u00f6vre kant eller i en flik. Sidans namn anv\u00e4nds som utg\u00e5ngsv\u00e4rde d\u00e5 sidan sparas som bokm\u00e4rke i webbl\u00e4saren. [&hellip;]<span class=\"moretag\">L\u00e4s mer \u2026<\/span><\/p>\n","protected":false},"author":10,"featured_media":0,"parent":134,"menu_order":18,"comment_status":"closed","ping_status":"closed","template":"","meta":{"_acf_changed":false,"footnotes":""},"class_list":["post-291","page","type-page","status-publish","hentry"],"acf":[],"_links":{"self":[{"href":"https:\/\/papunet.net\/saavutettavuus\/pa-svenska\/wp-json\/wp\/v2\/pages\/291","targetHints":{"allow":["GET"]}}],"collection":[{"href":"https:\/\/papunet.net\/saavutettavuus\/pa-svenska\/wp-json\/wp\/v2\/pages"}],"about":[{"href":"https:\/\/papunet.net\/saavutettavuus\/pa-svenska\/wp-json\/wp\/v2\/types\/page"}],"author":[{"embeddable":true,"href":"https:\/\/papunet.net\/saavutettavuus\/pa-svenska\/wp-json\/wp\/v2\/users\/10"}],"replies":[{"embeddable":true,"href":"https:\/\/papunet.net\/saavutettavuus\/pa-svenska\/wp-json\/wp\/v2\/comments?post=291"}],"version-history":[{"count":0,"href":"https:\/\/papunet.net\/saavutettavuus\/pa-svenska\/wp-json\/wp\/v2\/pages\/291\/revisions"}],"up":[{"embeddable":true,"href":"https:\/\/papunet.net\/saavutettavuus\/pa-svenska\/wp-json\/wp\/v2\/pages\/134"}],"wp:attachment":[{"href":"https:\/\/papunet.net\/saavutettavuus\/pa-svenska\/wp-json\/wp\/v2\/media?parent=291"}],"curies":[{"name":"wp","href":"https:\/\/api.w.org\/{rel}","templated":true}]}}