{"id":292,"date":"2022-11-28T12:53:11","date_gmt":"2022-11-28T10:53:11","guid":{"rendered":"https:\/\/papunet.net\/saavutettavuus\/?page_id=292"},"modified":"2022-12-12T10:32:49","modified_gmt":"2022-12-12T08:32:49","slug":"synlig-markor","status":"publish","type":"page","link":"https:\/\/papunet.net\/saavutettavuus\/pa-svenska\/anvisningar-och-guider\/planeringsguide-om-tillgangliga-webbsidor\/synlig-markor\/","title":{"rendered":"Synlig mark\u00f6r"},"content":{"rendered":"\n<p>Anv\u00e4ndare av webbplatsen kan ha motoriska eller fysiska funktionsneds\u00e4ttningar, som bland annat f\u00f6rsv\u00e5rar annat anv\u00e4ndningen av mus. M\u00e5nga anv\u00e4ndare l\u00e4ser d\u00e4rf\u00f6r webbsidor genom att enbart anv\u00e4nda tangentbordet.<\/p>\n<p>Personer som anv\u00e4nder tangentbord l\u00e4ser sidans olika funktionella element som l\u00e4nkar och blankettf\u00e4lt med hj\u00e4lp av tabulatortangenten (Tab\u00a0\u21b9).<\/p>\n<p>N\u00e4r mark\u00f6ren f\u00f6r anv\u00e4ndaren av tangentbord st\u00e5r p\u00e5 en l\u00e4nk, tecknas synliga kanter runt l\u00e4nken och anv\u00e4ndaren vet vilken l\u00e4nk som \u00e4r aktuell.<\/p>\n<p>Utvecklare av webbplatser ska f\u00f6rs\u00e4kra sig om att konturerna tecknas runt alla funktionella element n\u00e4r man visar p\u00e5 dem med mark\u00f6ren. Samtidigt kan man f\u00f6rs\u00e4kra sig om att alla funktioner \u00e4r tillg\u00e4ngliga med enbart tangentbord.<\/p>\n\n","protected":false},"excerpt":{"rendered":"<p>Anv\u00e4ndare av webbplatsen kan ha motoriska eller fysiska funktionsneds\u00e4ttningar, som bland annat f\u00f6rsv\u00e5rar annat anv\u00e4ndningen av mus. M\u00e5nga anv\u00e4ndare l\u00e4ser d\u00e4rf\u00f6r webbsidor genom att enbart anv\u00e4nda tangentbordet. Personer som anv\u00e4nder tangentbord l\u00e4ser sidans olika funktionella element [&hellip;]<span class=\"moretag\">L\u00e4s mer \u2026<\/span><\/p>\n","protected":false},"author":10,"featured_media":0,"parent":134,"menu_order":19,"comment_status":"closed","ping_status":"closed","template":"","meta":{"_acf_changed":false,"footnotes":""},"class_list":["post-292","page","type-page","status-publish","hentry"],"acf":[],"_links":{"self":[{"href":"https:\/\/papunet.net\/saavutettavuus\/pa-svenska\/wp-json\/wp\/v2\/pages\/292","targetHints":{"allow":["GET"]}}],"collection":[{"href":"https:\/\/papunet.net\/saavutettavuus\/pa-svenska\/wp-json\/wp\/v2\/pages"}],"about":[{"href":"https:\/\/papunet.net\/saavutettavuus\/pa-svenska\/wp-json\/wp\/v2\/types\/page"}],"author":[{"embeddable":true,"href":"https:\/\/papunet.net\/saavutettavuus\/pa-svenska\/wp-json\/wp\/v2\/users\/10"}],"replies":[{"embeddable":true,"href":"https:\/\/papunet.net\/saavutettavuus\/pa-svenska\/wp-json\/wp\/v2\/comments?post=292"}],"version-history":[{"count":0,"href":"https:\/\/papunet.net\/saavutettavuus\/pa-svenska\/wp-json\/wp\/v2\/pages\/292\/revisions"}],"up":[{"embeddable":true,"href":"https:\/\/papunet.net\/saavutettavuus\/pa-svenska\/wp-json\/wp\/v2\/pages\/134"}],"wp:attachment":[{"href":"https:\/\/papunet.net\/saavutettavuus\/pa-svenska\/wp-json\/wp\/v2\/media?parent=292"}],"curies":[{"name":"wp","href":"https:\/\/api.w.org\/{rel}","templated":true}]}}