{"id":293,"date":"2022-11-28T12:55:10","date_gmt":"2022-11-28T10:55:10","guid":{"rendered":"https:\/\/papunet.net\/saavutettavuus\/?page_id=293"},"modified":"2022-12-12T10:33:31","modified_gmt":"2022-12-12T08:33:31","slug":"mangden-innehall","status":"publish","type":"page","link":"https:\/\/papunet.net\/saavutettavuus\/pa-svenska\/anvisningar-och-guider\/planeringsguide-om-tillgangliga-webbsidor\/mangden-innehall\/","title":{"rendered":"M\u00e4ngden inneh\u00e5ll"},"content":{"rendered":"\n<p>S\u00e4kerst\u00e4ll att enskilda sidor inte har f\u00f6r mycket inneh\u00e5ll. Alltf\u00f6r mycket inneh\u00e5ll kan distrahera anv\u00e4ndaren.<\/p>\n<p>Ocks\u00e5 f\u00f6r en del personer som anv\u00e4nder hj\u00e4lpmedel, kan mycket inneh\u00e5ll p\u00e5 en sida g\u00f6ra anv\u00e4ndningen av den sv\u00e5r och l\u00e5ngsam. Det kan vara besv\u00e4rligt att g\u00e5 igenom inneh\u00e5llet om det l\u00e4ses upp med hj\u00e4lp av ett sk\u00e4rml\u00e4sningsprogram.<\/p>\n<p>Det viktigaste \u00e4r \u00e4nd\u00e5 att f\u00f6r alla anv\u00e4ndare g\u00f6ra det s\u00e5 enkelt som m\u00f6jligt att hitta det v\u00e4sentliga inneh\u00e5llet p\u00e5 sidan. Det v\u00e4sentliga inneh\u00e5llet ska klart och tydligt kunna urskiljas fr\u00e5n sidans \u00f6vriga inneh\u00e5ll.<\/p>\n\n","protected":false},"excerpt":{"rendered":"<p>S\u00e4kerst\u00e4ll att enskilda sidor inte har f\u00f6r mycket inneh\u00e5ll. Alltf\u00f6r mycket inneh\u00e5ll kan distrahera anv\u00e4ndaren. Ocks\u00e5 f\u00f6r en del personer som anv\u00e4nder hj\u00e4lpmedel, kan mycket inneh\u00e5ll p\u00e5 en sida g\u00f6ra anv\u00e4ndningen av den sv\u00e5r och l\u00e5ngsam. [&hellip;]<span class=\"moretag\">L\u00e4s mer \u2026<\/span><\/p>\n","protected":false},"author":10,"featured_media":0,"parent":134,"menu_order":20,"comment_status":"closed","ping_status":"closed","template":"","meta":{"_acf_changed":false,"footnotes":""},"class_list":["post-293","page","type-page","status-publish","hentry"],"acf":[],"_links":{"self":[{"href":"https:\/\/papunet.net\/saavutettavuus\/pa-svenska\/wp-json\/wp\/v2\/pages\/293","targetHints":{"allow":["GET"]}}],"collection":[{"href":"https:\/\/papunet.net\/saavutettavuus\/pa-svenska\/wp-json\/wp\/v2\/pages"}],"about":[{"href":"https:\/\/papunet.net\/saavutettavuus\/pa-svenska\/wp-json\/wp\/v2\/types\/page"}],"author":[{"embeddable":true,"href":"https:\/\/papunet.net\/saavutettavuus\/pa-svenska\/wp-json\/wp\/v2\/users\/10"}],"replies":[{"embeddable":true,"href":"https:\/\/papunet.net\/saavutettavuus\/pa-svenska\/wp-json\/wp\/v2\/comments?post=293"}],"version-history":[{"count":0,"href":"https:\/\/papunet.net\/saavutettavuus\/pa-svenska\/wp-json\/wp\/v2\/pages\/293\/revisions"}],"up":[{"embeddable":true,"href":"https:\/\/papunet.net\/saavutettavuus\/pa-svenska\/wp-json\/wp\/v2\/pages\/134"}],"wp:attachment":[{"href":"https:\/\/papunet.net\/saavutettavuus\/pa-svenska\/wp-json\/wp\/v2\/media?parent=293"}],"curies":[{"name":"wp","href":"https:\/\/api.w.org\/{rel}","templated":true}]}}