{"id":294,"date":"2022-11-28T14:09:49","date_gmt":"2022-11-28T12:09:49","guid":{"rendered":"https:\/\/papunet.net\/saavutettavuus\/?page_id=294"},"modified":"2022-12-12T10:34:11","modified_gmt":"2022-12-12T08:34:11","slug":"anvandarens-position-pa-webbplatsen","status":"publish","type":"page","link":"https:\/\/papunet.net\/saavutettavuus\/pa-svenska\/anvisningar-och-guider\/planeringsguide-om-tillgangliga-webbsidor\/anvandarens-position-pa-webbplatsen\/","title":{"rendered":"Anv\u00e4ndarens position p\u00e5 webbplatsen"},"content":{"rendered":"\n<p>Det \u00e4r viktigt att anv\u00e4ndaren l\u00e4tt och beh\u00e4ndigt alltid k\u00e4nner till namnet p\u00e5 den undersida hen befinner sig p\u00e5. Dessutom ska anv\u00e4ndaren ocks\u00e5 veta i vilken del av navigationsstrukturen hen \u00e4r.<\/p>\n<p>F\u00f6r anv\u00e4ndaren kan man presentera namnet p\u00e5 den undersida som f\u00f6r tillf\u00e4llet \u00e4r \u00f6ppen p\u00e5 olika s\u00e4tt:<\/p>\n<ul>\n<li>Huvudinneh\u00e5llets rubrik: Av den uppfattar anv\u00e4ndaren l\u00e4tt p\u00e5 vilken sida hen \u00e4r.<\/li>\n<li>Sidans namn: Anv\u00e4ndaren kan konstatera vilken undersida som \u00e4r \u00f6ppen ocks\u00e5 p\u00e5 basis av sidans namn eller \u201dtitle\u201d.<\/li>\n<li>Navigation: Av navigationsl\u00e4nkarna som finns p\u00e5 webbplatsen kan man visuellt visa anv\u00e4ndaren p\u00e5 vilken sida hen \u00e4r.<\/li>\n<li>L\u00e4nkstig: En l\u00e4nkstig, som best\u00e5r av \u00f6ver- och undersidorna, visar anv\u00e4ndaren hens plats p\u00e5 webbplatsen.<\/li>\n<\/ul>\n\n","protected":false},"excerpt":{"rendered":"<p>Det \u00e4r viktigt att anv\u00e4ndaren l\u00e4tt och beh\u00e4ndigt alltid k\u00e4nner till namnet p\u00e5 den undersida hen befinner sig p\u00e5. Dessutom ska anv\u00e4ndaren ocks\u00e5 veta i vilken del av navigationsstrukturen hen \u00e4r. F\u00f6r anv\u00e4ndaren kan man presentera [&hellip;]<span class=\"moretag\">L\u00e4s mer \u2026<\/span><\/p>\n","protected":false},"author":10,"featured_media":0,"parent":134,"menu_order":21,"comment_status":"closed","ping_status":"closed","template":"","meta":{"_acf_changed":false,"footnotes":""},"class_list":["post-294","page","type-page","status-publish","hentry"],"acf":[],"_links":{"self":[{"href":"https:\/\/papunet.net\/saavutettavuus\/pa-svenska\/wp-json\/wp\/v2\/pages\/294","targetHints":{"allow":["GET"]}}],"collection":[{"href":"https:\/\/papunet.net\/saavutettavuus\/pa-svenska\/wp-json\/wp\/v2\/pages"}],"about":[{"href":"https:\/\/papunet.net\/saavutettavuus\/pa-svenska\/wp-json\/wp\/v2\/types\/page"}],"author":[{"embeddable":true,"href":"https:\/\/papunet.net\/saavutettavuus\/pa-svenska\/wp-json\/wp\/v2\/users\/10"}],"replies":[{"embeddable":true,"href":"https:\/\/papunet.net\/saavutettavuus\/pa-svenska\/wp-json\/wp\/v2\/comments?post=294"}],"version-history":[{"count":0,"href":"https:\/\/papunet.net\/saavutettavuus\/pa-svenska\/wp-json\/wp\/v2\/pages\/294\/revisions"}],"up":[{"embeddable":true,"href":"https:\/\/papunet.net\/saavutettavuus\/pa-svenska\/wp-json\/wp\/v2\/pages\/134"}],"wp:attachment":[{"href":"https:\/\/papunet.net\/saavutettavuus\/pa-svenska\/wp-json\/wp\/v2\/media?parent=294"}],"curies":[{"name":"wp","href":"https:\/\/api.w.org\/{rel}","templated":true}]}}