{"id":295,"date":"2022-11-28T14:11:58","date_gmt":"2022-11-28T12:11:58","guid":{"rendered":"https:\/\/papunet.net\/saavutettavuus\/?page_id=295"},"modified":"2022-12-12T10:35:09","modified_gmt":"2022-12-12T08:35:09","slug":"sokfunktion","status":"publish","type":"page","link":"https:\/\/papunet.net\/saavutettavuus\/pa-svenska\/anvisningar-och-guider\/planeringsguide-om-tillgangliga-webbsidor\/sokfunktion\/","title":{"rendered":"S\u00f6kfunktion"},"content":{"rendered":"\n<p>Om webbplatsen har flera undersidor (\u00f6ver 20), ska webbplatsen inneh\u00e5lla en s\u00f6kfunktion. S\u00f6kfunktionen \u00e4r bra att placera p\u00e5 varje sida p\u00e5 en synlig plats i \u00f6vre kanten av sidan.<\/p>\n<p>S\u00f6kfunktionen och sidan med s\u00f6kresultaten ska genomf\u00f6ras p\u00e5 ett tillg\u00e4ngligt s\u00e4tt. Nedan anvisningar och tips om dessa b\u00e5da.<\/p>\n<h2>S\u00f6kf\u00e4lt och s\u00f6kknapp<\/h2>\n<p>Anv\u00e4ndaren skriver in s\u00f6kordet i s\u00f6kf\u00e4ltet. F\u00f6r det h\u00e4r \u00e4r det bra att ha tillr\u00e4ckligt med utrymme.<\/p>\n<p>Ovanf\u00f6r s\u00f6kf\u00e4ltet, till v\u00e4nster om det eller inne i s\u00f6kf\u00e4ltet, ska man ange att det \u00e4r fr\u00e5ga om ett s\u00f6kf\u00e4lt. Texten kan exempelvis vara \u201dS\u00f6k p\u00e5 webbplatsen\u201d. Det h\u00e4r ber\u00e4ttar f\u00f6r anv\u00e4ndaren att det \u00e4r fr\u00e5ga om en s\u00f6kfunktion som s\u00f6ker inneh\u00e5ll fr\u00e5n den webbplats anv\u00e4ndaren just d\u00e5 bes\u00f6ker.<\/p>\n<p>Man kan dessutom illustrera s\u00f6kfunktionen med ett f\u00f6rstoringsglas. Det h\u00e4r \u00e4r ett allm\u00e4nt anv\u00e4nt s\u00e4tt p\u00e5 olika webbplatser.<\/p>\n\n","protected":false},"excerpt":{"rendered":"<p>Om webbplatsen har flera undersidor (\u00f6ver 20), ska webbplatsen inneh\u00e5lla en s\u00f6kfunktion. S\u00f6kfunktionen \u00e4r bra att placera p\u00e5 varje sida p\u00e5 en synlig plats i \u00f6vre kanten av sidan. S\u00f6kfunktionen och sidan med s\u00f6kresultaten ska genomf\u00f6ras [&hellip;]<span class=\"moretag\">L\u00e4s mer \u2026<\/span><\/p>\n","protected":false},"author":10,"featured_media":0,"parent":134,"menu_order":22,"comment_status":"closed","ping_status":"closed","template":"","meta":{"_acf_changed":false,"footnotes":""},"class_list":["post-295","page","type-page","status-publish","hentry"],"acf":[],"_links":{"self":[{"href":"https:\/\/papunet.net\/saavutettavuus\/pa-svenska\/wp-json\/wp\/v2\/pages\/295","targetHints":{"allow":["GET"]}}],"collection":[{"href":"https:\/\/papunet.net\/saavutettavuus\/pa-svenska\/wp-json\/wp\/v2\/pages"}],"about":[{"href":"https:\/\/papunet.net\/saavutettavuus\/pa-svenska\/wp-json\/wp\/v2\/types\/page"}],"author":[{"embeddable":true,"href":"https:\/\/papunet.net\/saavutettavuus\/pa-svenska\/wp-json\/wp\/v2\/users\/10"}],"replies":[{"embeddable":true,"href":"https:\/\/papunet.net\/saavutettavuus\/pa-svenska\/wp-json\/wp\/v2\/comments?post=295"}],"version-history":[{"count":0,"href":"https:\/\/papunet.net\/saavutettavuus\/pa-svenska\/wp-json\/wp\/v2\/pages\/295\/revisions"}],"up":[{"embeddable":true,"href":"https:\/\/papunet.net\/saavutettavuus\/pa-svenska\/wp-json\/wp\/v2\/pages\/134"}],"wp:attachment":[{"href":"https:\/\/papunet.net\/saavutettavuus\/pa-svenska\/wp-json\/wp\/v2\/media?parent=295"}],"curies":[{"name":"wp","href":"https:\/\/api.w.org\/{rel}","templated":true}]}}