{"id":467,"date":"2023-02-16T09:42:38","date_gmt":"2023-02-16T07:42:38","guid":{"rendered":"https:\/\/papunet.net\/saavutettavuus\/pa-svenska\/?page_id=467"},"modified":"2023-02-16T09:42:38","modified_gmt":"2023-02-16T07:42:38","slug":"tillgangliga-dokument","status":"publish","type":"page","link":"https:\/\/papunet.net\/saavutettavuus\/pa-svenska\/anvisningar-och-guider\/tillgangliga-dokument\/","title":{"rendered":"Tillg\u00e4ngliga dokument"},"content":{"rendered":"\n<p>Tillg\u00e4nglighet g\u00e4ller inte bara f\u00f6r inneh\u00e5ll p\u00e5 webbsidor och i mobilapplikationer, utan tillg\u00e4nglighet ber\u00f6r ocks\u00e5 dokument och filer. Bekanta dig med l\u00e4nkarna som finns p\u00e5 den h\u00e4r sidan f\u00f6r att f\u00f6rdjupa din kunskap om tillg\u00e4nglighet och ta del av praktiska instruktioner och exempel.<\/p>\n\n\n\n<h2 class=\"wp-block-heading\">Kom ih\u00e5g f\u00f6ljande<\/h2>\n\n\n\n<ul class=\"wp-block-list\">\n<li>Anv\u00e4nd formateringsverktyget f\u00f6r rubriker och text. M\u00e4rk rubriker som rubrik, f\u00f6rstora inte fonten<\/li>\n\n\n\n<li>Skapa listor genom att anv\u00e4nda verktyget f\u00f6r punktlistor eller numrering.<\/li>\n\n\n\n<li>Skriv in alternativ text f\u00f6r bilder.<\/li>\n\n\n\n<li>Anv\u00e4nd tabeller endast f\u00f6r att presentera information som kr\u00e4ver tabeller.<\/li>\n\n\n\n<li>Kontrasten mellan text och bakgrund m\u00e5ste vara minst 4,5:1.<\/li>\n\n\n\n<li>Bilder och illustrationer som \u00e4r viktiga f\u00f6r att f\u00f6rst\u00e5 inneh\u00e5llet b\u00f6r ocks\u00e5 ha en tydlig kontrast mot bakgrunden, minst 3:1.<\/li>\n\n\n\n<li>Anv\u00e4nd inte f\u00e4rger f\u00f6r att betona inneh\u00e5llets betydelse.<\/li>\n\n\n\n<li>Kontrollera att dokumentets inst\u00e4llning f\u00f6r spr\u00e5k \u00e4r samma som inneh\u00e5llets spr\u00e5k.<\/li>\n\n\n\n<li>Ge dokumentet ett beskrivande namn.<\/li>\n<\/ul>\n\n\n\n<h2 class=\"wp-block-heading\">Mer information<\/h2>\n\n\n\n<p>H\u00e4r finns l\u00e4nkar till olika webbplatser, d\u00e4r det finns mycket bra information, till exempel instruktioner och tips p\u00e5 hur du g\u00f6r tillg\u00e4ngliga dokument.<\/p>\n\n\n\n<h3 class=\"wp-block-heading\">Instruktioner p\u00e5 svenska<\/h3>\n\n\n\n<p><a href=\"https:\/\/support.microsoft.com\/sv-se\/office\/g%C3%B6r-dina-word-dokument-tillg%C3%A4ngliga-f%C3%B6r-personer-med-funktionsneds%C3%A4ttning-d9bf3683-87ac-47ea-b91a-78dcacb3c66d\">G\u00f6r Word-dokument l\u00e4tta att anv\u00e4nda av personer med funktionsneds\u00e4ttningar \u2013 Microsoft<\/a><\/p>\n\n\n\n<p>Instruktioner och praktiska r\u00e5d som hj\u00e4lper dig att g\u00f6ra Word-dokument l\u00e4tta att anv\u00e4nda av personer som har olika funktionsneds\u00e4ttningar.<\/p>\n\n\n\n<h3 class=\"wp-block-heading\">Instruktioner p\u00e5 finska<\/h3>\n\n\n\n<p><a href=\"https:\/\/www.saavutettavasti.fi\/saavutettavat-asiakirjat\/\">Saavutettavasti.fi \u2013 Tillg\u00e4ngliga dokument (endast p\u00e5 finska)<\/a><\/p>\n\n\n\n<p>Praktiska instruktioner och tips om tillg\u00e4ngliga Word-, PowerPoint-, Excel och PDF-filer.<\/p>\n\n\n\n<p><a href=\"https:\/\/www.eoppiva.fi\/koulutukset\/saavutettavat-asiakirjat-verkossa\/\">eOppivan Utbildning om tillg\u00e4ngliga dokument p\u00e5 internet (endast p\u00e5 finska)<\/a><\/p>\n\n\n\n<p>Utbildningen l\u00e4r dig att producera tillg\u00e4ngliga dokument, till exempel instruktioner, rapporter och presentationer som publiceras p\u00e5 internet. Utbildningen fokuserar p\u00e5 Word-, PowerPoint- och Excel-filer samt hur de \u00e4ndras till PDF-filer p\u00e5 r\u00e4tt s\u00e4tt.<\/p>\n\n\n\n<h3 class=\"wp-block-heading\">Instruktioner p\u00e5 engelska<\/h3>\n\n\n\n<p><a href=\"https:\/\/webaim.org\/techniques\/word\/\">Creating Accessible Word Documents \u2013 WebAIM.org<\/a><\/p>\n\n\n\n<p>There are several things you can do to make your Word Documents more accessible for people with disabilities.<\/p>\n\n","protected":false},"excerpt":{"rendered":"<p>Tillg\u00e4nglighet g\u00e4ller inte bara f\u00f6r inneh\u00e5ll p\u00e5 webbsidor och i mobilapplikationer, utan tillg\u00e4nglighet ber\u00f6r ocks\u00e5 dokument och filer. Bekanta dig med l\u00e4nkarna som finns p\u00e5 den h\u00e4r sidan f\u00f6r att f\u00f6rdjupa din kunskap om tillg\u00e4nglighet och [&hellip;]<span class=\"moretag\">L\u00e4s mer \u2026<\/span><\/p>\n","protected":false},"author":10,"featured_media":0,"parent":11,"menu_order":7,"comment_status":"closed","ping_status":"closed","template":"","meta":{"_acf_changed":false,"footnotes":""},"class_list":["post-467","page","type-page","status-publish","hentry"],"acf":[],"_links":{"self":[{"href":"https:\/\/papunet.net\/saavutettavuus\/pa-svenska\/wp-json\/wp\/v2\/pages\/467","targetHints":{"allow":["GET"]}}],"collection":[{"href":"https:\/\/papunet.net\/saavutettavuus\/pa-svenska\/wp-json\/wp\/v2\/pages"}],"about":[{"href":"https:\/\/papunet.net\/saavutettavuus\/pa-svenska\/wp-json\/wp\/v2\/types\/page"}],"author":[{"embeddable":true,"href":"https:\/\/papunet.net\/saavutettavuus\/pa-svenska\/wp-json\/wp\/v2\/users\/10"}],"replies":[{"embeddable":true,"href":"https:\/\/papunet.net\/saavutettavuus\/pa-svenska\/wp-json\/wp\/v2\/comments?post=467"}],"version-history":[{"count":0,"href":"https:\/\/papunet.net\/saavutettavuus\/pa-svenska\/wp-json\/wp\/v2\/pages\/467\/revisions"}],"up":[{"embeddable":true,"href":"https:\/\/papunet.net\/saavutettavuus\/pa-svenska\/wp-json\/wp\/v2\/pages\/11"}],"wp:attachment":[{"href":"https:\/\/papunet.net\/saavutettavuus\/pa-svenska\/wp-json\/wp\/v2\/media?parent=467"}],"curies":[{"name":"wp","href":"https:\/\/api.w.org\/{rel}","templated":true}]}}