{"id":468,"date":"2023-02-16T09:46:22","date_gmt":"2023-02-16T07:46:22","guid":{"rendered":"https:\/\/papunet.net\/saavutettavuus\/pa-svenska\/?page_id=468"},"modified":"2023-02-16T09:46:22","modified_gmt":"2023-02-16T07:46:22","slug":"projektet-selkeasti-meille","status":"publish","type":"page","link":"https:\/\/papunet.net\/saavutettavuus\/pa-svenska\/anvisningar-och-guider\/lattanvanda-webbsidor\/projektet-selkeasti-meille\/","title":{"rendered":"Projektet Selke\u00e4sti meille"},"content":{"rendered":"\n<p>Projektet Selke\u00e4sti meille \u00e4r ett gemensamt projekt mellan Kehitysvammatuki 57 ry:n och Kehitysvammaliitto. Projektets syfte \u00e4r att samla erfarenheter och skapa information och material om kognitiv tillg\u00e4nglighet under \u00e5ren 2020-2023. Projektet syftar ocks\u00e5 till att fr\u00e4mja tillg\u00e4ngligheten bland digitala tj\u00e4nster och sj\u00e4lvbetj\u00e4ningspunkter, s\u00e5 att s\u00e5 m\u00e5nga m\u00e4nniskor som m\u00f6jligt ska kunna vara delaktiga och fungera mera sj\u00e4lvst\u00e4ndigt i ett digitaliserat samh\u00e4lle.<\/p>\n\n\n\n<p>Projektet beviljar Selke\u00e4sti meille-m\u00e4rket \u00e5t akt\u00f6rer som fr\u00e4mjar tillg\u00e4ngligheten i sina webbtj\u00e4nster.<\/p>\n\n\n\n<h2 class=\"wp-block-heading\">P\u00e5verkansarbete<\/h2>\n\n\n\n<p>Inom projektet \u00e4r p\u00e5verkansarbete viktigt och en del av det g\u00f6rs genom arbetsgrupper best\u00e5ende av personer med intellektuell funktionsneds\u00e4ttning som utv\u00e4rderar tillg\u00e4ngligheten hos olika organisationer.<\/p>\n\n\n\n<h2 class=\"wp-block-heading\">L\u00e4s mer p\u00e5 projektets hemsida<\/h2>\n\n\n\n<p>Projektets egen hemsida hittar du p\u00e5 <a href=\"https:\/\/www.selkeastimeille.fi\/\">selke\u00e4stimeille.fi<\/a>. H\u00e4r hittar du instruktioner och tips f\u00f6r att blir mera tillg\u00e4nglig och aktuell information om projektet. Hemsidan \u00e4r endast p\u00e5 finska.<\/p>\n\n","protected":false},"excerpt":{"rendered":"<p>Projektet Selke\u00e4sti meille \u00e4r ett gemensamt projekt mellan Kehitysvammatuki 57 ry:n och Kehitysvammaliitto. Projektets syfte \u00e4r att samla erfarenheter och skapa information och material om kognitiv tillg\u00e4nglighet under \u00e5ren 2020-2023. Projektet syftar ocks\u00e5 till att fr\u00e4mja [&hellip;]<span class=\"moretag\">L\u00e4s mer \u2026<\/span><\/p>\n","protected":false},"author":10,"featured_media":0,"parent":140,"menu_order":1,"comment_status":"closed","ping_status":"closed","template":"","meta":{"_acf_changed":false,"footnotes":""},"class_list":["post-468","page","type-page","status-publish","hentry"],"acf":[],"_links":{"self":[{"href":"https:\/\/papunet.net\/saavutettavuus\/pa-svenska\/wp-json\/wp\/v2\/pages\/468","targetHints":{"allow":["GET"]}}],"collection":[{"href":"https:\/\/papunet.net\/saavutettavuus\/pa-svenska\/wp-json\/wp\/v2\/pages"}],"about":[{"href":"https:\/\/papunet.net\/saavutettavuus\/pa-svenska\/wp-json\/wp\/v2\/types\/page"}],"author":[{"embeddable":true,"href":"https:\/\/papunet.net\/saavutettavuus\/pa-svenska\/wp-json\/wp\/v2\/users\/10"}],"replies":[{"embeddable":true,"href":"https:\/\/papunet.net\/saavutettavuus\/pa-svenska\/wp-json\/wp\/v2\/comments?post=468"}],"version-history":[{"count":0,"href":"https:\/\/papunet.net\/saavutettavuus\/pa-svenska\/wp-json\/wp\/v2\/pages\/468\/revisions"}],"up":[{"embeddable":true,"href":"https:\/\/papunet.net\/saavutettavuus\/pa-svenska\/wp-json\/wp\/v2\/pages\/140"}],"wp:attachment":[{"href":"https:\/\/papunet.net\/saavutettavuus\/pa-svenska\/wp-json\/wp\/v2\/media?parent=468"}],"curies":[{"name":"wp","href":"https:\/\/api.w.org\/{rel}","templated":true}]}}