{"id":479,"date":"2023-03-22T12:35:27","date_gmt":"2023-03-22T10:35:27","guid":{"rendered":"https:\/\/papunet.net\/saavutettavuus\/pa-svenska\/?page_id=479"},"modified":"2025-01-07T15:00:44","modified_gmt":"2025-01-07T13:00:44","slug":"tillganglighetsutlatande","status":"publish","type":"page","link":"https:\/\/papunet.net\/saavutettavuus\/pa-svenska\/tillganglighetsutlatande\/","title":{"rendered":"Tillg\u00e4nglighetsutl\u00e5tande"},"content":{"rendered":"\n<p>Detta tillg\u00e4nglighetsutl\u00e5tande g\u00e4ller tj\u00e4nsten https:\/\/papunet.net\/saavutettavuus\/pa-svenska\/ och har uppr\u00e4ttats \/ uppdaterats 22.03.2023.<\/p>\r\n\r\n\r\n\r\n<p>Tj\u00e4nsten omfattas av lagen om tillhandah\u00e5llande av digitala tj\u00e4nster och dess krav p\u00e5 att offentliga webbplatser m\u00e5ste vara tillg\u00e4ngliga.<\/p>\r\n\r\n\r\n\r\n<p>Vi har sj\u00e4lva granskat hur tillg\u00e4nglig tj\u00e4nsten \u00e4r.<\/p>\r\n\r\n\r\n\r\n<h2 class=\"wp-block-heading\">Tillg\u00e4nglighetsstatus f\u00f6r den digitala tj\u00e4nsten<\/h2>\r\n\r\n\r\n\r\n<p>Uppfyller delvis tillg\u00e4nglighetskraven.<\/p>\r\n\r\n\r\n\r\n<h2 class=\"wp-block-heading\">Icke-tillg\u00e4ngligt inneh\u00e5ll<\/h2>\r\n\r\n\r\n\r\n<p>Webbplatsen uppfyller \u00e4nnu inte alla krav.<\/p>\r\n\r\n\r\n\r\n<h3 class=\"wp-block-heading\">M\u00f6jlig att uppfatta: Alla bilder har inte alternativ text.<\/h3>\r\n\r\n\r\n\r\n<h4 class=\"wp-block-heading\">Inneh\u00e5ll som inte \u00e4r tillg\u00e4ngligt och dess brister<\/h4>\r\n\r\n\r\n\r\n<p>Alla bilder har inte alternativ text. Bilderna visar inget som \u00e4r viktigt f\u00f6r att f\u00f6rst\u00e5 inneh\u00e5llet. Alternativ text kommer att l\u00e4ggas till bilderna.<\/p>\r\n\r\n\r\n\r\n<h4 class=\"wp-block-heading\">Tillg\u00e4nglighetskrav som inte uppfylls<\/h4>\r\n\r\n\r\n\r\n<p>1.1.1 Inneh\u00e5ll som inte \u00e4r text<\/p>\r\n\r\n\r\n\r\n<h3 class=\"wp-block-heading\">Uppt\u00e4ckte du en tillg\u00e4nglighetsbrist i v\u00e5r digitala tj\u00e4nst? Beskriv den f\u00f6r oss och vi ska g\u00f6ra v\u00e5rt b\u00e4sta f\u00f6r att \u00e5tg\u00e4rda den<\/h3>\r\n\r\n\r\n\r\n<p>Per e-post: <a href=\"mailto:papunet@kvl.fi\">papunet(at)kvl.fi<\/a><\/p>\r\n\r\n\r\n\r\n<h3 class=\"wp-block-heading\">Tillsynsmyndigheten<\/h3>\r\n\r\n\r\n\r\n<p>Kontakta oss om du vill p\u00e5tala brister i tillg\u00e4ngligheten p\u00e5 v\u00e5r webbplats. Det kan ta 14 dagar innan du f\u00e5r ett svar. Om du inte \u00e4r n\u00f6jd med det svar du har f\u00e5tt eller inte f\u00e5r n\u00e5got svar alls inom tv\u00e5 veckor kan du l\u00e4mna in en anm\u00e4lan om bristande tillg\u00e4nglighet till <a href=\"https:\/\/www.saavutettavuusvaatimukset.fi\/sv\/dina-rattigheter\/lamna-en-tillganglighetsklagan-eller-be-om-en-utredning\">Transport- och kommunikationsverket Traficom<\/a>. P\u00e5 webbplats finns det beskrivet hur du kan l\u00e4mna in en anm\u00e4lan och hur \u00e4rendet behandlas.<\/p>\r\n\r\n\r\n\r\n<h4 class=\"wp-block-heading\">Tillsynsmyndighetens kontaktuppgifter<\/h4>\r\n<p>Transport- och kommunikationsverket Traficom<br>Enheten f\u00f6r tillsyn \u00f6ver digital tillg\u00e4nglighet<br><a href=\"http:\/\/www.tillganglighetskrav.fi\">www.tillganglighetskrav.fi<\/a><br><a href=\"mailto:tillganglighet@traficom.fi\">tillganglighet@traficom.fi<\/a><br>telefonnummer v\u00e4xeln 029 534 5000<\/p>\r\n\r\n\r\n\n","protected":false},"excerpt":{"rendered":"<p>Detta tillg\u00e4nglighetsutl\u00e5tande g\u00e4ller tj\u00e4nsten https:\/\/papunet.net\/saavutettavuus\/pa-svenska\/ och har uppr\u00e4ttats \/ uppdaterats 22.03.2023. Tj\u00e4nsten omfattas av lagen om tillhandah\u00e5llande av digitala tj\u00e4nster och dess krav p\u00e5 att offentliga webbplatser m\u00e5ste vara tillg\u00e4ngliga. Vi har sj\u00e4lva granskat hur tillg\u00e4nglig [&hellip;]<span class=\"moretag\">L\u00e4s mer \u2026<\/span><\/p>\n","protected":false},"author":1,"featured_media":0,"parent":0,"menu_order":9,"comment_status":"closed","ping_status":"closed","template":"","meta":{"_acf_changed":false,"footnotes":""},"class_list":["post-479","page","type-page","status-publish","hentry"],"acf":[],"_links":{"self":[{"href":"https:\/\/papunet.net\/saavutettavuus\/pa-svenska\/wp-json\/wp\/v2\/pages\/479","targetHints":{"allow":["GET"]}}],"collection":[{"href":"https:\/\/papunet.net\/saavutettavuus\/pa-svenska\/wp-json\/wp\/v2\/pages"}],"about":[{"href":"https:\/\/papunet.net\/saavutettavuus\/pa-svenska\/wp-json\/wp\/v2\/types\/page"}],"author":[{"embeddable":true,"href":"https:\/\/papunet.net\/saavutettavuus\/pa-svenska\/wp-json\/wp\/v2\/users\/1"}],"replies":[{"embeddable":true,"href":"https:\/\/papunet.net\/saavutettavuus\/pa-svenska\/wp-json\/wp\/v2\/comments?post=479"}],"version-history":[{"count":0,"href":"https:\/\/papunet.net\/saavutettavuus\/pa-svenska\/wp-json\/wp\/v2\/pages\/479\/revisions"}],"wp:attachment":[{"href":"https:\/\/papunet.net\/saavutettavuus\/pa-svenska\/wp-json\/wp\/v2\/media?parent=479"}],"curies":[{"name":"wp","href":"https:\/\/api.w.org\/{rel}","templated":true}]}}