{"id":492,"date":"2023-04-03T12:26:09","date_gmt":"2023-04-03T09:26:09","guid":{"rendered":"https:\/\/papunet.net\/saavutettavuus\/pa-svenska\/?page_id=492"},"modified":"2023-04-03T12:26:09","modified_gmt":"2023-04-03T09:26:09","slug":"papunets-wcag-2-1-checklista","status":"publish","type":"page","link":"https:\/\/papunet.net\/saavutettavuus\/pa-svenska\/anvisningar-och-guider\/riktlinjer-for-teknisk-tillganglighet-wcag\/papunets-wcag-2-1-checklista\/","title":{"rendered":"Papunets WCAG 2.1 checklista"},"content":{"rendered":"\n<p>Checklistan p\u00e5 den h\u00e4r sidan \u00e4r Papunets f\u00f6renklade version och tolkning av WCAG 2.1 riktlinjerna. Ifr\u00e5gavarande checklista \u00e4r s\u00e5ledes inte Riktlinjer f\u00f6r tillg\u00e4ngligt webbinneh\u00e5ll WCAG 2.1 och i checklistan beaktas inte heller alla kriterier som ing\u00e5r i WCAG 2.1 riktlinjerna. Av den h\u00e4r orsaken rekommenderar vi alltid att det \u00e4r sk\u00e4l att bekanta sig med de ursprungliga riktlinjerna p\u00e5 W3C:s sidor: <a href=\"https:\/\/www.w3.org\/TR\/WCAG21\/\" data-type=\"URL\" data-id=\"https:\/\/www.w3.org\/TR\/WCAG21\/\">WCAG 2.1 guidelines (p\u00e5 engelska)<\/a>, <a href=\"https:\/\/www.w3.org\/Translations\/WCAG21-fi\/\">WCAG 2.1 -ohjeistus (p\u00e5 finska)<\/a>.<\/p>\n\n\n\n<p>De ursprungliga WCAG 2.1 riktlinjerna tar inte st\u00e4llning till hur och p\u00e5 vilket s\u00e4tt inneh\u00e5ll och funktionalitet tekniskt har genomf\u00f6rts. I checklistan p\u00e5 den h\u00e4r sidan finns \u00e4nd\u00e5 anvisningar om hur inneh\u00e5ll och funktionalitet kan genomf\u00f6ras. H\u00e4r har de mest allm\u00e4nna f\u00f6rfaringss\u00e4tten och WCAG 2.1 felen beaktats.<\/p>\n\n\n\n<p>Vid utarbetandet av den h\u00e4r checklistan har man anv\u00e4nt sig av de ursprungliga WCAG 2.1 riktlinjerna, <a href=\"https:\/\/webaim.org\/standards\/wcag\/checklist\">WebAIMin WCAG 2 checklistan (p\u00e5 engelska)<\/a> och <a href=\"https:\/\/papunet.net\/saavutettavuus\/ohjeita-ja-oppaita\/teknisen-saavutettavuuden-ohjeet-wcag\/\">Papunetin verkkosis\u00e4ll\u00f6n saavutettavuusohjeita<\/a>.<\/p>\n\n","protected":false},"excerpt":{"rendered":"<p>Checklistan p\u00e5 den h\u00e4r sidan \u00e4r Papunets f\u00f6renklade version och tolkning av WCAG 2.1 riktlinjerna. Ifr\u00e5gavarande checklista \u00e4r s\u00e5ledes inte Riktlinjer f\u00f6r tillg\u00e4ngligt webbinneh\u00e5ll WCAG 2.1 och i checklistan beaktas inte heller alla kriterier som ing\u00e5r [&hellip;]<span class=\"moretag\">L\u00e4s mer \u2026<\/span><\/p>\n","protected":false},"author":10,"featured_media":0,"parent":124,"menu_order":3,"comment_status":"closed","ping_status":"closed","template":"","meta":{"_acf_changed":false,"footnotes":""},"class_list":["post-492","page","type-page","status-publish","hentry"],"acf":[],"_links":{"self":[{"href":"https:\/\/papunet.net\/saavutettavuus\/pa-svenska\/wp-json\/wp\/v2\/pages\/492","targetHints":{"allow":["GET"]}}],"collection":[{"href":"https:\/\/papunet.net\/saavutettavuus\/pa-svenska\/wp-json\/wp\/v2\/pages"}],"about":[{"href":"https:\/\/papunet.net\/saavutettavuus\/pa-svenska\/wp-json\/wp\/v2\/types\/page"}],"author":[{"embeddable":true,"href":"https:\/\/papunet.net\/saavutettavuus\/pa-svenska\/wp-json\/wp\/v2\/users\/10"}],"replies":[{"embeddable":true,"href":"https:\/\/papunet.net\/saavutettavuus\/pa-svenska\/wp-json\/wp\/v2\/comments?post=492"}],"version-history":[{"count":0,"href":"https:\/\/papunet.net\/saavutettavuus\/pa-svenska\/wp-json\/wp\/v2\/pages\/492\/revisions"}],"up":[{"embeddable":true,"href":"https:\/\/papunet.net\/saavutettavuus\/pa-svenska\/wp-json\/wp\/v2\/pages\/124"}],"wp:attachment":[{"href":"https:\/\/papunet.net\/saavutettavuus\/pa-svenska\/wp-json\/wp\/v2\/media?parent=492"}],"curies":[{"name":"wp","href":"https:\/\/api.w.org\/{rel}","templated":true}]}}