{"id":66,"date":"2022-10-19T17:10:25","date_gmt":"2022-10-19T14:10:25","guid":{"rendered":"https:\/\/papunet.net\/saavutettavuus\/miksi-saavutettava\/mita-on-saavutettavuus\/"},"modified":"2023-02-02T13:48:11","modified_gmt":"2023-02-02T11:48:11","slug":"vad-ar-tillganglighet","status":"publish","type":"page","link":"https:\/\/papunet.net\/saavutettavuus\/pa-svenska\/varfor-tillgangligt\/vad-ar-tillganglighet\/","title":{"rendered":"Vad \u00e4r tillg\u00e4nglighet?"},"content":{"rendered":"\n<p>En tillg\u00e4nglig tj\u00e4nst eller produkt \u00e4r en s\u00e5dan som alla har m\u00f6jlighet att anv\u00e4nda p\u00e5 ett j\u00e4mlikt s\u00e4tt, oberoende av olika former av skador eller funktionsneds\u00e4ttningar.<\/p>\n<p>N\u00e4tbankssidor \u00e4r exempelvis tillg\u00e4ngliga d\u00e5 alla m\u00e4nniskor kan anv\u00e4nda n\u00e4tbanker, betala sina r\u00e4kningar och ans\u00f6ka om bostadsl\u00e5n utan hj\u00e4lp av andra.<\/p>\n<p>P\u00e5 den h\u00e4r webbplatsen fokuserar vi s\u00e4rskilt p\u00e5 tillg\u00e4ngliga webbsidor.<\/p>\n<p>En god tillg\u00e4nglighet kr\u00e4ver insatser av alla som deltar i planeringen, kodningen och inneh\u00e5llsproduktionen av en webbplats. \u00c4ven den som best\u00e4ller en webbplats m\u00e5ste kunna kr\u00e4va god tillg\u00e4nglighet av webbplatsens leverant\u00f6r.<\/p>\n<h2>Assisterande teknik<\/h2>\n<p>Assisterande apparatur och program som installeras p\u00e5 datorn m\u00f6jligg\u00f6r anv\u00e4ndning av webbplatser f\u00f6r m\u00e5nga. Med hj\u00e4lp av dem kan en synskadad person eller en person som \u00e4r f\u00f6rlamad i armar och ben l\u00e4sa webbsidor.<\/p>\n<p>Hj\u00e4lpmedlen i sig r\u00e4cker \u00e4nd\u00e5 inte till om man vid planeringen av webbplatsen inte har beaktat tillg\u00e4nglighet. E-tj\u00e4nster ska g\u00f6ras tillg\u00e4ngliga f\u00f6r alla s\u00e5 att anv\u00e4ndningen av dem lyckas.<\/p>\n<h2>Hur utv\u00e4rderas tillg\u00e4nglighet?<\/h2>\n<p>F\u00f6r att skapa och utv\u00e4rdera tillg\u00e4ngliga webbsidor anv\u00e4nds ofta olika tillg\u00e4nglighetsanvisningar. <a href=\"https:\/\/www.w3.org\/Translations\/WCAG20-sv\/\">Riktlinjer f\u00f6r tillg\u00e4ngligt webbinneh\u00e5ll 2.0 (WCAG 2.0)<\/a>, som har utarbetats av World Wide Web Consortium (W3C), \u00e4r den mest anv\u00e4nda tillg\u00e4nglighetsanvisningen, och utg\u00f6r ofta ocks\u00e5 en grund f\u00f6r lagstiftningen.<\/p>\n<p>Vid planeringen, utvecklingen och utv\u00e4rderingen av webbplatser \u00e4r det sk\u00e4l att ut\u00f6ver den tekniska tillg\u00e4ngligheten ocks\u00e5 utv\u00e4rdera anv\u00e4ndbarheten. N\u00e4r man planerar anv\u00e4ndbarheten ska man ocks\u00e5 beakta personer med olika former av skador och funktionsneds\u00e4ttningar.<\/p>\n<h3>Mer om temat<\/h3>\n<p><a href=\"https:\/\/papunet.net\/saavutettavuus\/pa-svenska\/varfor-tillganglig\/vad-ar-anvandbarhet\/\">Vad \u00e4r anv\u00e4ndbarhet?<\/a><\/p>\n<p>\u00a0<\/p>\n\n","protected":false},"excerpt":{"rendered":"<p>En tillg\u00e4nglig tj\u00e4nst eller produkt \u00e4r en s\u00e5dan som alla har m\u00f6jlighet att anv\u00e4nda p\u00e5 ett j\u00e4mlikt s\u00e4tt, oberoende av olika former av skador eller funktionsneds\u00e4ttningar. N\u00e4tbankssidor \u00e4r exempelvis tillg\u00e4ngliga d\u00e5 alla m\u00e4nniskor kan anv\u00e4nda n\u00e4tbanker, [&hellip;]<span class=\"moretag\">L\u00e4s mer \u2026<\/span><\/p>\n","protected":false},"author":1,"featured_media":68,"parent":9,"menu_order":1,"comment_status":"closed","ping_status":"closed","template":"","meta":{"_acf_changed":false,"footnotes":""},"class_list":["post-66","page","type-page","status-publish","has-post-thumbnail","hentry"],"acf":[],"_links":{"self":[{"href":"https:\/\/papunet.net\/saavutettavuus\/pa-svenska\/wp-json\/wp\/v2\/pages\/66","targetHints":{"allow":["GET"]}}],"collection":[{"href":"https:\/\/papunet.net\/saavutettavuus\/pa-svenska\/wp-json\/wp\/v2\/pages"}],"about":[{"href":"https:\/\/papunet.net\/saavutettavuus\/pa-svenska\/wp-json\/wp\/v2\/types\/page"}],"author":[{"embeddable":true,"href":"https:\/\/papunet.net\/saavutettavuus\/pa-svenska\/wp-json\/wp\/v2\/users\/1"}],"replies":[{"embeddable":true,"href":"https:\/\/papunet.net\/saavutettavuus\/pa-svenska\/wp-json\/wp\/v2\/comments?post=66"}],"version-history":[{"count":0,"href":"https:\/\/papunet.net\/saavutettavuus\/pa-svenska\/wp-json\/wp\/v2\/pages\/66\/revisions"}],"up":[{"embeddable":true,"href":"https:\/\/papunet.net\/saavutettavuus\/pa-svenska\/wp-json\/wp\/v2\/pages\/9"}],"wp:featuredmedia":[{"embeddable":true,"href":"https:\/\/papunet.net\/saavutettavuus\/pa-svenska\/wp-json\/wp\/v2\/media\/68"}],"wp:attachment":[{"href":"https:\/\/papunet.net\/saavutettavuus\/pa-svenska\/wp-json\/wp\/v2\/media?parent=66"}],"curies":[{"name":"wp","href":"https:\/\/api.w.org\/{rel}","templated":true}]}}